{"id":1038,"date":"2010-03-28T23:41:03","date_gmt":"2010-03-28T22:41:03","guid":{"rendered":"http:\/\/electromagnetic-universe-by-nnrozanov.org\/wp\/?page_id=1038"},"modified":"2025-09-26T11:20:31","modified_gmt":"2025-09-26T10:20:31","slug":"20-%d0%bf%d1%80%d0%b8%d0%bb%d0%be%d0%b6%d0%b5%d0%bd%d0%b8%d0%b5-1","status":"publish","type":"page","link":"https:\/\/electromagnetic-universe-by-rozanov.space\/U_E_de_R\/?page_id=1038","title":{"rendered":"Aplicaci\u00f3n &#8211; 1"},"content":{"rendered":"Numero de visitas - 101848<br\/><div class='epvc-post-count'><span class='epvc-eye'><\/span>  <span class=\"epvc-count\"> 1.016<\/span><span class='epvc-label'> - Visitantes<\/span><\/div><h3 style=\"text-align: right;\">\u00a0<a href=\"https:\/\/electromagnetic-universe-by-rozanov.space\/E_V_R\/?page_id=1038\" target=\"_blank\" rel=\"noopener\"><img loading=\"lazy\" decoding=\"async\" class=\"alignnone size-full wp-image-4638\" src=\"https:\/\/electromagnetic-universe-by-rozanov.space\/U_E_de_R\/wp-content\/uploads\/flag-rus-100-50.jpg\" alt=\"\" width=\"100\" height=\"50\" \/><\/a> \u00a0<img loading=\"lazy\" decoding=\"async\" class=\"alignnone size-full wp-image-4637\" src=\"https:\/\/electromagnetic-universe-by-rozanov.space\/U_E_de_R\/wp-content\/uploads\/flag-eng-100-50.jpg\" alt=\"\" width=\"100\" height=\"50\" \/><\/h3>\n<p><a href=\"https:\/\/electromagnetic-universe-by-rozanov.space\/U_E_de_R\/wp-content\/uploads\/Anexo-1-1.jpg\"><img loading=\"lazy\" decoding=\"async\" class=\"size-full wp-image-4385 aligncenter\" src=\"https:\/\/electromagnetic-universe-by-rozanov.space\/U_E_de_R\/wp-content\/uploads\/Anexo-1-1.jpg\" alt=\"\" width=\"414\" height=\"639\" srcset=\"https:\/\/electromagnetic-universe-by-rozanov.space\/U_E_de_R\/wp-content\/uploads\/Anexo-1-1.jpg 414w, https:\/\/electromagnetic-universe-by-rozanov.space\/U_E_de_R\/wp-content\/uploads\/Anexo-1-1-194x300.jpg 194w, https:\/\/electromagnetic-universe-by-rozanov.space\/U_E_de_R\/wp-content\/uploads\/Anexo-1-1-97x150.jpg 97w\" sizes=\"auto, (max-width: 414px) 100vw, 414px\" \/><\/a><\/p>\n<p>&nbsp;<\/p>\n<ol data-start=\"34\" data-end=\"738\" data-is-last-node=\"\" data-is-only-node=\"\">\n<li data-start=\"34\" data-end=\"159\">\n<p style=\"text-align: justify;\" data-start=\"37\" data-end=\"159\"><span style=\"font-family: book antiqua, palatino, serif; font-size: 20px;\">Distribuci\u00f3n de la densidad de carga del prot\u00f3n seg\u00fan los resultados de la dispersi\u00f3n de electrones r\u00e1pidos en protones.<\/span><\/p>\n<\/li>\n<li style=\"text-align: justify;\" data-start=\"161\" data-end=\"244\">\n<p data-start=\"164\" data-end=\"244\"><span style=\"font-family: book antiqua, palatino, serif; font-size: 20px;\">Parte de la carga del prot\u00f3n que genera la fuerza centr\u00edpeta para el electr\u00f3n.<\/span><\/p>\n<\/li>\n<li style=\"text-align: justify;\" data-start=\"246\" data-end=\"374\">\n<p data-start=\"249\" data-end=\"374\"><span style=\"font-family: book antiqua, palatino, serif; font-size: 20px;\">Distribuci\u00f3n de la densidad de carga del neutr\u00f3n seg\u00fan los resultados de la dispersi\u00f3n de electrones r\u00e1pidos en deuterones.<\/span><\/p>\n<\/li>\n<li style=\"text-align: justify;\" data-start=\"376\" data-end=\"462\">\n<p data-start=\"379\" data-end=\"462\"><span style=\"font-family: book antiqua, palatino, serif; font-size: 20px;\">Parte de la carga del prot\u00f3n que no genera la fuerza centr\u00edfuga para el electr\u00f3n.<\/span><\/p>\n<\/li>\n<li style=\"text-align: justify;\" data-start=\"464\" data-end=\"540\">\n<p data-start=\"467\" data-end=\"540\"><span style=\"font-family: book antiqua, palatino, serif; font-size: 20px;\"><span style=\"font-size: 24px;\"><strong><em>1\/r<\/em><\/strong><\/span>\u00a0\u2014 onda estacionaria del campo propio del prot\u00f3n <em>((44) p\u00e1g. 28)<\/em>.<\/span><\/p>\n<\/li>\n<li style=\"text-align: justify;\" data-start=\"542\" data-end=\"577\">\n<p data-start=\"545\" data-end=\"577\"><span style=\"font-family: book antiqua, palatino, serif; font-size: 20px;\">N\u00facleo del electr\u00f3n (partino).<\/span><\/p>\n<\/li>\n<li style=\"text-align: justify;\" data-start=\"579\" data-end=\"657\">\n<p data-start=\"582\" data-end=\"657\"><span style=\"font-family: book antiqua, palatino, serif; font-size: 20px;\"><span style=\"font-size: 24px;\"><strong><em>1\/r<\/em><\/strong>\u00a0<\/span>\u2014 onda estacionaria del campo propio del electr\u00f3n <em>((44) p\u00e1g. 28)<\/em>.<\/span><\/p>\n<\/li>\n<li data-start=\"659\" data-end=\"738\" data-is-last-node=\"\">\n<p style=\"text-align: justify;\" data-start=\"662\" data-end=\"738\" data-is-last-node=\"\"><span style=\"font-family: book antiqua, palatino, serif; font-size: 20px;\">Distribuci\u00f3n de la carga del electr\u00f3n dentro del prot\u00f3n de las curvas <strong>1+2<\/strong>.<\/span><\/p>\n<\/li>\n<\/ol>\n<hr \/>\n<ul>\n<li style=\"text-align: justify;\"><span style=\"font-family: book antiqua, palatino, serif; font-size: 20px; color: #ff0000;\"><em>Dejar el comentario \u2013 no hace falta registro.<\/em><\/span><\/li>\n<li style=\"text-align: justify;\"><span style=\"font-family: book antiqua, palatino, serif; font-size: 20px; color: #ff0000;\"><em>Para <span class=\"st\">insertar<\/span> la ecuaci\u00f3n en los comentarios\u2013 utilizar el sistema \u00ab<a style=\"color: #ff0000;\" href=\"https:\/\/www.codecogs.com\/latex\/eqneditor.php\" target=\"_blank\" rel=\"noopener\">L\u00c1TEX<\/a>\u00ab. La f\u00f3rmula se abre con la palabra \u2013 katex [entre] y se cierra \u2013 katex [\/entre].<\/em><\/span><\/li>\n<li style=\"text-align: justify;\"><span style=\"font-family: book antiqua, palatino, serif; font-size: 20px; color: #ff0000;\"><em>Comentarios con enlaces \u2013 entraran en el correo no deseado, para verificar el contenido.<\/em><\/span><\/li>\n<\/ul>\n","protected":false},"excerpt":{"rendered":"<p>Numero de visitas &#8211; 101848 1.016 &#8211; Visitantes\u00a0 \u00a0 &nbsp; Distribuci\u00f3n de la densidad de carga del prot\u00f3n seg\u00fan los resultados de la dispersi\u00f3n de electrones r\u00e1pidos en protones. Parte de la carga del prot\u00f3n que genera la fuerza centr\u00edpeta para el electr\u00f3n. Distribuci\u00f3n de la densidad de carga del\u2026 <a class=\"continue-reading-link\" href=\"https:\/\/electromagnetic-universe-by-rozanov.space\/U_E_de_R\/?page_id=1038\">Continuar<\/a><\/p>\n","protected":false},"author":1,"featured_media":0,"parent":0,"menu_order":12,"comment_status":"open","ping_status":"open","template":"","meta":{"iawp_total_views":7,"footnotes":""},"class_list":["post-1038","page","type-page","status-publish","hentry"],"_links":{"self":[{"href":"https:\/\/electromagnetic-universe-by-rozanov.space\/U_E_de_R\/index.php?rest_route=\/wp\/v2\/pages\/1038","targetHints":{"allow":["GET"]}}],"collection":[{"href":"https:\/\/electromagnetic-universe-by-rozanov.space\/U_E_de_R\/index.php?rest_route=\/wp\/v2\/pages"}],"about":[{"href":"https:\/\/electromagnetic-universe-by-rozanov.space\/U_E_de_R\/index.php?rest_route=\/wp\/v2\/types\/page"}],"author":[{"embeddable":true,"href":"https:\/\/electromagnetic-universe-by-rozanov.space\/U_E_de_R\/index.php?rest_route=\/wp\/v2\/users\/1"}],"replies":[{"embeddable":true,"href":"https:\/\/electromagnetic-universe-by-rozanov.space\/U_E_de_R\/index.php?rest_route=%2Fwp%2Fv2%2Fcomments&post=1038"}],"version-history":[{"count":7,"href":"https:\/\/electromagnetic-universe-by-rozanov.space\/U_E_de_R\/index.php?rest_route=\/wp\/v2\/pages\/1038\/revisions"}],"predecessor-version":[{"id":5132,"href":"https:\/\/electromagnetic-universe-by-rozanov.space\/U_E_de_R\/index.php?rest_route=\/wp\/v2\/pages\/1038\/revisions\/5132"}],"wp:attachment":[{"href":"https:\/\/electromagnetic-universe-by-rozanov.space\/U_E_de_R\/index.php?rest_route=%2Fwp%2Fv2%2Fmedia&parent=1038"}],"curies":[{"name":"wp","href":"https:\/\/api.w.org\/{rel}","templated":true}]}}