{"id":1266,"date":"2010-04-10T17:53:44","date_gmt":"2010-04-10T16:53:44","guid":{"rendered":"http:\/\/electromagnetic-universe-by-nnrozanov.org\/wp\/?page_id=1266"},"modified":"2017-12-08T22:45:40","modified_gmt":"2017-12-08T21:45:40","slug":"2-%d0%b8%d1%81%d1%82%d0%be%d1%87%d0%bd%d0%b8%d0%ba%d0%b8","status":"publish","type":"page","link":"https:\/\/electromagnetic-universe-by-rozanov.space\/U_E_de_R\/?page_id=1266","title":{"rendered":"Fuentes"},"content":{"rendered":"Numero de visitas - 14645<br\/><div class='epvc-post-count'><span class='epvc-eye'><\/span>  <span class=\"epvc-count\"> 402<\/span><span class='epvc-label'> - Visitantes<\/span><\/div><div><span style=\"line-height: normal; font-style: normal; font-family: Times New Roman, Times, serif; letter-spacing: normal; color: #000000; font-size: 18px;\">\u00a0<\/span>1. \u201cLa estructura fundamental de la materia\u201d, Mosc\u00fa \u201cMIR\u201d, 1984 a.<\/div>\n<p style=\"line-height: normal; font-style: normal; font-family: Times New Roman, Times, serif; letter-spacing: normal; font-size: 18px;\">2. \u201cLos inicios matem\u00e1ticos de la filosof\u00eda natural\u201d, I. Newton, Mosc\u00fa \u201cNauka\u201d,1989 a.<\/p>\n<p style=\"line-height: normal; font-style: normal; font-family: Times New Roman, Times, serif; letter-spacing: normal; font-size: 18px;\">3. \u201cLa teor\u00eda del vac\u00edo f\u00edsico\u201d, G.I. Shipov,\u00a0 Mosc\u00fa \u201cNauta\u201d, 1997 a.<\/p>\n<p style=\"text-align: justify; line-height: normal; font-style: normal; font-family: Times New Roman, Times, serif; letter-spacing: normal; font-size: 18px;\">4. \u201cEl modelo de polarizaci\u00f3n del vac\u00edo heterog\u00e9neo f\u00edsico\u201d, V.L. Diatlov, Novosibirsk,\u00a0 Editorial del Instituto de las Matem\u00e1ticas, 1998 a.<\/p>\n<p style=\"line-height: normal; font-style: normal; font-family: Times New Roman, Times, serif; letter-spacing: normal; font-size: 18px;\">5. \u201cAstrof\u00edsica, cuantos y la Teor\u00eda de la relatividad\u201d, Mosc\u00fa \u201cMIR\u201d, 1982 a.<\/p>\n<p style=\"text-align: justify; line-height: normal; font-style: normal; font-family: Times New Roman, Times, serif; letter-spacing: normal; font-size: 18px;\">6. \u201cLa F\u00edsica de la conciencia y de la vida, la cosmolog\u00eda y la astrof\u00edsica\u201d, revista \u00a0\u00a0\u21161, 2003.<\/p>\n<p style=\"text-align: justify; line-height: normal; font-style: normal; font-family: Times New Roman, Times, serif; font-size: 18px;\">7. \u201cEl Aspecto de la F\u00edsica y de los tecnolog\u00edas en el principio del siglo XXI\u201d, \u0410.\u0415.\u0410\u043aimov, \u00a0Mosc\u00fa Shark\u201d,1999a.<\/p>\n<p style=\"line-height: normal; font-style: normal; font-family: Times New Roman, Times, serif; letter-spacing: normal; font-size: 18px;\">8. \u201cEl Pensamiento f\u00edsico de la Rusia\u201d, la revista \u00a0\u21163, 2000 a., las cartas al FMR.<\/p>\n<p style=\"line-height: normal; font-style: normal; font-family: Times New Roman, Times, serif; letter-spacing: normal; font-size: 18px;\">9. \u201cPensamiento f\u00edsico de la Rusia\u201d, revista \u21161, 2001 a., las cartas al FMR.<\/p>\n<p style=\"line-height: normal; font-style: normal; font-family: Times New Roman, Times, serif; letter-spacing: normal; font-size: 18px;\">10. \u201cLos Mundos y Antimundos\u201d, G. Alven, Mosc\u00fa \u201cMIR\u201d, 1968 a.<\/p>\n<p style=\"line-height: normal; font-style: normal; font-family: Times New Roman, Times, serif; letter-spacing: normal; font-size: 18px;\">11. \u201cManual \u2013 enciclopedia de f\u00edsica\u201d, Mosc\u00fa \u201cSovetskaia Enciclopedia\u201d, 1984 a.<\/p>\n<p style=\"line-height: normal; font-style: normal; font-family: Times New Roman, Times, serif; letter-spacing: normal; font-size: 18px;\">12. \u201cLas perspectivas de la F\u00edsica cu\u00e1ntica\u201d, Kiev \u201cNaukova dumka\u201d, 1982 a.<\/p>\n<p style=\"line-height: normal; font-style: normal; font-family: Times New Roman, Times, serif; letter-spacing: normal; font-size: 18px;\">13. \u201cF\u00edsica cu\u00e1ntica\u201d, E. Vikhman, BKF tomo IV, Mosc\u00fa \u201cNauka\u201d, 1977 a.<\/p>\n<p style=\"line-height: normal; font-style: normal; font-family: Times New Roman, Times, serif; letter-spacing: normal; font-size: 18px;\">14. \u201cLa F\u00edsica de la conciencia y de la vida, la cosmolog\u00eda y la astrof\u00edsica\u201d, la revista \u00a0\u21163, 2002<\/p>\n<p style=\"line-height: normal; font-style: normal; font-family: Times New Roman, Times, serif; letter-spacing: normal; font-size: 18px;\">15. \u201cNeutr\u00f3n\u201d, Para el quincuagenario del descubrimiento, Mosc\u00fa \u201cNauka\u201d, 1983 a.<\/p>\n<p style=\"line-height: normal; font-style: normal; font-family: Times New Roman, Times, serif; letter-spacing: normal; font-size: 18px;\">16. \u201cF\u00edsica de cosmos\u201d, Mosc\u00fa \u201cSovetskaia Enciclopedia\u201d, 1986 a.<\/p>\n<p style=\"line-height: normal; font-style: normal; font-family: Times New Roman, Times, serif; letter-spacing: normal; font-size: 18px;\">17. \u201cElectricidad y magnetismo\u201d, E. Parsell, BKF tomo, Mosc\u00fa \u201cNauka\u201d, 1975 a.<\/p>\n<p style=\"text-align: justify; line-height: normal; font-style: normal; font-family: Times New Roman, Times, serif; letter-spacing: normal; font-size: 18px;\">18. Anuncio al Comit\u00e9 Estatal de los Descubrimientos de la URSS del descubrimiento \u00a0\u2013 \u201cFen\u00f3meno de la antigravitaci\u00f3n durante de la interacci\u00f3n sin contacto de la sustancia con la antisustancia\u201d, \u211632-de-11190 de 23.01.87 a., N. Rozanov, V. Barashev, S. Savonevski.<\/p>\n<p style=\"text-align: justify; line-height: normal; font-style: normal; font-family: Times New Roman, Times, serif; letter-spacing: normal; font-size: 18px;\">19. \u201cLos par\u00e1metros de los \u00e1tomos y de los iones de los \u00e1tomos\u201d, A.A. Radtcih, B.M. Smirnov, Manual, Mosc\u00fa \u201cEnergo\u00e1tom izdat\u201d, 1986 a.<\/p>\n<p style=\"text-align: justify; line-height: normal; font-style: normal; font-family: Times New Roman, Times, serif; letter-spacing: normal; font-size: 18px;\">20. \u201cEl \u00c1tomo del hidr\u00f3geno- es m\u00e1s simple de los \u00e1tomos\u201d, La continuaci\u00f3n de la teor\u00eda de Nils Bor: La primera parte\u00a0 &#8211; Minsk, 1997 a., La segunda parte &#8211; Mosc\u00fa, 1998 a., La tercera parte &#8211; Mosc\u00fa, 2000 a.<\/p>\n<p style=\"line-height: normal; font-style: normal; font-family: Times New Roman, Times, serif; letter-spacing: normal; font-size: 18px;\">21. \u201cMec\u00e1nica\u201d, Ch. Kittel, U. Hait, M. Ruderman, BKF tomo I, Mosc\u00fa \u201cNauka\u201d, 1975 a.<\/p>\n<p style=\"text-align: justify; line-height: normal; font-style: normal; font-family: Times New Roman, Times, serif; letter-spacing: normal; font-size: 18px;\">22. \u201cLas Leyes fundamentales de la mec\u00e1nica\u201d, I.E- Irodov, Segunda Edici\u00f3n \u2013 elaborada, Mosc\u00fa Vishaia shkola\u201d, 1978 a.<\/p>\n<p style=\"text-align: justify; line-height: normal; font-style: normal; font-family: Times New Roman, Times, serif; letter-spacing: normal; font-size: 18px;\">23. \u201cLas masas de los \u00e1tomos y la energ\u00eda de enlace de los n\u00facleos\u201d, V.A. Kravtcov, Segunda Edici\u00f3n &#8211;\u00a0 elaborada, Mosc\u00fa \u201cAtomizdat\u201d, 1974 a.<\/p>\n<hr style=\"text-align: justify;\" \/>\n<p><span style=\"line-height: normal; font-style: normal; font-family: Times New Roman, Times, serif; letter-spacing: normal; color: #ff0000; font-size: 18px;\">1.\u00a0Para dejar un comentario &#8211; registro no es necesario .<\/span><\/p>\n<p style=\"text-align: justify;\"><span style=\"line-height: normal; font-style: normal; font-family: Times New Roman, Times, serif; letter-spacing: normal; color: #ff0000; font-size: 18px;\">2.\u00a0<\/span><span style=\"line-height: normal; font-style: normal; font-family: Times New Roman, Times, serif; letter-spacing: normal; color: #ff0000; font-size: 18px;\">Creaci\u00f3n de ecuaciones en el sistema \u00abLATEX\u00bb. La f\u00f3rmula se abre y se cierra la combinaci\u00f3n de marcas que consistan de &#8211; $$ -, la ecuaci\u00f3n se escribe sin una brecha entre los n\u00fameros y los signos.<\/span><\/p>\n<p style=\"text-align: justify;\"><span style=\"line-height: normal; font-style: normal; font-family: Times New Roman, Times, serif; letter-spacing: normal; color: #ff0000; font-size: 18px;\">3.\u00a0Comentarios con enlaces &#8211; entran en el correo no deseado para verificar.<\/span><\/p>\n","protected":false},"excerpt":{"rendered":"<p>Numero de visitas &#8211; 14645 402 &#8211; Visitantes\u00a01. \u201cLa estructura fundamental de la materia\u201d, Mosc\u00fa \u201cMIR\u201d, 1984 a. 2. \u201cLos inicios matem\u00e1ticos de la filosof\u00eda natural\u201d, I. Newton, Mosc\u00fa \u201cNauka\u201d,1989 a. 3. \u201cLa teor\u00eda del vac\u00edo f\u00edsico\u201d, G.I. Shipov,\u00a0 Mosc\u00fa \u201cNauta\u201d, 1997 a. 4. \u201cEl modelo de polarizaci\u00f3n del vac\u00edo\u2026 <a class=\"continue-reading-link\" href=\"https:\/\/electromagnetic-universe-by-rozanov.space\/U_E_de_R\/?page_id=1266\">Continuar<\/a><\/p>\n","protected":false},"author":1,"featured_media":0,"parent":138,"menu_order":10,"comment_status":"open","ping_status":"open","template":"","meta":{"iawp_total_views":0,"footnotes":""},"class_list":["post-1266","page","type-page","status-publish","hentry"],"_links":{"self":[{"href":"https:\/\/electromagnetic-universe-by-rozanov.space\/U_E_de_R\/index.php?rest_route=\/wp\/v2\/pages\/1266","targetHints":{"allow":["GET"]}}],"collection":[{"href":"https:\/\/electromagnetic-universe-by-rozanov.space\/U_E_de_R\/index.php?rest_route=\/wp\/v2\/pages"}],"about":[{"href":"https:\/\/electromagnetic-universe-by-rozanov.space\/U_E_de_R\/index.php?rest_route=\/wp\/v2\/types\/page"}],"author":[{"embeddable":true,"href":"https:\/\/electromagnetic-universe-by-rozanov.space\/U_E_de_R\/index.php?rest_route=\/wp\/v2\/users\/1"}],"replies":[{"embeddable":true,"href":"https:\/\/electromagnetic-universe-by-rozanov.space\/U_E_de_R\/index.php?rest_route=%2Fwp%2Fv2%2Fcomments&post=1266"}],"version-history":[{"count":0,"href":"https:\/\/electromagnetic-universe-by-rozanov.space\/U_E_de_R\/index.php?rest_route=\/wp\/v2\/pages\/1266\/revisions"}],"up":[{"embeddable":true,"href":"https:\/\/electromagnetic-universe-by-rozanov.space\/U_E_de_R\/index.php?rest_route=\/wp\/v2\/pages\/138"}],"wp:attachment":[{"href":"https:\/\/electromagnetic-universe-by-rozanov.space\/U_E_de_R\/index.php?rest_route=%2Fwp%2Fv2%2Fmedia&parent=1266"}],"curies":[{"name":"wp","href":"https:\/\/api.w.org\/{rel}","templated":true}]}}