{"id":151,"date":"2009-09-12T08:46:31","date_gmt":"2009-09-12T07:46:31","guid":{"rendered":"http:\/\/electromagnetic-universe-by-nnrozanov.org\/wp\/?page_id=151"},"modified":"2025-09-30T10:17:41","modified_gmt":"2025-09-30T09:17:41","slug":"tezis-black-holes","status":"publish","type":"page","link":"https:\/\/electromagnetic-universe-by-rozanov.space\/U_E_de_R\/?page_id=151","title":{"rendered":"Las tesis sobre los \u00abagujeros negros\u00bb"},"content":{"rendered":"Numero de visitas - 8366<br\/><div class='epvc-post-count'><span class='epvc-eye'><\/span>  <span class=\"epvc-count\"> 1.218<\/span><span class='epvc-label'> - Visitantes<\/span><\/div><p style=\"text-align: right;\"><a href=\"https:\/\/electromagnetic-universe-by-rozanov.space\/E_V_R\/?page_id=151\" target=\"_blank\" rel=\"noopener\"><img loading=\"lazy\" decoding=\"async\" class=\"alignnone size-full wp-image-4638\" src=\"https:\/\/electromagnetic-universe-by-rozanov.space\/U_E_de_R\/wp-content\/uploads\/flag-rus-100-50.jpg\" alt=\"\" width=\"100\" height=\"50\" \/><\/a> \u00a0<img loading=\"lazy\" decoding=\"async\" class=\"alignnone size-full wp-image-4637\" src=\"https:\/\/electromagnetic-universe-by-rozanov.space\/U_E_de_R\/wp-content\/uploads\/flag-eng-100-50.jpg\" alt=\"\" width=\"100\" height=\"50\" \/><\/p>\n<h3><strong><img loading=\"lazy\" decoding=\"async\" class=\"aligncenter\" title=\"copyright_1.gif\" src=\"https:\/\/copyright.ru\/images\/TMCIMG\/copyright_1.gif\" alt=\"copyright_1.gif\" width=\"88\" height=\"31\" \/><\/strong><\/h3>\n<p style=\"text-align: right;\"><span style=\"font-family: book antiqua, palatino, serif; font-size: 24px;\"><strong> \u00a9 2009<\/strong><\/span><\/p>\n<p><span style=\"font-family: book antiqua, palatino, serif; font-size: 24px;\"><strong><em>El Autor &#8211; <\/em><\/strong><\/span><a href=\"https:\/\/electromagnetic-universe-by-rozanov.space\/U_E_de_R\/?page_id=3\" target=\"_blank\" rel=\"noopener\"><em><strong><span style=\"font-family: book antiqua, palatino, serif; font-size: 24px;\">Roz\u00e1nov Nicol\u00e1i Nicol\u00e1evich\u00a0<\/span><\/strong><\/em><\/a><\/p>\n<ul>\n<li style=\"text-align: justify; line-height: normal; font-style: normal; font-family: Times New Roman, Times, serif; letter-spacing: normal; font-size: 18px;\"><span style=\"font-family: book antiqua, palatino, serif; font-size: 20px;\">La mayor densidad la poseen las estrellas de neutrones, alcanzando:<\/span><\/li>\n<\/ul>\n<p style=\"text-align: center; line-height: normal; font-style: normal; font-family: Courier New, Courier, mono; letter-spacing: normal; font-size: 24px;\"><span style=\"font-family: book antiqua, palatino, serif; font-size: 28px;\"><em><span style=\"font-size: 36px;\"><strong> <a href=\"https:\/\/electromagnetic-universe-by-rozanov.space\/U_E_de_R\/wp-content\/uploads\/02-172-172.png\"><img loading=\"lazy\" decoding=\"async\" class=\"size-full wp-image-5212 alignleft\" src=\"https:\/\/electromagnetic-universe-by-rozanov.space\/U_E_de_R\/wp-content\/uploads\/02-172-172.png\" alt=\"\" width=\"172\" height=\"172\" srcset=\"https:\/\/electromagnetic-universe-by-rozanov.space\/U_E_de_R\/wp-content\/uploads\/02-172-172.png 172w, https:\/\/electromagnetic-universe-by-rozanov.space\/U_E_de_R\/wp-content\/uploads\/02-172-172-150x150.png 150w\" sizes=\"auto, (max-width: 172px) 100vw, 172px\" \/><\/a>\u0420<\/strong><\/span><sub>(n) <\/sub><\/em><strong>\u2248 2,8 \u00d7 10<sup>14<\/sup><\/strong><sub><em>(g\/sm<sup>3<\/sup><\/em><em>)<\/em><\/sub><strong>,<\/strong><\/span><\/p>\n<p style=\"text-align: left; line-height: normal; font-style: normal; font-family: Times New Roman, Times, serif; letter-spacing: normal; font-size: 18px;\"><span style=\"font-family: book antiqua, palatino, serif; font-size: 20px;\">con un coeficiente gravitacional:<\/span><\/p>\n<p style=\"text-align: center; line-height: normal; font-style: normal; font-family: Courier New, Courier, mono; letter-spacing: normal; font-size: 24px;\"><span style=\"font-family: book antiqua, palatino, serif; font-size: 28px;\"><em><span style=\"font-size: 36px;\"><strong>G<\/strong><\/span><sub>(n) <\/sub><\/em><strong>=<\/strong> <strong>12,8812 \u00d7\u00ad 10<sup>-11<\/sup><\/strong><em><sub>(N\u2219m<sup>2<\/sup>\/kg<sup>2<\/sup>)<\/sub><\/em>.<\/span><\/p>\n<ul>\n<li style=\"line-height: normal; font-style: normal; font-family: Times New Roman, Times, serif; letter-spacing: normal; font-size: 18px; text-align: justify;\"><span style=\"font-family: book antiqua, palatino, serif; font-size: 20px;\">Cuando en el n\u00facleo de cualquier estrella la presi\u00f3n se vuelve a\u00fan mayor y los protones se acercan a una distancia de <em><span style=\"font-size: 24px;\"><strong>1,4\u03c6<\/strong><\/span><\/em> o menos, los electrones dejan de girar alrededor de los protones. En este caso desaparece la componente magn\u00e9tica de la d\u00edada:<\/span><\/li>\n<\/ul>\n<p style=\"text-align: center; line-height: normal; font-style: normal; font-family: Courier New, Courier, mono; letter-spacing: normal; font-size: 24px;\"><span style=\"font-family: book antiqua, palatino, serif; font-size: 28px;\"><strong>\u2206|q|\u2248|1 \u00f7 2 \u00d7 10<sup>-37<\/sup>|<\/strong><em><sub>(cl)<\/sub><\/em><sub>,<\/sub><\/span><\/p>\n<p style=\"text-align: justify;\"><span style=\"font-family: book antiqua, palatino, serif; font-size: 20px;\">y, en consecuencia, tambi\u00e9n el campo gravitacional o electrodin\u00e1mico del n\u00facleo estelar. <em>(Ap\u00e9ndice-1 y 2)<\/em>.<\/span><\/p>\n<ul>\n<li style=\"text-align: justify;\"><span style=\"font-family: book antiqua, palatino, serif; font-size: 20px;\">El campo el\u00e9ctrico del \u00abneutronio\u00bb, debido a la igualdad en el n\u00famero de protones y electrones, queda compensado.<\/span><\/li>\n<li style=\"text-align: left; line-height: normal; font-style: normal; font-family: Times New Roman, Times, serif; letter-spacing: normal; font-size: 18px;\"><span style=\"font-family: book antiqua, palatino, serif; font-size: 20px;\">La densidad de tal estado alcanza:<\/span><\/li>\n<\/ul>\n<p style=\"text-align: center; line-height: normal; font-style: normal; font-family: Courier New, Courier, mono; letter-spacing: normal; font-size: 24px;\"><span style=\"font-family: book antiqua, palatino, serif; font-size: 28px;\"><em><span style=\"font-size: 36px;\"><strong>\u0420<\/strong><\/span><sub>(n) <\/sub><\/em><strong>= 10<sup>15 <\/sup>\u00f7 10<sup>16<\/sup><\/strong><em><sub>(gr.\/sm<sup>3<\/sup>)<\/sub><\/em>.<\/span><\/p>\n<p><span style=\"font-family: book antiqua, palatino, serif; font-size: 20px;\">Este estado se denomina \u00ab<a href=\"https:\/\/es.wikipedia.org\/wiki\/L%C3%ADmite_de_Chandrasekhar\" target=\"_blank\" rel=\"noopener\">l\u00edmite de <strong>Chandrasekhar<\/strong><\/a>\u00bb <em>(16)<\/em>.<\/span><\/p>\n<blockquote>\n<p style=\"text-align: justify;\"><span style=\"font-family: book antiqua, palatino, serif; font-size: 20px;\">\u00ab<strong>Chandrasekhar Subrahmanyan<\/strong> en 1930 demostr\u00f3 que, como consecuencia de la fuerte compresi\u00f3n en los n\u00facleos de las <strong>\u201cenanas blancas\u201d<\/strong>, los electrones forman un \u201csistema degenerado\u201d, es decir, una restricci\u00f3n del movimiento\u00bb. (!)<\/span><br data-start=\"1142\" data-end=\"1145\" \/><span style=\"font-family: book antiqua, palatino, serif; font-size: 20px;\"><em>(\u00abQu\u00e1sares\u00bb, E. Ya. Vilkovski, Mosc\u00fa, \u00abNauka\u00bb, 1985)<\/em>.<\/span><\/p>\n<\/blockquote>\n<ul>\n<li style=\"text-align: justify;\"><span style=\"font-family: book antiqua, palatino, serif; font-size: 20px;\">Por lo tanto, tal estado l\u00f3gicamente puede llamarse <em><strong>\u00ababsolutamente neutral tanto el\u00e9ctrica como gravitacionalmente\u00bb<\/strong><\/em>, y tal \u00abengendro del infierno\u00bb, que devora cualquier materia e incluso la luz, llamado <strong>\u00abagujero negro\u00bb<\/strong>, \u00a1no deber\u00eda tener lugar en la Naturaleza! Lo mismo que la singularidad.<\/span><br data-start=\"1496\" data-end=\"1499\" \/><span style=\"font-family: book antiqua, palatino, serif; font-size: 20px;\">\u00a1Gloria al Todopoderoso Creador! Am\u00e9n.<\/span><\/li>\n<\/ul>\n<hr style=\"text-align: justify;\" \/>\n<ul>\n<li style=\"text-align: justify;\"><span style=\"font-family: book antiqua, palatino, serif; font-size: 20px; color: #ff0000;\"><em>Dejar el comentario \u2013 no hace falta registro.<\/em><\/span><\/li>\n<li style=\"text-align: justify;\"><span style=\"font-family: book antiqua, palatino, serif; font-size: 20px; color: #ff0000;\"><em>Para <span class=\"st\">insertar<\/span> la ecuaci\u00f3n en los comentarios\u2013 utilizar el sistema \u00ab<a style=\"color: #ff0000;\" href=\"https:\/\/www.codecogs.com\/latex\/eqneditor.php\" target=\"_blank\" rel=\"noopener\">LATEX<\/a>\u00ab. La f\u00f3rmula se abre con la palabra \u2013 katex [entre] y se cierra \u2013 \/katex [\/entre].<\/em><\/span><\/li>\n<li style=\"text-align: justify;\"><span style=\"font-family: book antiqua, palatino, serif; font-size: 20px; color: #ff0000;\"><em>Comentarios con enlaces \u2013 entraran en el correo no deseado, para verificar el contenido.<\/em><\/span><\/li>\n<\/ul>\n","protected":false},"excerpt":{"rendered":"<p>Numero de visitas &#8211; 8366 1.218 &#8211; Visitantes \u00a0 \u00a9 2009 El Autor &#8211; Roz\u00e1nov Nicol\u00e1i Nicol\u00e1evich\u00a0 La mayor densidad la poseen las estrellas de neutrones, alcanzando: \u0420(n) \u2248 2,8 \u00d7 1014(g\/sm3), con un coeficiente gravitacional: G(n) = 12,8812 \u00d7\u00ad 10-11(N\u2219m2\/kg2). Cuando en el n\u00facleo de cualquier estrella la presi\u00f3n\u2026 <a class=\"continue-reading-link\" href=\"https:\/\/electromagnetic-universe-by-rozanov.space\/U_E_de_R\/?page_id=151\">Continuar<\/a><\/p>\n","protected":false},"author":1,"featured_media":0,"parent":138,"menu_order":7,"comment_status":"open","ping_status":"closed","template":"","meta":{"iawp_total_views":0,"footnotes":""},"class_list":["post-151","page","type-page","status-publish","hentry"],"_links":{"self":[{"href":"https:\/\/electromagnetic-universe-by-rozanov.space\/U_E_de_R\/index.php?rest_route=\/wp\/v2\/pages\/151","targetHints":{"allow":["GET"]}}],"collection":[{"href":"https:\/\/electromagnetic-universe-by-rozanov.space\/U_E_de_R\/index.php?rest_route=\/wp\/v2\/pages"}],"about":[{"href":"https:\/\/electromagnetic-universe-by-rozanov.space\/U_E_de_R\/index.php?rest_route=\/wp\/v2\/types\/page"}],"author":[{"embeddable":true,"href":"https:\/\/electromagnetic-universe-by-rozanov.space\/U_E_de_R\/index.php?rest_route=\/wp\/v2\/users\/1"}],"replies":[{"embeddable":true,"href":"https:\/\/electromagnetic-universe-by-rozanov.space\/U_E_de_R\/index.php?rest_route=%2Fwp%2Fv2%2Fcomments&post=151"}],"version-history":[{"count":7,"href":"https:\/\/electromagnetic-universe-by-rozanov.space\/U_E_de_R\/index.php?rest_route=\/wp\/v2\/pages\/151\/revisions"}],"predecessor-version":[{"id":5214,"href":"https:\/\/electromagnetic-universe-by-rozanov.space\/U_E_de_R\/index.php?rest_route=\/wp\/v2\/pages\/151\/revisions\/5214"}],"up":[{"embeddable":true,"href":"https:\/\/electromagnetic-universe-by-rozanov.space\/U_E_de_R\/index.php?rest_route=\/wp\/v2\/pages\/138"}],"wp:attachment":[{"href":"https:\/\/electromagnetic-universe-by-rozanov.space\/U_E_de_R\/index.php?rest_route=%2Fwp%2Fv2%2Fmedia&parent=151"}],"curies":[{"name":"wp","href":"https:\/\/api.w.org\/{rel}","templated":true}]}}