{"id":155,"date":"2009-09-12T09:33:49","date_gmt":"2009-09-12T08:33:49","guid":{"rendered":"http:\/\/electromagnetic-universe-by-nnrozanov.org\/wp\/?page_id=155"},"modified":"2025-10-02T10:51:44","modified_gmt":"2025-10-02T09:51:44","slug":"%d1%87%d1%82%d0%be-%d1%81%d0%bc%d0%be%d0%b3%d1%83%d1%82-%d0%b8-%d1%87%d1%82%d0%be-%d0%bd%d0%b5-%d1%81%d0%bc%d0%be%d0%b3%d1%83%d1%82-%d0%b4%d0%b5%d1%82%d0%b5%d0%ba%d1%82%d0%b8%d1%80%d0%be%d0%b2%d0%b0","status":"publish","type":"page","link":"https:\/\/electromagnetic-universe-by-rozanov.space\/U_E_de_R\/?page_id=155","title":{"rendered":"Qu\u00e9 podr\u00e1n y qu\u00e9 no podr\u00e1n detectar los f\u00edsicos en el Gran Colisionador de Hadrones"},"content":{"rendered":"Numero de visitas - 103252<br\/><div class='epvc-post-count'><span class='epvc-eye'><\/span>  <span class=\"epvc-count\"> 571<\/span><span class='epvc-label'> - Visitantes<\/span><\/div><p style=\"text-align: right;\"><a href=\"https:\/\/electromagnetic-universe-by-rozanov.space\/E_V_R\/?page_id=155\" target=\"_blank\" rel=\"noopener\"><em><img loading=\"lazy\" decoding=\"async\" class=\"alignnone wp-image-4638 size-full\" src=\"https:\/\/electromagnetic-universe-by-rozanov.space\/U_E_de_R\/wp-content\/uploads\/flag-rus-100-50.jpg\" alt=\"\" width=\"100\" height=\"50\" \/><\/em><\/a><span style=\"font-family: book antiqua, palatino, serif; font-size: 20px;\">\u00a0 <\/span><img loading=\"lazy\" decoding=\"async\" class=\"alignnone size-full wp-image-6088\" src=\"https:\/\/electromagnetic-universe-by-rozanov.space\/E_V_R\/wp-content\/uploads\/flag-eng-100-50.jpg\" alt=\"\" width=\"100\" height=\"50\" \/><\/p>\n<p><strong><img loading=\"lazy\" decoding=\"async\" class=\"aligncenter\" title=\"copyright_1.gif\" src=\"http:\/\/copyright.ru\/images\/TMCIMG\/copyright_1.gif\" alt=\"copyright_1.gif\" width=\"88\" height=\"31\" \/><\/strong><\/p>\n<p style=\"text-align: right;\"><span style=\"font-family: book antiqua, palatino, serif; font-size: 24px;\"><strong><em>\u00a9 2009<\/em><\/strong><\/span><\/p>\n<p style=\"text-align: justify;\"><strong><span style=\"font-family: book antiqua, palatino, serif; font-size: 24px;\"><em>El Autor \u2013 <\/em><\/span><a href=\"https:\/\/electromagnetic-universe-by-rozanov.space\/U_E_de_R\/?page_id=3\" target=\"_blank\" rel=\"noopener\"><em><span style=\"font-family: book antiqua, palatino, serif; font-size: 24px;\">Roz\u00e1nov Nicol\u00e1i Nicol\u00e1evich\u00a0<\/span><\/em><\/a><\/strong><\/p>\n<div>\n<p style=\"text-align: justify;\" data-start=\"48\" data-end=\"592\"><span style=\"font-family: book antiqua, palatino, serif; font-size: 20px;\">Es evidente que en el colisionador, donde la velocidad de las colisiones inel\u00e1sticas de haces de protones en direcciones opuestas alcanza el 99,9999% de la velocidad de la luz, puede enriquecerse considerablemente el \u00abzool\u00f3gico subat\u00f3mico\u00bb con part\u00edculas de vida muy corta y con part\u00edculas estables \u2014 <span class=\"katex-eq\" data-katex-display=\"false\">\\left(\\overset{\\pm}{p}\\right)<\/span>, <span class=\"katex-eq\" data-katex-display=\"false\">\\left(\\overset{\\mp}{e}\\right)<\/span>, <strong><span style=\"font-size: 24px;\">cuantos <em><span style=\"font-size: 32px;\">\u03b3<\/span><\/em><\/span><\/strong> y fotones de todas las frecuencias, as\u00ed como neutrinos-torsiones y sus antineutrinos-torsiones, de los cuales est\u00e1 constituido el Universo.<\/span><\/p>\n<p style=\"text-align: justify;\" data-start=\"594\" data-end=\"1199\"><span style=\"font-family: book antiqua, palatino, serif; font-size: 20px;\">Mi opini\u00f3n personal consiste en que incluso en este experimento \u00fanico no ser\u00e1n detectadas las part\u00edculas necesarias para confirmar <em><strong>\u00abLa m\u00e1s amplia y perfecta de las teor\u00edas ideadas hasta ahora, llamada \u201cSupergravedad N=8&#8243;<\/strong><\/em>. Ella incluye campos fundamentales correspondientes al gravit\u00f3n con esp\u00edn <em><span style=\"font-size: 24px;\"><strong>2<\/strong><\/span><\/em>, <em><span style=\"font-size: 24px;\"><strong>8<\/strong><\/span><\/em> nuevos objetos con <em><strong><span style=\"font-size: 24px;\">esp\u00edn 3\/2<\/span><\/strong><\/em> <em>(llamados gravitinos)<\/em>, <span style=\"font-size: 24px;\"><em><strong>28 cuantos<\/strong><\/em><\/span> con <em><span style=\"font-size: 24px;\">esp\u00edn 1<\/span><\/em>, <em><strong><span style=\"font-size: 24px;\">56 part\u00edculas<\/span><\/strong><\/em> y antipart\u00edculas con<em><strong><span style=\"font-size: 24px;\"> esp\u00edn 1\/2<\/span><\/strong><\/em>, <span style=\"font-size: 24px;\"><em><strong>70 objetos con esp\u00edn 0<\/strong><\/em><\/span> \u2014posiblemente \u00fatiles para la ruptura de la simetr\u00eda\u00bb <em>( <\/em><strong>Murray Gell-Mann<\/strong> <em>(p\u00e1g. 287))<\/em>. Es necesario destacar que la mayor\u00eda de estas part\u00edculas son hipot\u00e9ticas.<\/span><\/p>\n<p style=\"text-align: justify;\" data-start=\"1201\" data-end=\"1294\"><span style=\"font-family: book antiqua, palatino, serif; font-size: 20px;\">La sustancia y la antisustancia <em>(<\/em><strong>Alfv\u00e9n,<\/strong> <em>10)<\/em> est\u00e1n compuestas de diadas el\u00e9ctricamente neutras:<\/span><\/p>\n<p style=\"text-align: center;\" data-start=\"1296\" data-end=\"1390\"><span style=\"font-size: 24px; font-family: book antiqua, palatino, serif;\"><span class=\"katex-eq\" data-katex-display=\"false\">\\left(\\overset{\\pm}{p}\\right)<\/span> + <span class=\"katex-eq\" data-katex-display=\"false\">\\left(\\overset{\\mp}{e}\\right)<\/span>.<\/span><\/p>\n<p style=\"text-align: justify;\" data-start=\"1392\" data-end=\"1895\"><span style=\"font-family: book antiqua, palatino, serif; font-size: 20px;\">Seg\u00fan el teorema virial (<strong>Clausius<\/strong>), los objetos cuya fuerza obedece a la ley del inverso del cuadrado de la distancia deben girar alrededor del centro com\u00fan de gravedad <em>(20)<\/em> y dado que la masa del electr\u00f3n es 1836 veces menor que la del prot\u00f3n, el electr\u00f3n se ve obligado a girar <strong>1836 veces<\/strong> m\u00e1s r\u00e1pido que el prot\u00f3n para alcanzar la igualdad entre fuerzas centr\u00edfugas y centr\u00edpetas. Como resultado, la corriente circular del electr\u00f3n crea una carga electrodin\u00e1mica <em>(seg\u00fan <strong>Amp\u00e8re<\/strong>)<\/em>, o carga magn\u00e9tica:<\/span><\/p>\n<p style=\"text-align: center;\" data-start=\"1897\" data-end=\"1955\"><span style=\"font-family: book antiqua, palatino, serif; font-size: 24px;\"><span class=\"katex-eq\" data-katex-display=\"false\">\\left(\u2206\\overset{-}{q}\\right)<\/span> \u2248 1\u00f72 \u00d7 10\u207b\u00b3\u2077,<\/span><\/p>\n<p data-start=\"1957\" data-end=\"2061\"><span style=\"font-family: book antiqua, palatino, serif; font-size: 20px;\">dependiendo de la velocidad lineal de rotaci\u00f3n. Esta carga forma el \u00abcampo propio del doblete neutro\u00bb:<\/span><\/p>\n<p style=\"text-align: center;\" data-start=\"2063\" data-end=\"2245\"><span style=\"font-family: book antiqua, palatino, serif; font-size: 24px;\"><span class=\"katex-eq\" data-katex-display=\"false\">\\left(\\overset{+}{p}\\right)<\/span> + <span class=\"katex-eq\" data-katex-display=\"false\">\\left(\\overset{-}{e}\\right)<\/span> + <span class=\"katex-eq\" data-katex-display=\"false\">\\left(\u2206\\overset{-}{q}\\right)<\/span> = <span class=\"katex-eq\" data-katex-display=\"false\">\\left(\u2206\\overset{-}{q}\\right)<\/span>;<\/span><\/p>\n<p style=\"text-align: right;\" data-start=\"2247\" data-end=\"2775\"><em><span style=\"font-family: book antiqua, palatino, serif; font-size: 20px;\">(las cargas elementales se compensan y queda la carga electrodin\u00e1mica adicional \u2014<strong>\u0394q<\/strong>), <\/span><\/em><\/p>\n<p style=\"text-align: justify;\" data-start=\"2247\" data-end=\"2775\"><span style=\"font-family: book antiqua, palatino, serif; font-size: 20px;\">la cual, seg\u00fan la ley <span style=\"font-size: 24px;\"><strong><em>1\/R<\/em><\/strong><\/span>, se propaga por todo el espacio de la Metagalaxia y posee la propiedad de un cuerpo absoluto y r\u00edgido<em> (<\/em><strong>Oleinik V.P.<em>\u00abMecanismo f\u00edsico de la comunicaci\u00f3n supralum\u00ednica. El campo propio como portador f\u00edsico de se\u00f1ales supralum\u00ednicas\u00bb<\/em><\/strong><em> (6))<\/em>. Precisamente los campos propios de todas las diadas, de las que est\u00e1n compuestos todos los objetos sustanciales y antisustanciales del Universo, constituyen sus campos gravitatorios.<\/span><\/p>\n<p data-start=\"2777\" data-end=\"2799\"><span style=\"font-family: book antiqua, palatino, serif; font-size: 20px;\"><strong>Newton<\/strong> afirmaba que:<\/span><\/p>\n<blockquote>\n<p style=\"text-align: justify;\" data-start=\"2801\" data-end=\"2988\"><span style=\"font-family: book antiqua, palatino, serif; font-size: 20px;\"><strong><em>\u00abLa gravitaci\u00f3n hacia el sol se compone de la gravitaci\u00f3n hacia sus part\u00edculas individuales y, al alejarse del sol, decrece exactamente en proporci\u00f3n al cuadrado de las distancias\u00bb<\/em><\/strong> <strong><em>(2)<\/em><\/strong>.<\/span><\/p>\n<\/blockquote>\n<p style=\"text-align: justify;\" data-start=\"2990\" data-end=\"3165\"><span style=\"font-family: book antiqua, palatino, serif; font-size: 20px;\">Y aunque desde la primera edici\u00f3n de los <em><strong>\u00abPrincipia\u00bb<\/strong><\/em> han pasado 323 a\u00f1os, basta cambiar las palabras <strong><em>\u00abhacia sus part\u00edculas individuales\u00bb<\/em><\/strong> por <em><strong>\u00abhacia sus diadas individuales\u00bb<\/strong><\/em>.<\/span><\/p>\n<p style=\"text-align: justify;\" data-start=\"3167\" data-end=\"3618\"><span style=\"font-family: book antiqua, palatino, serif; font-size: 20px;\">De lo anterior se desprende que cualquier intento de detectar <span style=\"font-size: 24px;\"><strong><em>gravitones<\/em><\/strong><\/span>, <em><strong><span style=\"font-size: 24px;\">gravitinos<\/span><\/strong><\/em> o ondas gravitacionales est\u00e1 condenado al fracaso. Igualmente ser\u00e1n in\u00fatiles los intentos de detectar <span style=\"font-size: 24px;\"><em><strong>70 bosones de Higgs<\/strong><\/em><\/span> con <em><strong><span style=\"font-size: 24px;\">esp\u00edn 0<\/span><\/strong><\/em>, dado que la Metagalaxia es absolutamente sim\u00e9trica con precisi\u00f3n hasta una diada y una antidiada, porque el nacimiento de protones, electrones y sus antipart\u00edculas, as\u00ed como el proceso de aniquilaci\u00f3n, ocurre \u00fanicamente en pares:<\/span><\/p>\n<p style=\"text-align: center;\" data-start=\"3620\" data-end=\"3800\"><span style=\"font-family: book antiqua, palatino, serif; font-size: 24px;\"><span class=\"katex-eq\" data-katex-display=\"false\">\\left(\\overset{+}{p}\\right)<\/span> &#8211; <span class=\"katex-eq\" data-katex-display=\"false\">\\left(\\overset{-}{p}\\right)<\/span> y <span class=\"katex-eq\" data-katex-display=\"false\">\\left(\\overset{+}{e}\\right)<\/span> + <span class=\"katex-eq\" data-katex-display=\"false\">\\left(\\overset{-}{e}\\right)<\/span>.<\/span><\/p>\n<p style=\"text-align: justify;\" data-start=\"3802\" data-end=\"4364\"><span style=\"font-family: book antiqua, palatino, serif; font-size: 20px;\">Los persistentes intentos de descubrir <em><span style=\"font-size: 24px;\"><strong>la desintegraci\u00f3n espont\u00e1nea del prot\u00f3n<\/strong><\/span><\/em> no han tenido ni tendr\u00e1n \u00e9xito. Tampoco ser\u00e1n nunca detectadas part\u00edculas hipot\u00e9ticas como<span style=\"font-size: 24px;\"><em><strong> 36 quarks<\/strong><\/em><\/span> y <span style=\"font-size: 24px;\"><em><strong>antiquarks<\/strong><\/em><\/span>, <em><strong><span style=\"font-size: 24px;\">8 gluones<\/span><\/strong><\/em>, dado que el n\u00facleo del prot\u00f3n es un part\u00f3n que gira con con una frecuencia de <em><strong><span style=\"font-size: 24px;\">(~2,41 \u00d7 10<sup>14<\/sup><\/span><\/strong><span style=\"font-size: 24px;\"><sub>(rev\/s)<\/sub><\/span><strong><span style=\"font-size: 24px;\">)<\/span><\/strong><\/em>, en una \u00f3rbita de radio <strong><em><span style=\"font-size: 24px;\">(~2,5 \u00d7 10<sup>-18<\/sup><sub>(m)<\/sub>)<\/span><\/em><\/strong>. El n\u00facleo del electr\u00f3n es un partino que gira en una \u00f3rbita <em><span style=\"font-size: 24px;\">(<\/span><strong><span style=\"font-size: 24px;\"><span style=\"font-size: 32px;\">r<\/span><\/span><\/strong><span style=\"font-size: 24px;\"><sub>(e)<\/sub><\/span><strong><span style=\"font-size: 24px;\"> \u2248 4 \u00d7 10<sup>-16<\/sup><\/span><\/strong><span style=\"font-size: 24px;\"><sub>(m)<\/sub><\/span><strong><span style=\"font-size: 24px;\">)<\/span><\/strong><\/em>, con la misma frecuencia que el prot\u00f3n, de donde se sigue que el electr\u00f3n es un taqui\u00f3n reinterpretado en la regi\u00f3n temporal del cono de luz.<\/span><\/p>\n<p style=\"text-align: justify;\" data-start=\"4366\" data-end=\"4571\"><span style=\"font-family: book antiqua, palatino, serif; font-size: 20px;\">No ser\u00e1 detectado el <span style=\"font-size: 24px;\"><em><strong>monopolo de Dirac<\/strong><\/em><\/span>, aunque se han hecho suficientes intentos. No ser\u00e1 creada una <span style=\"font-size: 24px;\"><em><strong>\u00abM\u00e1quina del tiempo\u00bb<\/strong><\/em><\/span>, porque el tiempo es absoluto, al igual que el espacio, como afirmaba<strong> Newton<\/strong> <em>(2)<\/em>.<\/span><\/p>\n<blockquote>\n<p style=\"text-align: justify;\" data-start=\"4573\" data-end=\"4886\"><em><strong><span style=\"font-family: book antiqua, palatino, serif; font-size: 20px;\">\u00abEl tiempo absoluto, verdadero y matem\u00e1tico, en s\u00ed mismo y por su propia naturaleza, sin relaci\u00f3n con nada externo, transcurre uniformemente y de otro modo se llama duraci\u00f3n. El espacio absoluto, por su propia naturaleza, sin relaci\u00f3n con nada externo, permanece siempre igual e inm\u00f3vil\u00bb (\u00abPrincipia\u00bb, <\/span><\/strong><span style=\"font-family: book antiqua, palatino, serif; font-size: 20px;\">p\u00e1g. 30<\/span><strong><span style=\"font-family: book antiqua, palatino, serif; font-size: 20px;\">).<\/span><\/strong><\/em><\/p>\n<\/blockquote>\n<p style=\"text-align: justify;\" data-start=\"4888\" data-end=\"5249\"><span style=\"font-family: book antiqua, palatino, serif; font-size: 20px;\">Por cierto, en el trabajo de<strong> Zhuk N.A., Moroz V.V., Varaksin A.M.<\/strong> <em><strong>\u00abDistribuci\u00f3n de los cu\u00e1sares en el Universo y modelos cosmol\u00f3gicos\u00bb<\/strong><\/em>, fue estudiada la base de datos de <em><strong><span style=\"font-size: 24px;\">23.760 cu\u00e1sares<\/span><\/strong><\/em>, en la que se presentan dos coordenadas angulares <em><strong><span style=\"font-size: 24px;\">(Q, \u03c6)<\/span><\/strong><\/em> y el corrimiento al rojo del espectro de emisi\u00f3n <em><strong><span style=\"font-size: 24px;\">(Z)<\/span><\/strong><\/em> de cada cu\u00e1sar. La distancia se determin\u00f3 con la nueva f\u00f3rmula:<\/span><\/p>\n<p style=\"text-align: center;\" data-start=\"5251\" data-end=\"5299\"><span style=\"font-family: book antiqua, palatino, serif; font-size: 28px;\"><em><strong>V = V<sub>0<\/sub> \u00d7 \u2113<\/strong><\/em><span class=\"katex-eq\" data-katex-display=\"false\">^{-(r\/R_{0})}<\/span> <em><span style=\"font-size: 20px;\">(f.19),<\/span><\/em><\/span><\/p>\n<p data-start=\"5301\" data-end=\"5308\"><span style=\"font-family: book antiqua, palatino, serif; font-size: 20px;\">donde,<\/span><\/p>\n<p style=\"text-align: center;\" data-start=\"5310\" data-end=\"5340\"><span style=\"font-family: book antiqua, palatino, serif; font-size: 28px;\"><em><strong><span style=\"font-size: 36px;\">r<\/span> = R<sub>0<\/sub> \u00d7 ln(1+ Z)<\/strong><\/em> <em><span style=\"font-size: 20px;\">((f.20),2)<\/span><\/em>,<\/span><\/p>\n<p data-start=\"5342\" data-end=\"5345\"><span style=\"font-family: book antiqua, palatino, serif; font-size: 20px;\">y<\/span><\/p>\n<p style=\"text-align: center;\" data-start=\"5347\" data-end=\"5391\"><span style=\"font-family: book antiqua, palatino, serif; font-size: 28px;\"><em><strong>Z =<\/strong><\/em> <span style=\"font-size: 36px;\"><span class=\"katex-eq\" data-katex-display=\"false\">\\frac{\u03bb - \u03bb_{0}}{\u03bb_{0}}<\/span><\/span><\/span><\/p>\n<p style=\"text-align: right;\" data-start=\"5393\" data-end=\"5450\"><em><span style=\"font-family: book antiqua, palatino, serif; font-size: 20px;\">\u2014 es el corrimiento al rojo de los espectros de emisi\u00f3n<\/span><\/em><\/p>\n<p style=\"text-align: justify;\" data-start=\"5452\" data-end=\"6234\"><span style=\"font-family: book antiqua, palatino, serif; font-size: 20px;\">que resulta de la disminuci\u00f3n de la frecuencia de las ondas electromagn\u00e9ticas debido a la disipaci\u00f3n de su energ\u00eda en el \u00e9ter. Como resultado de la investigaci\u00f3n, se estableci\u00f3 una regularidad en la distribuci\u00f3n de los cu\u00e1sares: \u00e9stos se agrupan en paredes delgadas de celdas con un tama\u00f1o medio del orden de <em><strong><span style=\"font-size: 24px;\">50\u00f7100 megap\u00e1rsecs<\/span><\/strong><\/em>, llenando homog\u00e9neamente toda la parte observable del Universo en forma de espuma, lo cual concuerda con el nuevo modelo de Universo estacionario. Es decir, la red espacial en cuyos nodos se encuentran los cu\u00e1sares constituye un sistema de referencia absoluto, dado que los <span style=\"font-size: 24px;\"><em><strong>D-cuerpos<\/strong><\/em><\/span> de los cu\u00e1sares son gravitacionalmente neutros por la igualdad de la cantidad de sustancia y antisustancia generadas en ellos y por eso no se atraen entre s\u00ed ni se repelen.<\/span><\/p>\n<blockquote class=\"wp-embedded-content\" data-secret=\"d4UjtCZEJl\"><p><a href=\"https:\/\/electromagnetic-universe-by-rozanov.space\/U_E_de_R\/?p=2018\">\u00bfPara qu\u00e9 sirven los aceleradores de part\u00edculas circulares?<\/a><\/p><\/blockquote>\n<p><iframe loading=\"lazy\" class=\"wp-embedded-content\" sandbox=\"allow-scripts\" security=\"restricted\" style=\"position: absolute; visibility: hidden;\" title=\"\u00ab\u00bfPara qu\u00e9 sirven los aceleradores de part\u00edculas circulares?\u00bb \u2014 Universo electromagn\u00e9tico de los Roz\u00e1nov\" src=\"https:\/\/electromagnetic-universe-by-rozanov.space\/U_E_de_R\/?p=2018&#038;embed=true#?secret=5g7BbVPHSa#?secret=d4UjtCZEJl\" data-secret=\"d4UjtCZEJl\" width=\"600\" height=\"338\" frameborder=\"0\" marginwidth=\"0\" marginheight=\"0\" scrolling=\"no\"><\/iframe><\/p>\n<blockquote class=\"wp-embedded-content\" data-secret=\"9QsB4uPuu8\"><p><a href=\"https:\/\/electromagnetic-universe-by-rozanov.space\/wp-es\/2016\/06\/08\/que-es-lo-que-dicen-los-experimentos-en-el-gran-colisionador-de-hadrones\/\">Qu\u00e9 es lo que dicen los experimentos en el  Gran Colisionador de Hadrones (GCH)<\/a><\/p><\/blockquote>\n<p><iframe loading=\"lazy\" class=\"wp-embedded-content\" sandbox=\"allow-scripts\" security=\"restricted\" style=\"position: absolute; visibility: hidden;\" title=\"\u00abQu\u00e9 es lo que dicen los experimentos en el  Gran Colisionador de Hadrones (GCH)\u00bb \u2014 Interacciones fundamentales de los Roz\u00e1nov\" src=\"https:\/\/electromagnetic-universe-by-rozanov.space\/wp-es\/2016\/06\/08\/que-es-lo-que-dicen-los-experimentos-en-el-gran-colisionador-de-hadrones\/embed\/#?secret=HDFjaA5ta3#?secret=9QsB4uPuu8\" data-secret=\"9QsB4uPuu8\" width=\"600\" height=\"338\" frameborder=\"0\" marginwidth=\"0\" marginheight=\"0\" scrolling=\"no\"><\/iframe><\/p>\n<\/div>\n<hr style=\"text-align: justify;\" \/>\n<ul>\n<li style=\"text-align: justify;\"><span style=\"font-family: book antiqua, palatino, serif; font-size: 20px; color: #ff0000;\"><em>Dejar el comentario \u2013 no hace falta registro.<\/em><\/span><\/li>\n<li style=\"text-align: justify;\"><span style=\"font-family: book antiqua, palatino, serif; font-size: 20px; color: #ff0000;\"><em>Para <span class=\"st\">insertar<\/span> la ecuaci\u00f3n en los comentarios\u2013 utilizar el sistema \u00ab<a style=\"color: #ff0000;\" href=\"https:\/\/www.codecogs.com\/latex\/eqneditor.php\" target=\"_blank\" rel=\"noopener\">LATEX<\/a>\u00ab. La f\u00f3rmula se abre con la palabra \u2013 katex [entre] y se cierra \u2013 \/katex [\/entre].<\/em><\/span><\/li>\n<li style=\"text-align: justify;\"><span style=\"font-family: book antiqua, palatino, serif; font-size: 20px; color: #ff0000;\"><em>Comentarios con enlaces \u2013 entraran en el correo no deseado, para verificar el contenido.<\/em><\/span><\/li>\n<\/ul>\n","protected":false},"excerpt":{"rendered":"<p>Numero de visitas &#8211; 103252 571 &#8211; Visitantes\u00a0 \u00a9 2009 El Autor \u2013 Roz\u00e1nov Nicol\u00e1i Nicol\u00e1evich\u00a0 Es evidente que en el colisionador, donde la velocidad de las colisiones inel\u00e1sticas de haces de protones en direcciones opuestas alcanza el 99,9999% de la velocidad de la luz, puede enriquecerse considerablemente el \u00abzool\u00f3gico\u2026 <a class=\"continue-reading-link\" href=\"https:\/\/electromagnetic-universe-by-rozanov.space\/U_E_de_R\/?page_id=155\">Continuar<\/a><\/p>\n","protected":false},"author":1,"featured_media":0,"parent":138,"menu_order":9,"comment_status":"open","ping_status":"open","template":"","meta":{"iawp_total_views":2,"footnotes":""},"class_list":["post-155","page","type-page","status-publish","hentry"],"_links":{"self":[{"href":"https:\/\/electromagnetic-universe-by-rozanov.space\/U_E_de_R\/index.php?rest_route=\/wp\/v2\/pages\/155","targetHints":{"allow":["GET"]}}],"collection":[{"href":"https:\/\/electromagnetic-universe-by-rozanov.space\/U_E_de_R\/index.php?rest_route=\/wp\/v2\/pages"}],"about":[{"href":"https:\/\/electromagnetic-universe-by-rozanov.space\/U_E_de_R\/index.php?rest_route=\/wp\/v2\/types\/page"}],"author":[{"embeddable":true,"href":"https:\/\/electromagnetic-universe-by-rozanov.space\/U_E_de_R\/index.php?rest_route=\/wp\/v2\/users\/1"}],"replies":[{"embeddable":true,"href":"https:\/\/electromagnetic-universe-by-rozanov.space\/U_E_de_R\/index.php?rest_route=%2Fwp%2Fv2%2Fcomments&post=155"}],"version-history":[{"count":7,"href":"https:\/\/electromagnetic-universe-by-rozanov.space\/U_E_de_R\/index.php?rest_route=\/wp\/v2\/pages\/155\/revisions"}],"predecessor-version":[{"id":5240,"href":"https:\/\/electromagnetic-universe-by-rozanov.space\/U_E_de_R\/index.php?rest_route=\/wp\/v2\/pages\/155\/revisions\/5240"}],"up":[{"embeddable":true,"href":"https:\/\/electromagnetic-universe-by-rozanov.space\/U_E_de_R\/index.php?rest_route=\/wp\/v2\/pages\/138"}],"wp:attachment":[{"href":"https:\/\/electromagnetic-universe-by-rozanov.space\/U_E_de_R\/index.php?rest_route=%2Fwp%2Fv2%2Fmedia&parent=155"}],"curies":[{"name":"wp","href":"https:\/\/api.w.org\/{rel}","templated":true}]}}