{"id":16,"date":"2009-01-01T14:24:44","date_gmt":"2009-01-01T21:24:44","guid":{"rendered":"http:\/\/electromagnetic-universe-by-nnrozanov.org\/wp\/?page_id=16"},"modified":"2025-09-27T14:04:46","modified_gmt":"2025-09-27T13:04:46","slug":"4-structures-of-proton-neutron-and-electron-4-la-estructura-del-proton-del-neutron-y-del-electron-4-%d1%81%d1%82%d1%80%d1%83%d0%ba%d1%82%d1%83%d1%80%d0%b0-%d0%bf%d1%80%d0%be%d1%82%d0%be%d0%bd","status":"publish","type":"page","link":"https:\/\/electromagnetic-universe-by-rozanov.space\/U_E_de_R\/?page_id=16","title":{"rendered":"La estructura del prot\u00f3n, del neutr\u00f3n y del electr\u00f3n"},"content":{"rendered":"Numero de visitas - 104005<br\/><div class='epvc-post-count'><span class='epvc-eye'><\/span>  <span class=\"epvc-count\"> 1.246<\/span><span class='epvc-label'> - Visitantes<\/span><\/div><p style=\"text-align: right;\"><a href=\"https:\/\/electromagnetic-universe-by-rozanov.space\/E_V_R\/?page_id=16\" target=\"_blank\" rel=\"noopener\"><img loading=\"lazy\" decoding=\"async\" class=\"alignnone size-full wp-image-4638\" src=\"https:\/\/electromagnetic-universe-by-rozanov.space\/U_E_de_R\/wp-content\/uploads\/flag-rus-100-50.jpg\" alt=\"\" width=\"100\" height=\"50\" \/><\/a> \u00a0<img loading=\"lazy\" decoding=\"async\" class=\"alignnone size-full wp-image-4637\" src=\"https:\/\/electromagnetic-universe-by-rozanov.space\/U_E_de_R\/wp-content\/uploads\/flag-eng-100-50.jpg\" alt=\"\" width=\"100\" height=\"50\" \/><\/p>\n<h3><strong><img loading=\"lazy\" decoding=\"async\" class=\"aligncenter\" title=\"copyright_1.gif\" src=\"https:\/\/copyright.ru\/images\/TMCIMG\/copyright_1.gif\" alt=\"copyright_1.gif\" width=\"88\" height=\"31\" \/><\/strong><\/h3>\n<p style=\"text-align: right;\"><span style=\"font-family: book antiqua, palatino, serif; font-size: 24px;\"><strong> \u00a9 2006<\/strong><\/span><\/p>\n<p><span style=\"font-family: book antiqua, palatino, serif; font-size: 24px;\"><strong><em>El Autor &#8211; <\/em><\/strong><\/span><a href=\"https:\/\/electromagnetic-universe-by-rozanov.space\/U_E_de_R\/?page_id=3\" target=\"_blank\" rel=\"noopener\"><em><strong><span style=\"font-family: book antiqua, palatino, serif; font-size: 24px;\">Roz\u00e1nov Nicol\u00e1i Nicol\u00e1evich\u00a0<\/span><\/strong><\/em><\/a><\/p>\n<p style=\"text-align: justify;\"><span style=\"font-family: book antiqua, palatino, serif; font-size: 20px; color: #ff0000;\"><em>Las traducciones de los t\u00edtulos, de los art\u00edculos, de los libros, de las citaciones y declaraciones de los\u00a0cient\u00edficos \u2013 posiblemente\u00a0\u00a0no coinciden letra a letra\u00a0con las traducciones oficiales, si tal existieran.<\/em><\/span><\/p>\n<p style=\"text-align: justify;\"><span style=\"font-family: book antiqua, palatino, serif; font-size: 20px;\">En el art\u00edculo de<strong> J. Brown<\/strong> y <strong>M. Row<\/strong>, \u201c<strong>La estructura del nucle\u00f3n<\/strong>\u201d, publicado en la colecci\u00f3n \u201c<strong>F\u00edsica en el extranjero<\/strong>\u201d,<em> \u201984 \u201cA\u201d INVESTIGACIONES, Mosc\u00fa \u201cMIR\u201d (pp. 31\u201359)<\/em>, en la secci\u00f3n: <strong>\u201c\u00bfCu\u00e1les son las dimensiones del nucle\u00f3n?\u201d<\/strong>, bas\u00e1ndose en <a href=\"https:\/\/es.wikipedia.org\/wiki\/Interacci%C3%B3n_nuclear_fuerte\" target=\"_blank\" rel=\"noopener\">la teor\u00eda cuark\u2013glu\u00f3n\u2013mes\u00f3n de los nucleones<\/a>, se escribe lo siguiente:<\/span><\/p>\n<blockquote>\n<p style=\"text-align: justify;\" data-start=\"374\" data-end=\"1602\"><span style=\"font-family: book antiqua, palatino, serif; font-size: 20px;\">\u201cSe podr\u00eda pensar que las dimensiones del nucle\u00f3n se estiman mejor a partir de su factor de forma el\u00e9ctrico, el cual caracteriza la distribuci\u00f3n espacial de la carga en el nucle\u00f3n y se determina en experimentos de dispersi\u00f3n el\u00e1stica de electrones. Con este enfoque fueron determinadas con precisi\u00f3n las dimensiones de los \u00e1tomos y de los n\u00facleos. Pero, seg\u00fan uno de los modelos m\u00e1s recientes que vamos a considerar, en el nucle\u00f3n existen dos regiones diferentes. En su regi\u00f3n central, los cuarks casi sin masa se mueven pr\u00e1cticamente libres, interactuando d\u00e9bilmente entre s\u00ed; esto es la llamada libertad asint\u00f3tica. En la regi\u00f3n externa, de mayor tama\u00f1o, se encuentran los piones y otros mesones; a esta regi\u00f3n la llamaremos nube mes\u00f3nica. Diversos enfoques fundamentales, tales como las teor\u00edas de calibraci\u00f3n en ret\u00edculo, comienzan actualmente a esclarecer la cuesti\u00f3n de c\u00f3mo y d\u00f3nde los cuarks, gluones y otros constituyentes participan en la formaci\u00f3n de la regi\u00f3n de confinamiento de los cuarks, denominada \u201cbolsa\u201d. Sin embargo, por el momento estos c\u00e1lculos no dicen con certeza de qu\u00e9 manera en el nucle\u00f3n se produce la separaci\u00f3n en dos regiones: el n\u00facleo interno, compuesto por cuarks, y la nube mes\u00f3nica externa\u00bb.<\/span><\/p>\n<\/blockquote>\n<p style=\"text-align: justify;\" data-start=\"1604\" data-end=\"1966\"><span style=\"font-family: book antiqua, palatino, serif; font-size: 20px;\">De lo expuesto se deduce que la existencia de cuarks y gluones ser\u00eda, supuestamente, un hecho experimental fundamental <em>((21) pp. 31\u201359)<\/em>. Sin embargo, para cualquier persona interesada en la teor\u00eda de part\u00edculas elementales, est\u00e1 absolutamente claro que esto no corresponde del todo a la realidad. Aunque en la secci\u00f3n <em data-start=\"1922\" data-end=\"1953\">\u201cEl modelo de bolsas del MIT\u201d<\/em> se afirma:<\/span><\/p>\n<blockquote>\n<p style=\"text-align: justify;\" data-start=\"1604\" data-end=\"1966\"><span style=\"font-family: book antiqua, palatino, serif; font-size: 20px;\">En el experimento que mostr\u00f3 de manera convincente que los nucleones est\u00e1n compuestos por cuarks, estos se comportaban como libres y sin masa. Se trat\u00f3 de un experimento de dispersi\u00f3n inel\u00e1stica profunda de electrones a altas energ\u00edas. Surge entonces la pregunta: \u2018\u00bfDe d\u00f3nde provienen las masas de los cuarks <span style=\"font-size: 28px;\"><em><strong>(m<sub>(q)<\/sub>)<\/strong><\/em><\/span> que mencionamos anteriormente?\u2019 Por supuesto, solo consider\u00e1bamos la regi\u00f3n de bajas energ\u00edas, y las constantes de acoplamiento dependen de los impulsos y se hacen mayores a bajos impulsos, de modo que es posible alg\u00fan mecanismo mediante el cual los cuarks adquieran masa. En este sentido es interesante el modelo de bolsas del MIT <strong>(Instituto Tecnol\u00f3gico de Massachusetts)<\/strong>, en el cual los cuarks <span style=\"font-size: 28px;\"><strong><em data-start=\"2681\" data-end=\"2684\">u<\/em><\/strong><\/span> y <strong><span style=\"font-size: 28px;\"><em data-start=\"2687\" data-end=\"2690\">d<\/em> <\/span><\/strong>son casi sin masa <em>(si se desprecia la peque\u00f1a masa de los cuarks <strong><span style=\"font-size: 28px;\">u<\/span><\/strong> y <span style=\"font-size: 28px;\"><strong>d<\/strong><\/span> \u201cde corriente\u201d, igual a unos pocos megaelectronvoltios)<\/em>\u2026\u201d.<\/span><\/p>\n<p style=\"text-align: justify;\" data-start=\"1604\" data-end=\"1966\"><span style=\"font-family: book antiqua, palatino, serif; font-size: 20px;\">\u201cEn el modelo de bolsas del MIT se postula que los cuarks no pueden salir de la bolsa, lo cual se expresa en la condici\u00f3n de frontera para la funci\u00f3n de onda en el borde de la bolsa, correspondiente al radio <em><strong><span style=\"font-size: 28px;\">(R) <\/span><\/strong>(<strong>MIT<\/strong> \u2013 Massachusetts Institute of Technology, 02139)<\/em>. De este modo, las part\u00edculas no pueden escapar de la bolsa. Con el tiempo, este confinamiento deber\u00eda ser explicado <em data-start=\"3213\" data-end=\"3229\">por definici\u00f3n<\/em> por alguna teor\u00eda adecuada, que todav\u00eda no existe. (!) Estableciendo la condici\u00f3n de frontera del modelo de bolsas del <strong>MIT<\/strong> se pueden buscar funciones de onda de los cuarks que, dentro de la bolsa, obedecer\u00edan la ecuaci\u00f3n de <strong>Dirac<\/strong> para fermiones sin masa\u201d.<\/span><\/p>\n<\/blockquote>\n<p style=\"text-align: justify;\"><span style=\"font-family: book antiqua, palatino, serif; font-size: 20px;\">El vac\u00edo f\u00edsico es un enredo tremendamente complejo de espaguetis de colores \u2013campos de calibraci\u00f3n\u2013 con salsa de condensado cuark\u2013antiquark. Para que los cuarks puedan existir localmente, debemos crear una burbuja, o bolsa, y para ello se necesita energ\u00eda. Se asume que la energ\u00eda es proporcional al volumen:<\/span><a href=\"https:\/\/electromagnetic-universe-by-rozanov.space\/U_E_de_R\/wp-content\/uploads\/Str.pr_.el_.n-1.png\"><img loading=\"lazy\" decoding=\"async\" class=\"aligncenter wp-image-4969\" src=\"https:\/\/electromagnetic-universe-by-rozanov.space\/U_E_de_R\/wp-content\/uploads\/Str.pr_.el_.n-1.png\" alt=\"\" width=\"375\" height=\"81\" srcset=\"https:\/\/electromagnetic-universe-by-rozanov.space\/U_E_de_R\/wp-content\/uploads\/Str.pr_.el_.n-1.png 491w, https:\/\/electromagnetic-universe-by-rozanov.space\/U_E_de_R\/wp-content\/uploads\/Str.pr_.el_.n-1-300x65.png 300w, https:\/\/electromagnetic-universe-by-rozanov.space\/U_E_de_R\/wp-content\/uploads\/Str.pr_.el_.n-1-250x54.png 250w, https:\/\/electromagnetic-universe-by-rozanov.space\/U_E_de_R\/wp-content\/uploads\/Str.pr_.el_.n-1-150x32.png 150w\" sizes=\"auto, (max-width: 375px) 100vw, 375px\" \/><\/a><span style=\"font-family: book antiqua, palatino, serif; font-size: 20px;\">donde <span style=\"font-size: 28px;\"><em><strong>(B)<\/strong><\/em><\/span> es la \u201cconstante de la bolsa\u201d.<\/span><\/p>\n<p style=\"text-align: justify;\"><span style=\"font-family: book antiqua, palatino, serif; font-size: 20px;\">Las energ\u00edas de los quarks se pueden encontrar a partir de la condici\u00f3n de frontera del modelo de bolsas del MIT, con la cual se determinan los valores propios de energ\u00eda. Para un quark en el estado fundamental con <em><span style=\"font-size: 28px;\"><strong data-start=\"254\" data-end=\"264\">IS = \u00bd<\/strong><\/span><\/em>, tenemos:<\/span><\/p>\n<p style=\"text-align: center;\"><span style=\"font-size: 24px; font-family: book antiqua, palatino, serif;\"><span style=\"font-size: 28px;\"><strong><em>E<sub>(Q) <\/sub>= 2,04<\/em><\/strong><\/span><span class=\"katex-eq\" data-katex-display=\"false\">\\ \\hbar\\ <\/span><span style=\"font-size: 36px;\"><span class=\"katex-eq\" data-katex-display=\"false\">\\frac{C}{R}<\/span>.<\/span><\/span><\/p>\n<p><span style=\"font-family: book antiqua, palatino, serif; font-size: 20px;\">Por consiguiente, la energ\u00eda de la bolsa con tres quarks es igual a:<\/span><\/p>\n<p style=\"text-align: center;\"><span style=\"font-family: book antiqua, palatino, serif; font-size: 28px;\"><em><strong><span style=\"font-size: 36px;\">E<\/span><\/strong><\/em> <strong>=<\/strong> <span class=\"katex-eq\" data-katex-display=\"false\">\\frac{4}{3}<\/span><em><strong>\u03c0R<sup>3<\/sup>\u00a0B + (3 \u00d7 2,04<\/strong><\/em><span class=\"katex-eq\" data-katex-display=\"false\">\\ \\hbar\\ <\/span><\/span><span style=\"font-family: book antiqua, palatino, serif; font-size: 24px;\"><span style=\"font-size: 36px;\"><span class=\"katex-eq\" data-katex-display=\"false\">\\frac{C}{R}<\/span>).<\/span><\/span><\/p>\n<p style=\"text-align: justify;\"><span style=\"font-family: book antiqua, palatino, serif; font-size: 20px;\">Aqu\u00ed se a\u00f1aden adem\u00e1s diversos t\u00e9rminos adicionales, pero esta f\u00f3rmula expresa la esencia del modelo. El par\u00e1metro <span style=\"font-size: 28px;\"><em><strong>(B)<\/strong><\/em><\/span> se elige de modo que, en el m\u00ednimo respecto a <em><strong><span style=\"font-size: 28px;\">(R)<\/span><\/strong><\/em>, la energ\u00eda de la bolsa sea igual al valor experimental de la masa del nucle\u00f3n:<\/span><\/p>\n<p style=\"text-align: center;\"><span style=\"font-family: book antiqua, palatino, serif; font-size: 28px;\"><span class=\"katex-eq\" data-katex-display=\"false\">m_{\\left(n\\right)}{\\times}C^2<\/span>. <\/span><\/p>\n<p style=\"text-align: justify;\"><span style=\"font-family: book antiqua, palatino, serif; font-size: 20px;\">Como no es dif\u00edcil darse cuenta, el t\u00e9rmino con <span style=\"font-size: 28px;\"><em><strong>(R\u00b3)<\/strong><\/em><\/span> impide que la bolsa se expanda demasiado, mientras que el t\u00e9rmino con <span style=\"font-size: 28px;\"><em><strong>(1\/R)<\/strong><\/em><\/span> es, en esencia, la energ\u00eda cin\u00e9tica que no deja que la bolsa colapse. <em>(En el fondo, fuerzas centr\u00edpetas y centr\u00edfugas (aut.)\u2026)<\/em>.<\/span><\/p>\n<blockquote>\n<p style=\"text-align: justify;\"><span style=\"font-family: book antiqua, palatino, serif; font-size: 20px;\">\u00abDado que el par\u00e1metro <span style=\"font-size: 28px;\"><em><strong>(B)<\/strong><\/em><\/span> se utiliza para que el m\u00ednimo de la energ\u00eda se encuentre en el valor adecuado, el par\u00e1metro natural con dimensi\u00f3n de energ\u00eda resulta ser la magnitud:<\/span><\/p>\n<p style=\"text-align: center;\"><span style=\"font-family: book antiqua, palatino, serif; font-size: 28px;\"><span class=\"katex-eq\" data-katex-display=\"false\">\\ \\hbar\\ <\/span><span style=\"font-size: 36px;\"><span class=\"katex-eq\" data-katex-display=\"false\">\\frac{C}{R}<\/span> <\/span><\/span><em><span style=\"font-family: book antiqua, palatino, serif; font-size: 20px;\">&#8211; de bolsa\u00bb<\/span><\/em><\/p>\n<p style=\"text-align: right;\"><em><span style=\"font-family: book antiqua, palatino, serif; font-size: 20px;\">((21) p.49).<\/span><\/em><\/p>\n<\/blockquote>\n<p><span style=\"font-family: book antiqua, palatino, serif; font-size: 20px;\">Pero:<\/span><\/p>\n<p style=\"text-align: center;\"><span style=\"font-size: 28px;\"><span class=\"katex-eq\" data-katex-display=\"false\">\\ \\hbar\\ <\/span><span style=\"font-size: 36px;\"><span class=\"katex-eq\" data-katex-display=\"false\">\\frac{C}{R}<\/span> <span style=\"font-size: 20px;\"><em>&#8211; de bolsa\u00bb<\/em><\/span><\/span><\/span><\/p>\n<p><span style=\"font-family: book antiqua, palatino, serif; font-size: 20px;\">esto es la relaci\u00f3n de indeterminaci\u00f3n de <strong>Heisenberg<\/strong>:<\/span><\/p>\n<p style=\"text-align: right;\"><a href=\"https:\/\/electromagnetic-universe-by-rozanov.space\/U_E_de_R\/wp-content\/uploads\/Str.pr_.el_.n-5-300x44-1.png\"><img loading=\"lazy\" decoding=\"async\" class=\"aligncenter wp-image-4973\" src=\"https:\/\/electromagnetic-universe-by-rozanov.space\/U_E_de_R\/wp-content\/uploads\/Str.pr_.el_.n-5-300x44-1.png\" alt=\"\" width=\"250\" height=\"37\" srcset=\"https:\/\/electromagnetic-universe-by-rozanov.space\/U_E_de_R\/wp-content\/uploads\/Str.pr_.el_.n-5-300x44-1.png 300w, https:\/\/electromagnetic-universe-by-rozanov.space\/U_E_de_R\/wp-content\/uploads\/Str.pr_.el_.n-5-300x44-1-250x37.png 250w, https:\/\/electromagnetic-universe-by-rozanov.space\/U_E_de_R\/wp-content\/uploads\/Str.pr_.el_.n-5-300x44-1-150x22.png 150w\" sizes=\"auto, (max-width: 250px) 100vw, 250px\" \/><\/a><em><span style=\"font-family: book antiqua, palatino, serif; font-size: 20px;\">((20) p. 465).<\/span><\/em><\/p>\n<p><span style=\"font-family: book antiqua, palatino, serif; font-size: 20px;\">De donde:<\/span><\/p>\n<p style=\"text-align: justify;\"><a href=\"https:\/\/electromagnetic-universe-by-rozanov.space\/U_E_de_R\/wp-content\/uploads\/Str.pr_.el_.n-6.png\"><img loading=\"lazy\" decoding=\"async\" class=\"aligncenter wp-image-4974\" src=\"https:\/\/electromagnetic-universe-by-rozanov.space\/U_E_de_R\/wp-content\/uploads\/Str.pr_.el_.n-6.png\" alt=\"\" width=\"350\" height=\"66\" srcset=\"https:\/\/electromagnetic-universe-by-rozanov.space\/U_E_de_R\/wp-content\/uploads\/Str.pr_.el_.n-6.png 570w, https:\/\/electromagnetic-universe-by-rozanov.space\/U_E_de_R\/wp-content\/uploads\/Str.pr_.el_.n-6-300x56.png 300w, https:\/\/electromagnetic-universe-by-rozanov.space\/U_E_de_R\/wp-content\/uploads\/Str.pr_.el_.n-6-250x47.png 250w, https:\/\/electromagnetic-universe-by-rozanov.space\/U_E_de_R\/wp-content\/uploads\/Str.pr_.el_.n-6-150x28.png 150w\" sizes=\"auto, (max-width: 350px) 100vw, 350px\" \/><\/a><\/p>\n<p style=\"text-align: justify;\"><span style=\"font-family: book antiqua, palatino, serif; font-size: 20px;\">\u2013 esta relaci\u00f3n es la que el autor del presente trabajo considera fundamental para el c\u00e1lculo de los factores de forma de las part\u00edculas de materia y antimateria, es decir, protones, electrones y sus antipart\u00edculas. <a href=\"https:\/\/electromagnetic-universe-by-rozanov.space\/U_E_de_R\/?page_id=1038\" target=\"_blank\" rel=\"noopener\"><em>(V\u00e9ase Ap\u00e9ndice-1)<\/em><\/a>.<\/span><\/p>\n<p style=\"text-align: justify;\"><span style=\"font-family: book antiqua, palatino, serif; font-size: 20px;\">Partiendo de los postulados de la teor\u00eda especial de la relatividad extendida de <strong>Recami<\/strong> <em>((5) pp.53\u2013123)<\/em>, as\u00ed como de los trabajos citados en las fuentes <em>3, 4, 8, 9, 10, 7, 13<\/em>, se debe reconocer que la sustancia y la antisustancia en el Universo est\u00e1n constituidas por part\u00edculas estables <span style=\"font-size: 28px;\"><em>(<\/em><\/span><strong><span style=\"font-size: 28px;\"><em>t = \u221e<\/em><\/span><\/strong><span style=\"font-size: 28px;\"><em>)<\/em><\/span>, que poseen masa en reposo <em>(en su propio sistema de referencia)<\/em> <em>((20) p.72)<\/em> y un incremento relativista de masa \u2013 <em><strong><span style=\"font-size: 28px;\">\u0394m<\/span><\/strong><\/em>, adem\u00e1s de una carga el\u00e9ctrica elemental unitaria \u2013 <span class=\"katex-eq\" data-katex-display=\"false\">\\left (\\overset{\\pm}{e}\\right)<\/span> <em>(aut.)<\/em>.<\/span><\/p>\n<p data-start=\"1088\" data-end=\"1145\"><span style=\"font-family: book antiqua, palatino, serif; font-size: 20px;\">En el Universo solo existen cuatro de tales part\u00edculas:<\/span><\/p>\n<ul data-start=\"1147\" data-end=\"1479\">\n<li data-start=\"1147\" data-end=\"1310\">\n<p data-start=\"1149\" data-end=\"1310\"><span style=\"font-family: book antiqua, palatino, serif; font-size: 20px;\">prot\u00f3n \u2013 <span class=\"katex-eq\" data-katex-display=\"false\">\\left ( \\overset{+}{p} \\right )<\/span>, positr\u00f3n \u2013 <span class=\"katex-eq\" data-katex-display=\"false\">\\left ( \\overset{+}{e} \\right )<\/span> \u2013 bradiones (B),<\/span><br data-start=\"1280\" data-end=\"1283\" \/><span style=\"font-family: book antiqua, palatino, serif; font-size: 20px;\">con carga elemental (+1),<\/span><\/p>\n<\/li>\n<li data-start=\"1312\" data-end=\"1479\">\n<p data-start=\"1314\" data-end=\"1479\"><span style=\"font-family: book antiqua, palatino, serif; font-size: 20px;\">antiprot\u00f3n \u2013 <span class=\"katex-eq\" data-katex-display=\"false\">\\left ( \\overset{-}{p} \\right )<\/span>, electr\u00f3n \u2013 <span class=\"katex-eq\" data-katex-display=\"false\">\\left ( \\overset{-}{e} \\right )<\/span> \u2013 taquiones (T),<\/span><br data-start=\"1449\" data-end=\"1452\" \/><span style=\"font-family: book antiqua, palatino, serif; font-size: 20px;\">con carga elemental (\u20131).<\/span><\/p>\n<\/li>\n<\/ul>\n<p data-start=\"1481\" data-end=\"1537\"><span style=\"font-family: book antiqua, palatino, serif; font-size: 20px;\">El neutr\u00f3n y el antineutr\u00f3n son part\u00edculas compuestas.<\/span><\/p>\n<p style=\"text-align: justify;\" data-start=\"1539\" data-end=\"1564\"><span style=\"font-family: book antiqua, palatino, serif; font-size: 20px;\">El neutr\u00f3n consiste en:<\/span><\/p>\n<p style=\"text-align: justify;\" data-start=\"1566\" data-end=\"1747\"><span style=\"font-family: book antiqua, palatino, serif; font-size: 20px;\"><span class=\"katex-eq\" data-katex-display=\"false\">\\left ( \\overset{+}{p} \\right )<\/span> \u2013 un bradi\u00f3n y <span class=\"katex-eq\" data-katex-display=\"false\">\\left ( \\overset{-}{e} \\right )<\/span> \u2013 reinterpretado en la regi\u00f3n tipo-tiempo del cono de luz del taqui\u00f3n,<\/span><\/p>\n<p style=\"text-align: justify;\" data-start=\"1749\" data-end=\"1791\"><span style=\"font-family: book antiqua, palatino, serif; font-size: 20px;\">mientras que el antineutr\u00f3n consiste en:<\/span><\/p>\n<p style=\"text-align: justify;\" data-start=\"1793\" data-end=\"1987\"><span style=\"font-family: book antiqua, palatino, serif; font-size: 20px;\"><span class=\"katex-eq\" data-katex-display=\"false\">\\left ( \\overset{-}{p} \\right )<\/span> \u2013 un taqui\u00f3n y <span class=\"katex-eq\" data-katex-display=\"false\">\\left ( \\overset{+}{e} \\right )<\/span> \u2013 reinterpretado en la regi\u00f3n tipo-espacio del cono de luz del bradi\u00f3n <em>(3,4,5,13)<\/em>.<\/span><\/p>\n<p style=\"text-align: justify;\" data-start=\"1989\" data-end=\"2136\"><span style=\"font-family: book antiqua, palatino, serif; font-size: 20px;\">Los bradiones entre s\u00ed y los taquiones entre s\u00ed se repelen, mientras que los bradiones con los taquiones se atraen mediante la fuerza de Coulomb.<\/span><\/p>\n<p style=\"text-align: justify;\" data-start=\"2138\" data-end=\"2189\"><span style=\"font-family: book antiqua, palatino, serif; font-size: 20px;\">Todos los n\u00faclidos est\u00e1n constituidos por diadas:<\/span><\/p>\n<p style=\"text-align: center;\" data-start=\"2191\" data-end=\"2272\"><span style=\"font-family: book antiqua, palatino, serif; font-size: 20px;\"><span class=\"katex-eq\" data-katex-display=\"false\">\\left(\\overset{\\pm}{p}\\right ) + \\left(\\overset{\\mp}{e}\\right ) <\/span><\/span><\/p>\n<p style=\"text-align: right;\" data-start=\"2274\" data-end=\"2287\"><em><span style=\"font-family: book antiqua, palatino, serif; font-size: 20px;\">(38,32,29),<\/span><\/em><\/p>\n<p style=\"text-align: justify;\" data-start=\"2289\" data-end=\"2436\"><span style=\"font-family: book antiqua, palatino, serif; font-size: 20px;\">en las cuales la cantidad de nucleones \u2013 <span class=\"katex-eq\" data-katex-display=\"false\">\\left(\\overset{\\pm}{p}\\right )<\/span> y leptones \u2013 <span class=\"katex-eq\" data-katex-display=\"false\">\\left(\\overset{\\mp}{e}\\right )<\/span><\/span><\/p>\n<p style=\"text-align: justify;\" data-start=\"2438\" data-end=\"2675\"><span style=\"font-family: book antiqua, palatino, serif; font-size: 20px;\">es exactamente igual. Al mismo tiempo, la diada puede estar formada por un electr\u00f3n (o positr\u00f3n) en la corteza at\u00f3mica y un prot\u00f3n (o antiprot\u00f3n) en el n\u00facleo, o bien por neutrones (o antineutrones) en el n\u00facleo, que tambi\u00e9n son diadas<\/span><\/p>\n<p style=\"text-align: center;\" data-start=\"2677\" data-end=\"2759\"><span style=\"font-family: book antiqua, palatino, serif; font-size: 20px;\"><span class=\"katex-eq\" data-katex-display=\"false\">\\left(\\overset{\\pm}{p}\\right ) + \\left(\\overset{\\mp}{e}\\right ) <\/span>,<\/span><\/p>\n<p style=\"text-align: justify;\" data-start=\"2761\" data-end=\"2933\"><span style=\"font-family: book antiqua, palatino, serif; font-size: 20px;\">pero m\u00e1s estrechamente ligados entre s\u00ed. Precisamente el campo de las diadas constituye el campo gravitacional. <em>(V\u00e9anse Ap\u00e9ndices-2,3,4,5,6,7 y Ejemplos-1,2,3,4,5,6,7,8).<\/em><\/span><\/p>\n<p><a href=\"https:\/\/electromagnetic-universe-by-rozanov.space\/U_E_de_R\/?page_id=386\" target=\"_blank\" rel=\"noopener\"><strong><span style=\"font-family: book antiqua, palatino, serif; font-size: 24px;\">El siguiente capitulo<\/span> &gt;&gt;&gt;&gt;&gt;<\/strong><\/a><\/p>\n<hr \/>\n<ul>\n<li style=\"text-align: justify;\"><span style=\"font-size: 20px; font-family: book antiqua, palatino, serif; color: #ff0000;\"><em>Dejar el comentario \u2013 no hace falta registro.<\/em><\/span><\/li>\n<li style=\"text-align: justify;\"><span style=\"font-family: book antiqua, palatino, serif; font-size: 20px; color: #ff0000;\"><em>Para <span class=\"st\">insertar<\/span> la ecuaci\u00f3n en los comentarios\u2013 utilizar el sistema \u00ab<a style=\"color: #ff0000;\" href=\"https:\/\/www.codecogs.com\/latex\/eqneditor.php\" target=\"_blank\" rel=\"noopener\">LATEX<\/a>\u00ab. La f\u00f3rmula se abre con la palabra \u2013 katex [entre] y se cierra \u2013 katex [\/entre].<\/em><\/span><\/li>\n<li style=\"text-align: justify;\"><span style=\"font-family: book antiqua, palatino, serif; font-size: 20px; color: #ff0000;\"><em>Comentarios con enlaces \u2013 entraran en el correo no deseado, para verificar el contenido.<\/em><\/span><\/li>\n<\/ul>\n","protected":false},"excerpt":{"rendered":"<p>Numero de visitas &#8211; 104005 1.246 &#8211; Visitantes \u00a0 \u00a9 2006 El Autor &#8211; Roz\u00e1nov Nicol\u00e1i Nicol\u00e1evich\u00a0 Las traducciones de los t\u00edtulos, de los art\u00edculos, de los libros, de las citaciones y declaraciones de los\u00a0cient\u00edficos \u2013 posiblemente\u00a0\u00a0no coinciden letra a letra\u00a0con las traducciones oficiales, si tal existieran. En el art\u00edculo\u2026 <a class=\"continue-reading-link\" href=\"https:\/\/electromagnetic-universe-by-rozanov.space\/U_E_de_R\/?page_id=16\">Continuar<\/a><\/p>\n","protected":false},"author":1,"featured_media":0,"parent":6,"menu_order":3,"comment_status":"open","ping_status":"open","template":"","meta":{"iawp_total_views":1,"footnotes":""},"class_list":["post-16","page","type-page","status-publish","hentry"],"_links":{"self":[{"href":"https:\/\/electromagnetic-universe-by-rozanov.space\/U_E_de_R\/index.php?rest_route=\/wp\/v2\/pages\/16","targetHints":{"allow":["GET"]}}],"collection":[{"href":"https:\/\/electromagnetic-universe-by-rozanov.space\/U_E_de_R\/index.php?rest_route=\/wp\/v2\/pages"}],"about":[{"href":"https:\/\/electromagnetic-universe-by-rozanov.space\/U_E_de_R\/index.php?rest_route=\/wp\/v2\/types\/page"}],"author":[{"embeddable":true,"href":"https:\/\/electromagnetic-universe-by-rozanov.space\/U_E_de_R\/index.php?rest_route=\/wp\/v2\/users\/1"}],"replies":[{"embeddable":true,"href":"https:\/\/electromagnetic-universe-by-rozanov.space\/U_E_de_R\/index.php?rest_route=%2Fwp%2Fv2%2Fcomments&post=16"}],"version-history":[{"count":28,"href":"https:\/\/electromagnetic-universe-by-rozanov.space\/U_E_de_R\/index.php?rest_route=\/wp\/v2\/pages\/16\/revisions"}],"predecessor-version":[{"id":5172,"href":"https:\/\/electromagnetic-universe-by-rozanov.space\/U_E_de_R\/index.php?rest_route=\/wp\/v2\/pages\/16\/revisions\/5172"}],"up":[{"embeddable":true,"href":"https:\/\/electromagnetic-universe-by-rozanov.space\/U_E_de_R\/index.php?rest_route=\/wp\/v2\/pages\/6"}],"wp:attachment":[{"href":"https:\/\/electromagnetic-universe-by-rozanov.space\/U_E_de_R\/index.php?rest_route=%2Fwp%2Fv2%2Fmedia&parent=16"}],"curies":[{"name":"wp","href":"https:\/\/api.w.org\/{rel}","templated":true}]}}