{"id":2758,"date":"2012-08-14T07:34:55","date_gmt":"2012-08-14T06:34:55","guid":{"rendered":"http:\/\/electromagnetic-universe-by-nnrozanov.org\/wp\/?page_id=2758"},"modified":"2025-10-14T09:45:06","modified_gmt":"2025-10-14T08:45:06","slug":"%d1%8d%d0%ba%d1%80%d0%b0%d0%bd%d0%b8%d0%b7%d0%b0%d1%86%d0%b8%d1%8f-%d0%b3%d1%80%d0%b0%d0%b2%d0%b8%d1%82%d0%b0%d1%86%d0%b8%d0%be%d0%bd%d0%bd%d0%be%d0%b3%d0%be-%d0%bf%d0%be%d0%bb%d1%8f","status":"publish","type":"page","link":"https:\/\/electromagnetic-universe-by-rozanov.space\/U_E_de_R\/?page_id=2758","title":{"rendered":"Apantallamiento del campo \u00abgravitacional\u00bb"},"content":{"rendered":"Numero de visitas - 22942<br\/><div class='epvc-post-count'><span class='epvc-eye'><\/span>  <span class=\"epvc-count\"> 1.198<\/span><span class='epvc-label'> - Visitantes<\/span><\/div><p style=\"text-align: right;\"><a href=\"https:\/\/electromagnetic-universe-by-rozanov.space\/E_V_R\/?page_id=2758\" target=\"_blank\" rel=\"noopener\"><img loading=\"lazy\" decoding=\"async\" class=\"alignnone size-full wp-image-4638\" src=\"https:\/\/electromagnetic-universe-by-rozanov.space\/U_E_de_R\/wp-content\/uploads\/flag-rus-100-50.jpg\" alt=\"\" width=\"100\" height=\"50\" \/><\/a> \u00a0<img loading=\"lazy\" decoding=\"async\" class=\"alignnone size-full wp-image-4637\" src=\"https:\/\/electromagnetic-universe-by-rozanov.space\/U_E_de_R\/wp-content\/uploads\/flag-eng-100-50.jpg\" alt=\"\" width=\"100\" height=\"50\" \/><\/p>\n<h3><strong><img loading=\"lazy\" decoding=\"async\" class=\"aligncenter\" title=\"copyright_1.gif\" src=\"https:\/\/copyright.ru\/images\/TMCIMG\/copyright_1.gif\" alt=\"copyright_1.gif\" width=\"88\" height=\"31\" \/><\/strong><\/h3>\n<p style=\"text-align: right;\"><span style=\"font-family: book antiqua, palatino, serif; font-size: 24px;\"><strong> \u00a9 2010<\/strong><\/span><\/p>\n<p><span style=\"font-family: book antiqua, palatino, serif; font-size: 24px;\"><strong><em>Los Autores \u2013 <\/em><\/strong><\/span><a href=\"https:\/\/electromagnetic-universe-by-rozanov.space\/U_E_de_R\/?page_id=3\" target=\"_blank\" rel=\"noopener\"><em><strong><span style=\"font-size: 24px;\">N.N.Roz\u00e1nov, O.N.Roz\u00e1nov<\/span><\/strong><\/em><\/a><\/p>\n<p style=\"text-align: justify;\"><span style=\"font-family: book antiqua, palatino, serif; font-size: 20px;\">En las investigaciones cient\u00edficas <em><strong>\u00abModelo semicl\u00e1sico del Universo electromagn\u00e9tico y la teor\u00eda de los campos unificados\u00bb<\/strong><\/em>, del autor <strong>N.N. Rozanov<\/strong>, se afirma que en la Naturaleza existe \u00fanicamente la interacci\u00f3n coulombiana fundamental, es decir:<\/span><\/p>\n<p style=\"text-align: justify;\"><span style=\"font-family: book antiqua, palatino, serif; font-size: 20px;\"><strong>1.<\/strong> Entre cargas el\u00e9ctricas, portadoras de cargas el\u00e9ctricas elementales <span class=\"katex-eq\" data-katex-display=\"false\">\\left (\\overset{\\pm}{p}\\right )<\/span> &#8211; <span class=\"katex-eq\" data-katex-display=\"false\">\\left (\\overset{\\mp}{e}\\right )<\/span> y los \u00e1tomos ionizados<\/span><span style=\"font-family: book antiqua, palatino, serif; font-size: 20px;\">:<\/span><\/p>\n<p style=\"text-align: center; line-height: normal; font-style: normal; font-family: Courier New, Courier, mono; letter-spacing: normal; font-size: 24px;\"><strong>|q<sub>1<\/sub>|<\/strong>\u2194<strong>|q<sub>2<\/sub>|<\/strong><\/p>\n<p style=\"text-align: right; line-height: normal; font-style: normal; font-family: Times New Roman, Times, serif; letter-spacing: normal; font-size: 18px;\"><span style=\"font-family: book antiqua, palatino, serif; font-size: 20px;\"><em>(nuclear, coulombiana)<\/em>.<\/span><\/p>\n<p><span style=\"font-family: book antiqua, palatino, serif; font-size: 20px;\"><span style=\"font-size: 24px;\"><strong>2<\/strong><\/span>. Entre la carga electrodin\u00e1mica excedente total de las diadas, de todos los objetos sustanciales y antisustanciales:<\/span><\/p>\n<p style=\"text-align: center;\" data-start=\"750\" data-end=\"946\"><span style=\"font-family: book antiqua, palatino, serif; font-size: 24px;\"><span class=\"katex-eq\" data-katex-display=\"false\"> \\sum_1\\left( \\left (\\overset{\\pm}{p}\\right )+\\left (\\overset{\\mp}{e}\\right ) \\right)\\to \\gets \\sum_2\\left( \\left (\\overset{\\pm}{p}\\right )+\\left (\\overset{\\mp}{e}\\right ) \\right)<\/span><\/span><\/p>\n<p style=\"text-align: right;\" data-start=\"948\" data-end=\"964\"><span style=\"font-family: book antiqua, palatino, serif; font-size: 20px;\">\u201cgravitatoria\u201d,<\/span><\/p>\n<p style=\"text-align: center;\" data-start=\"966\" data-end=\"1154\"><span style=\"font-family: book antiqua, palatino, serif; font-size: 24px;\"><span class=\"katex-eq\" data-katex-display=\"false\"> \\sum_1\\left( \\left (\\overset{+}{p}\\right )+\\left (\\overset{-}{e}\\right ) \\right)\\gets \\to \\sum_2\\left( \\left (\\overset{-}{p}\\right )+\\left (\\overset{+}{e}\\right ) \\right)<\/span><\/span><\/p>\n<p style=\"text-align: right;\" data-start=\"1156\" data-end=\"1192\"><span style=\"font-family: book antiqua, palatino, serif; font-size: 20px;\">\u201cantigravitatoria\u201d (ap\u00e9ndice \u2013 2).<\/span><\/p>\n<p><span style=\"font-family: book antiqua, palatino, serif; font-size: 20px;\"><strong><span style=\"font-size: 24px;\">3.<\/span><\/strong> Entre la carga electrodin\u00e1mica adicional total de las diadas o antidiadas, de los objetos sustanciales o antisustanciales <strong><em>(que surge como resultado de la rotaci\u00f3n del electr\u00f3n alrededor del prot\u00f3n o del positr\u00f3n alrededor del antiprot\u00f3n)<\/em><\/strong> con objetos o part\u00edculas cargadas el\u00e9ctricamente:<\/span><\/p>\n<p style=\"text-align: center; line-height: normal; font-style: normal; font-family: Courier New, Courier, mono; letter-spacing: normal; font-size: 24px;\"><strong>|\u03a3<em><sub>(\u0394q)<\/sub><\/em>|<span style=\"font-family: book antiqua, palatino, serif; font-size: 20px;\">y<\/span><\/strong><strong>|q|<\/strong><\/p>\n<p style=\"text-align: right;\"><span style=\"font-family: book antiqua, palatino, serif; font-size: 20px;\">interacci\u00f3n de <strong>N.N.Rozanov.<\/strong><\/span><\/p>\n<p style=\"text-align: justify;\"><span style=\"font-family: book antiqua, palatino, serif; font-size: 20px;\"><sup><span style=\"color: #ff0000;\"><strong data-start=\"1537\" data-end=\"1546\">Nota.<\/strong><\/span><\/sup> La Tierra o cualquier objeto sustancial en el Universo posee carga negativa excedente, es decir, las part\u00edculas o iones con carga positiva se atraen, y las de carga negativa se repelen; las diadas o n\u00faclidos de la sustancia se atraen debido al d\u00e9ficit en la repulsi\u00f3n de protones, mientras que en la antisustancia surge un d\u00e9ficit en la repulsi\u00f3n de antiprotones entre los n\u00facleos de los anti\u00e1tomos <a href=\"https:\/\/electromagnetic-universe-by-rozanov.space\/U_E_de_R\/?page_id=420\" target=\"_blank\" rel=\"noopener\"><em>(ap\u00e9ndice \u2013 2)<\/em><\/a>.<\/span><\/p>\n<p style=\"text-align: justify;\"><span style=\"font-family: book antiqua, palatino, serif; font-size: 20px;\">Seg\u00fan la tercera interacci\u00f3n, existe la posibilidad de \u201cpantalla\u201d de la carga excedente negativa <em>\u201cgravitatoria (electrodin\u00e1mica)\u201d<\/em> de las diadas de la sustancia <span class=\"katex-eq\" data-katex-display=\"false\">\\sum\\left (\\Delta\\overset{-}{ q}\\right)<\/span> <em>(de las que se compone la Tierra o cualquier otro objeto sustancial)<\/em>, mediante la excitaci\u00f3n, por ejemplo, en una bobina superconductora de inductancia, de un campo electrodin\u00e1mico negativo <em>(ver<a href=\"https:\/\/electromagnetic-universe-by-rozanov.space\/U_E_de_R\/?p=284#more-284\" target=\"_blank\" rel=\"noopener\"> \u00ab\u00bfSilencio o a qui\u00e9n le conviene?\u00bb<\/a>)<\/em>.<\/span><\/p>\n<p style=\"text-align: justify;\"><span style=\"font-family: book antiqua, palatino, serif; font-size: 20px;\">A continuaci\u00f3n, con c\u00e1lculos aritm\u00e9ticos de la fuerza de interacci\u00f3n intermedia de <strong>N.N. Rozanov<\/strong>, se\u00f1alaremos otra prueba de peso de que en la Naturaleza solo existe la interacci\u00f3n electrodin\u00e1mica <em>(coulombiana)<\/em>, que se ajusta muy exactamente y sin contradicciones a los marcos de las leyes cl\u00e1sicas de la f\u00edsica, es decir, a las leyes de <strong>Ch. Coulomb<\/strong> e <strong>I. Newton<\/strong>.<\/span><\/p>\n<p style=\"text-align: justify;\"><span style=\"font-family: book antiqua, palatino, serif; font-size: 20px;\"><strong>\u201cPantalla de la interacci\u00f3n gravitatoria\u201d<\/strong> <em>(electrodin\u00e1mica)<\/em> \u2013 de un objeto (A) con masa inercial de <span style=\"font-size: 24px;\"><strong>1<\/strong><\/span><span style=\"font-size: 28px;\"><em><sub>(kg)<\/sub><\/em><\/span>, frente a la interacci\u00f3n gravitatoria con la masa inercial de la Tierra.<\/span><\/p>\n<p style=\"text-align: justify;\"><span style=\"font-family: book antiqua, palatino, serif; font-size: 20px;\">La masa inercial de un objeto material es la suma de las masas inerciales de los \u00e1tomos, compuestos por diadas, cuyos valores est\u00e1n establecidos o designados en <span style=\"font-size: 28px;\"><em><strong>uma<\/strong><\/em><\/span>. Dado que las diadas est\u00e1n formadas por protones y electrones, la masa at\u00f3mica de la diada es igual a la suma de sus masas at\u00f3micas:<\/span><\/p>\n<ul>\n<li data-start=\"3256\" data-end=\"3304\">\n<p data-start=\"3258\" data-end=\"3304\"><span style=\"font-family: book antiqua, palatino, serif; font-size: 20px;\">masa del electr\u00f3n:<\/span><\/p>\n<\/li>\n<\/ul>\n<p style=\"text-align: center;\" data-start=\"3258\" data-end=\"3304\"><span style=\"font-family: book antiqua, palatino, serif; font-size: 28px;\"><strong>5,4858026 \u00d7 10\u207b<sup>4<\/sup><\/strong><sub><em>(uma)<\/em><\/sub>.<\/span><\/p>\n<ul>\n<li data-start=\"3306\" data-end=\"3347\">\n<p data-start=\"3308\" data-end=\"3347\"><span style=\"font-family: book antiqua, palatino, serif; font-size: 20px;\">masa del prot\u00f3n:<\/span><\/p>\n<\/li>\n<\/ul>\n<p style=\"text-align: center;\" data-start=\"3308\" data-end=\"3347\"><span style=\"font-size: 28px;\"><strong><span style=\"font-family: book antiqua, palatino, serif;\">1,007276470 <\/span><\/strong><sub><span style=\"font-family: book antiqua, palatino, serif;\"><em>(uma)<\/em><\/span><\/sub><span style=\"font-family: book antiqua, palatino, serif;\">.<\/span><\/span><\/p>\n<ul>\n<li data-start=\"3349\" data-end=\"3393\">\n<p data-start=\"3351\" data-end=\"3393\"><span style=\"font-family: book antiqua, palatino, serif; font-size: 20px;\">masa de la diada:<\/span><\/p>\n<\/li>\n<\/ul>\n<p style=\"text-align: center;\" data-start=\"3351\" data-end=\"3393\"><strong><span style=\"font-family: book antiqua, palatino, serif; font-size: 28px;\">1,00782505026<\/span><\/strong><span style=\"font-family: book antiqua, palatino, serif; font-size: 28px;\"><sub><em>(uma)<\/em><\/sub><\/span><span style=\"font-family: book antiqua, palatino, serif; font-size: 28px;\">.<\/span><\/p>\n<p style=\"text-align: justify; line-height: normal; font-style: normal; font-family: Times New Roman, Times, serif; letter-spacing: normal; font-size: 18px;\"><span style=\"font-family: book antiqua, palatino, serif; font-size: 20px;\">Masa de la diada en kilogramos <em>(pasamos a SI)<\/em>:<\/span><\/p>\n<p style=\"text-align: center; line-height: normal; font-style: normal; font-family: Courier New, Courier, mono; letter-spacing: normal; font-size: 24px;\"><span style=\"font-family: book antiqua, palatino, serif; font-size: 28px;\"><strong>1,0078<\/strong><sub><em>(uma) <\/em><\/sub><strong>\u00d7<\/strong> <strong>1,6605 \u00d7 10<sup>-27<\/sup><\/strong><em><sub>(kg) <\/sub><\/em><strong>=<\/strong> <strong>1,673 \u00d7 10<sup>-27<\/sup><\/strong><em><sub>(kg)<\/sub>.<\/em><\/span><\/p>\n<p style=\"text-align: justify; line-height: normal; font-style: normal; font-family: Times New Roman, Times, serif; letter-spacing: normal; font-size: 18px;\"><span style=\"font-family: book antiqua, palatino, serif; font-size: 20px;\">Entonces en 1 kg. de sustancia hay:<\/span><\/p>\n<p style=\"text-align: center; line-height: normal; font-style: normal; font-family: Courier New, Courier, mono; letter-spacing: normal; font-size: 24px;\"><span style=\"font-family: book antiqua, palatino, serif; font-size: 28px;\"><strong>1<\/strong><em><sub>(kg) <\/sub><\/em><strong>\/ 1,6735 \u00d7 10<sup>-27<\/sup><sub>(<\/sub><\/strong><sub><em>kg)<\/em><\/sub> <strong>\u2248 5,9752 \u00d7 10<sup>26<\/sup><\/strong><em><sub>(diadas)<\/sub>.<\/em><\/span><\/p>\n<p style=\"text-align: justify; line-height: normal; font-style: normal; font-family: Times New Roman, Times, serif; letter-spacing: normal; font-size: 18px;\"><span style=\"font-family: book antiqua, palatino, serif; font-size: 20px;\">Tomemos el valor medio del exceso de carga negativa de una diada <em>(los n\u00faclidos est\u00e1n formados por diadas)<\/em>:<\/span><\/p>\n<p style=\"text-align: center; line-height: normal; font-style: normal; font-family: Courier New, Courier, mono; letter-spacing: normal; font-size: 24px;\"><span style=\"font-family: book antiqua, palatino, serif; font-size: 28px;\"><strong>|\u0394q| \u2248 1,441 \u00d7 10<sup>-37<\/sup><\/strong><sub><em>(cl)<\/em><\/sub><em>.<\/em><\/span><\/p>\n<p style=\"text-align: justify;\"><span style=\"font-family: book antiqua, palatino, serif; font-size: 20px;\">Por consiguiente, cada kg de masa inercial contiene una carga electrodin\u00e1mica excedente negativa igual a:<\/span><\/p>\n<p style=\"text-align: center; line-height: normal; font-style: normal; font-family: Courier New, Courier, mono; letter-spacing: normal; font-size: 24px;\"><span style=\"font-family: book antiqua, palatino, serif; font-size: 28px;\"><strong>\u03a3<\/strong><em><sub>(\u0394q\/kg<\/sub><sub>) <\/sub><\/em><strong>\u2248<\/strong> <strong>&#8211; 1,441 \u00d7 10<sup>-37<\/sup><\/strong><em><sub>(cl<\/sub><sub>)<\/sub><\/em><strong>\u00d7<\/strong> <strong>5,9752 \u00d7 10<sup>26<\/sup><\/strong><em><sub>(diadas<\/sub><sub>)<\/sub><\/em><\/span><\/p>\n<p style=\"text-align: center; line-height: normal; font-style: normal; font-family: Courier New, Courier, mono; letter-spacing: normal; font-size: 24px;\"><span style=\"font-family: book antiqua, palatino, serif; font-size: 28px;\"><strong>\u2248 &#8211; 8,6103 \u00d7 10<sup>-11<\/sup><\/strong><em><sub>(cl<\/sub><\/em><sub><em>\/kg)<\/em><\/sub><em>.<\/em><\/span><\/p>\n<p style=\"text-align: left; line-height: normal; font-style: normal; font-family: Times New Roman, Times, serif; letter-spacing: normal; font-size: 18px;\"><span style=\"font-family: book antiqua, palatino, serif; font-size: 20px;\">N\u00famero de diadas de la Tierra:<\/span><\/p>\n<p style=\"text-align: center; line-height: normal; font-style: normal; font-family: Courier New, Courier, mono; letter-spacing: normal; font-size: 24px;\"><span style=\"font-family: book antiqua, palatino, serif; font-size: 28px;\"><strong>N\u22485,9736 \u00d7 10<sup>24<\/sup><\/strong><em><sub>(kg<\/sub><\/em><sub><em>) <\/em><\/sub><strong>\u00d7 5,9752 \u00d7 10<sup>26<\/sup><\/strong><em><sub>(diadas)<\/sub><\/em><\/span><\/p>\n<p style=\"text-align: center; line-height: normal; font-style: normal; font-family: Courier New, Courier, mono; letter-spacing: normal; font-size: 24px;\"><span style=\"font-family: book antiqua, palatino, serif; font-size: 28px;\"><strong>\u224835,693980224001314 \u00d7 10<sup>50<\/sup><\/strong><em><sub>(diadas<\/sub><sub>)<\/sub><\/em><\/span><\/p>\n<p style=\"text-align: justify; line-height: normal; font-style: normal; font-family: Times New Roman, Times, serif; letter-spacing: normal; font-size: 18px;\"><span style=\"font-family: book antiqua, palatino, serif; font-size: 20px;\">Por lo tanto, la carga negativa de la Tierra es:<\/span><\/p>\n<p style=\"text-align: center; line-height: normal; font-style: normal; font-family: Courier New, Courier, mono; letter-spacing: normal; font-size: 24px;\"><span style=\"font-family: book antiqua, palatino, serif; font-size: 28px;\"><strong>\u03a3<\/strong><sub><em>(\u0394q<\/em><\/sub><em><sub>)<\/sub><\/em><strong>\u2248 <\/strong><strong>35,6939 \u00d7 10<sup>50<\/sup><\/strong><sub><em>(diadas<\/em><\/sub><sub><em>) <\/em><\/sub><strong>\u00d7 (- 1,441 \u00d7 10<sup>&#8211;<\/sup><\/strong><em><strong><sup>37<\/sup><\/strong><sub>(cl<\/sub><sub>)<\/sub><\/em>)<\/span><\/p>\n<p style=\"line-height: normal; font-style: normal; font-family: Courier New, Courier, mono; letter-spacing: normal; font-size: 24px; text-align: center;\"><span style=\"font-family: book antiqua, palatino, serif; font-size: 28px;\"><strong>\u2248 &#8211; 51,4350255027858 \u00d7 10<sup>13<\/sup><\/strong><em><sub>(cl<\/sub><\/em><em><sub>)<\/sub><\/em>.<\/span><\/p>\n<p><span style=\"font-family: book antiqua, palatino, serif; font-size: 20px;\">De esto se deduce que la fuerza de la interacci\u00f3n coulombiana o gravitatoria entre la Tierra y <span style=\"font-size: 24px;\"><strong><em>1 kg<\/em><\/strong><\/span> de masa inercial en el ecuador es:<\/span><\/p>\n<p style=\"text-align: center; line-height: normal; font-style: normal; font-family: Courier New, Courier, mono; letter-spacing: normal; font-size: 24px;\"><span style=\"font-family: book antiqua, palatino, serif; font-size: 28px;\"><strong>1<em>(kg)<\/em> \/ La Tierra \u2248<\/strong><\/span><\/p>\n<p style=\"text-align: center; line-height: normal; font-style: normal; font-family: Courier New, Courier, mono; letter-spacing: normal; font-size: 18px;\"><span style=\"font-family: book antiqua, palatino, serif; font-size: 28px;\"><strong>9 \u00d7 10<sup>9<\/sup>\u00d7 (-8,610 \u00d7 10<sup>-11<\/sup><em><sub>(cl<\/sub><\/em><\/strong><em><sub>)<\/sub><\/em><strong>) \u00d7 (-51,435 \u00d7 10<sup>13<\/sup><\/strong><sub><em>(cl<\/em><\/sub><sub><em>)<\/em><\/sub><strong>) <span style=\"font-size: 36px;\">\/ <\/span>(6,3781 \u00d7 10<sup>6<\/sup><\/strong><em><sub>(m<\/sub><sub>)<\/sub><\/em><strong>)<sup>2<\/sup><\/strong><\/span><\/p>\n<p style=\"text-align: center; line-height: normal; font-style: normal; font-family: Courier New, Courier, mono; letter-spacing: normal; font-size: 18px;\"><span style=\"font-family: book antiqua, palatino, serif; font-size: 28px;\"><strong>\u22489,79792013032132<\/strong><em><sub>(N<\/sub><\/em><em><sub>)<\/sub>,<\/em><\/span><\/p>\n<p style=\"text-align: left; line-height: normal; font-style: normal; font-family: Times New Roman, Times, serif; letter-spacing: normal; font-size: 18px;\"><span style=\"font-family: book antiqua, palatino, serif; font-size: 20px;\">en los polos:<\/span><\/p>\n<p style=\"text-align: center; line-height: normal; font-style: normal; font-family: Courier New, Courier, mono; letter-spacing: normal; font-size: 18px;\"><span style=\"font-family: book antiqua, palatino, serif; font-size: 28px;\"><strong>9 \u00d7 10<sup>9<\/sup>\u00d7 (-8,610 \u00d7 10<sup>-11<\/sup><em><sub>(cl<\/sub><\/em><\/strong><em><sub>)<\/sub><\/em><strong>) \u00d7 (-51,435 \u00d710<sup>13<\/sup><\/strong><sub><em>(cl<\/em><\/sub><sub><em>)<\/em><\/sub><strong>) <span style=\"font-size: 36px;\">\/<\/span><\/strong> <strong>(6,3567 \u00d7 10<sup>6<\/sup><\/strong><em><sub>(m<\/sub><sub>)<\/sub><\/em><strong>)<sup>2<\/sup><\/strong><\/span><\/p>\n<p style=\"text-align: center; line-height: normal; font-style: normal; font-family: Courier New, Courier, mono; letter-spacing: normal; font-size: 18px;\"><span style=\"font-family: book antiqua, palatino, serif; font-size: 28px;\"><strong>\u2248 9,86392877118149<\/strong><em><sub>(N<\/sub><strong><sub>)<\/sub>,<\/strong><\/em><\/span><\/p>\n<p style=\"text-align: left; line-height: normal; font-style: normal; font-family: Times New Roman, Times, serif; letter-spacing: normal; font-size: 18px;\"><span style=\"font-family: book antiqua, palatino, serif; font-size: 20px;\">y el valor medio <em>(paralelo 45)<\/em>:<\/span><\/p>\n<p style=\"text-align: center; line-height: normal; font-style: normal; font-family: Courier New, Courier, mono; letter-spacing: normal; font-size: 18px;\"><span style=\"font-family: book antiqua, palatino, serif; font-size: 28px;\"><strong>9 \u00d7 10<sup>9<\/sup>\u00d7 (-8,610 \u00d7 10<sup>-11<\/sup><em><sub>(cl<\/sub><\/em><\/strong><em><sub>)<\/sub><\/em><strong>) \u00d7 (-51,435 \u00d7 10<sup>13<\/sup><\/strong><sub><em>(cl<\/em><\/sub><sub><em>)<\/em><\/sub><strong>) <span style=\"font-size: 36px;\">\/ <\/span>(6,3713 \u00d710<sup>6<\/sup><\/strong><em><sub>(m<\/sub><\/em><em><sub>)<\/sub><\/em><strong>)<sup>2<\/sup><\/strong><\/span><\/p>\n<p style=\"text-align: center; line-height: normal; font-style: normal; font-family: Courier New, Courier, mono; letter-spacing: normal; font-size: 18px;\"><span style=\"font-family: book antiqua, palatino, serif; font-size: 28px;\"><strong>\u2248 9,819020810829474<\/strong><em><sub>(N<\/sub><sub>)<\/sub>.<\/em><\/span><\/p>\n<p style=\"text-align: justify;\" data-start=\"4627\" data-end=\"4694\"><span style=\"font-family: book antiqua, palatino, serif; font-size: 20px;\">La fuerza se calcul\u00f3 sin tener en cuenta las fuerzas centr\u00edfugas.<\/span><\/p>\n<p style=\"text-align: justify;\" data-start=\"4627\" data-end=\"4694\"><span style=\"font-family: book antiqua, palatino, serif; font-size: 20px;\">Tambi\u00e9n queremos llamar una vez m\u00e1s su atenci\u00f3n sobre los resultados de c\u00e1lculo de las fuerzas de interacci\u00f3n<strong><em> 1<\/em><\/strong><span style=\"font-size: 28px;\"><em><sub>(kg) <\/sub><\/em><\/span><strong><span style=\"font-size: 28px;\">\/<\/span> Tierra<\/strong>, mediante la interacci\u00f3n de Coulomb:<\/span><\/p>\n<p style=\"line-height: normal; font-style: normal; font-family: Courier New, Courier, mono; letter-spacing: normal; font-size: 24px; text-align: center;\"><span style=\"font-family: book antiqua, palatino, serif; font-size: 28px;\"><strong>\u2248 9,819020810829474<\/strong><em><sub>(N<\/sub><\/em><\/span><em><span style=\"font-family: book antiqua, palatino, serif; font-size: 28px;\"><sub>),<\/sub><\/span><\/em><\/p>\n<p style=\"text-align: justify;\"><span style=\"font-family: book antiqua, palatino, serif; font-size: 20px;\">con la ayuda del valor medio de la carga excedente negativa en la diada de la sustancia <span class=\"katex-eq\" data-katex-display=\"false\">\\left (\\Delta\\overset{-}{ q}\\right)<\/span>, que adem\u00e1s ha sido experimentalmente establecido:<\/span><\/p>\n<p style=\"line-height: normal; font-style: normal; font-family: Courier New, Courier, mono; letter-spacing: normal; font-size: 24px;\" align=\"center\"><span style=\"font-family: book antiqua, palatino, serif; font-size: 28px;\"><strong><span style=\"font-size: 32px;\"><em>\u0394q<\/em> <\/span>\u2248 &#8211; 1,441\u00b710<sup>-37<\/sup><\/strong><em><sub>(<\/sub><sub>cl),<\/sub><\/em><\/span><\/p>\n<p style=\"text-align: left; line-height: normal; font-style: normal; font-family: Times New Roman, Times, serif; letter-spacing: normal; font-size: 18px;\" align=\"center\"><span style=\"font-size: 20px;\"><span style=\"font-family: book antiqua, palatino, serif;\">y comparar este resultado con la constante f\u00edsica de la fuerza-kg <\/span><em><span style=\"font-family: book antiqua, palatino, serif;\">(<strong>Kilopondio<\/strong>):<\/span><\/em><\/span><\/p>\n<p style=\"text-align: center; line-height: normal; font-style: normal; font-family: Courier New, Courier, mono; letter-spacing: normal; font-size: 24px;\" align=\"center\"><span style=\"font-family: book antiqua, palatino, serif; font-size: 28px;\"><strong>1 <em><sub>(kgf)<\/sub><\/em> = 9,80665<\/strong><em><sub>(N<\/sub><sub>) <\/sub><\/em>\u00a1!?<\/span><\/p>\n<p style=\"text-align: justify; line-height: normal; font-style: normal; font-family: Times New Roman, Times, serif; letter-spacing: normal; font-size: 18px;\" align=\"center\"><span style=\"font-family: book antiqua, palatino, serif; font-size: 20px;\">Aunque los adeptos de los relatos fant\u00e1sticos declarar\u00e1n que \u00a1esto es otra coincidencia!!!<\/span><\/p>\n<hr \/>\n<ul>\n<li style=\"text-align: justify;\"><span style=\"font-family: book antiqua, palatino, serif; font-size: 20px; color: #ff0000;\"><em>Estimados visitantes, para dejar su comentario, no se requiere registro.<\/em><\/span><\/li>\n<li style=\"text-align: justify;\"><span style=\"font-family: book antiqua, palatino, serif; font-size: 20px; color: #ff0000;\"><em>La edici\u00f3n de f\u00f3rmulas matem\u00e1ticas en los comentarios se realiza en el sistema \u00abLaTeX\u00bb. Una f\u00f3rmula se abre con la palabra <\/em>katex<em> [entre corchetes] y se cierra con <\/em>\/katex<em> [entre corchetes].<\/em><\/span><\/li>\n<li style=\"text-align: justify;\"><span style=\"font-family: book antiqua, palatino, serif; font-size: 20px; color: #ff0000;\"><em>Si su comentario contiene un enlace, se enviar\u00e1 autom\u00e1ticamente a la carpeta de spam para su revisi\u00f3n. Sin enlaces, todos los comentarios se publican sin demora.<\/em><\/span><\/li>\n<\/ul>\n","protected":false},"excerpt":{"rendered":"<p>Numero de visitas &#8211; 22942 1.198 &#8211; Visitantes \u00a0 \u00a9 2010 Los Autores \u2013 N.N.Roz\u00e1nov, O.N.Roz\u00e1nov En las investigaciones cient\u00edficas \u00abModelo semicl\u00e1sico del Universo electromagn\u00e9tico y la teor\u00eda de los campos unificados\u00bb, del autor N.N. Rozanov, se afirma que en la Naturaleza existe \u00fanicamente la interacci\u00f3n coulombiana fundamental, es decir:\u2026 <a class=\"continue-reading-link\" href=\"https:\/\/electromagnetic-universe-by-rozanov.space\/U_E_de_R\/?page_id=2758\">Continuar<\/a><\/p>\n","protected":false},"author":1,"featured_media":0,"parent":138,"menu_order":6,"comment_status":"open","ping_status":"open","template":"","meta":{"iawp_total_views":2,"footnotes":""},"class_list":["post-2758","page","type-page","status-publish","hentry"],"_links":{"self":[{"href":"https:\/\/electromagnetic-universe-by-rozanov.space\/U_E_de_R\/index.php?rest_route=\/wp\/v2\/pages\/2758","targetHints":{"allow":["GET"]}}],"collection":[{"href":"https:\/\/electromagnetic-universe-by-rozanov.space\/U_E_de_R\/index.php?rest_route=\/wp\/v2\/pages"}],"about":[{"href":"https:\/\/electromagnetic-universe-by-rozanov.space\/U_E_de_R\/index.php?rest_route=\/wp\/v2\/types\/page"}],"author":[{"embeddable":true,"href":"https:\/\/electromagnetic-universe-by-rozanov.space\/U_E_de_R\/index.php?rest_route=\/wp\/v2\/users\/1"}],"replies":[{"embeddable":true,"href":"https:\/\/electromagnetic-universe-by-rozanov.space\/U_E_de_R\/index.php?rest_route=%2Fwp%2Fv2%2Fcomments&post=2758"}],"version-history":[{"count":14,"href":"https:\/\/electromagnetic-universe-by-rozanov.space\/U_E_de_R\/index.php?rest_route=\/wp\/v2\/pages\/2758\/revisions"}],"predecessor-version":[{"id":5387,"href":"https:\/\/electromagnetic-universe-by-rozanov.space\/U_E_de_R\/index.php?rest_route=\/wp\/v2\/pages\/2758\/revisions\/5387"}],"up":[{"embeddable":true,"href":"https:\/\/electromagnetic-universe-by-rozanov.space\/U_E_de_R\/index.php?rest_route=\/wp\/v2\/pages\/138"}],"wp:attachment":[{"href":"https:\/\/electromagnetic-universe-by-rozanov.space\/U_E_de_R\/index.php?rest_route=%2Fwp%2Fv2%2Fmedia&parent=2758"}],"curies":[{"name":"wp","href":"https:\/\/api.w.org\/{rel}","templated":true}]}}