{"id":3,"date":"2009-01-01T14:04:18","date_gmt":"2009-01-01T13:04:18","guid":{"rendered":"http:\/\/electromagnetic-universe-by-nnrozanov.org\/wp\/?page_id=3"},"modified":"2025-10-14T09:49:28","modified_gmt":"2025-10-14T08:49:28","slug":"semiclassical-electromagnetic-pattern-of-the-universe-and-the-unified-field-theory-el-cuadro-electromagnetico-del-universo-y-la-teoria-unica-del-campo-%d0%bf%d0%be%d0%bb%d1%83%d0%ba%d0%bb%d0%b0","status":"publish","type":"page","link":"https:\/\/electromagnetic-universe-by-rozanov.space\/U_E_de_R\/?page_id=3","title":{"rendered":"Los Autores"},"content":{"rendered":"Numero de visitas - 383165<br\/><div class='epvc-post-count'><span class='epvc-eye'><\/span>  <span class=\"epvc-count\"> 1.357<\/span><span class='epvc-label'> - Visitantes<\/span><\/div><p style=\"text-align: right;\">\u00a0\u00a0 <em><a href=\"https:\/\/electromagnetic-universe-by-rozanov.space\/E_V_R\/?page_id=2936\" target=\"_blank\" rel=\"noopener\"><img loading=\"lazy\" decoding=\"async\" class=\"alignnone wp-image-4638 size-full\" src=\"https:\/\/electromagnetic-universe-by-rozanov.space\/U_E_de_R\/wp-content\/uploads\/flag-rus-100-50.jpg\" alt=\"\" width=\"100\" height=\"50\" \/><\/a>\u00a0 <span style=\"text-decoration: underline;\"><a href=\"https:\/\/electromagnetic-universe-by-rozanov.space\/U_E_de_R\/wp-content\/uploads\/flag-eng-100-50.jpg\"><img loading=\"lazy\" decoding=\"async\" class=\"alignnone wp-image-4637 size-full\" src=\"https:\/\/electromagnetic-universe-by-rozanov.space\/U_E_de_R\/wp-content\/uploads\/flag-eng-100-50.jpg\" alt=\"\" width=\"100\" height=\"50\" \/><\/a><\/span><\/em><\/p>\n<p><strong><img loading=\"lazy\" decoding=\"async\" class=\"aligncenter\" title=\"copyright_1.gif\" src=\"http:\/\/copyright.ru\/images\/TMCIMG\/copyright_1.gif\" alt=\"copyright_1.gif\" width=\"88\" height=\"31\" \/><\/strong><\/p>\n<p style=\"line-height: normal; font-style: normal; font-family: Times New Roman,Times,serif; letter-spacing: normal; font-size: 24px; text-align: right;\"><em><span style=\"font-family: times new roman, times, serif; font-size: 24pt;\"><strong><span style=\"font-size: 24pt;\">\u00a9<\/span> 2006<\/strong><\/span><\/em><\/p>\n<p style=\"text-align: center; line-height: normal; letter-spacing: normal; font-family: Times New Roman,Times,serif; font-size: 24px; font-style: normal;\"><a href=\"https:\/\/electromagnetic-universe-by-rozanov.space\/U_E_de_R\/wp-content\/uploads\/N.N.Rozanov-230-301fun.jpg\"><img loading=\"lazy\" decoding=\"async\" class=\"alignnone size-full wp-image-4727\" src=\"https:\/\/electromagnetic-universe-by-rozanov.space\/U_E_de_R\/wp-content\/uploads\/N.N.Rozanov-230-301fun.jpg\" alt=\"\" width=\"230\" height=\"344\" srcset=\"https:\/\/electromagnetic-universe-by-rozanov.space\/U_E_de_R\/wp-content\/uploads\/N.N.Rozanov-230-301fun.jpg 230w, https:\/\/electromagnetic-universe-by-rozanov.space\/U_E_de_R\/wp-content\/uploads\/N.N.Rozanov-230-301fun-201x300.jpg 201w, https:\/\/electromagnetic-universe-by-rozanov.space\/U_E_de_R\/wp-content\/uploads\/N.N.Rozanov-230-301fun-100x150.jpg 100w\" sizes=\"auto, (max-width: 230px) 100vw, 230px\" \/><\/a><\/p>\n<p style=\"text-align: center; line-height: normal; letter-spacing: normal; font-family: Times New Roman,Times,serif; font-size: 24px; font-style: normal;\"><a href=\"https:\/\/electromagnetic-universe-by-rozanov.space\/U_E_de_R\/wp-content\/uploads\/firma-1.gif\"><img loading=\"lazy\" decoding=\"async\" class=\"alignnone wp-image-4210\" src=\"https:\/\/electromagnetic-universe-by-rozanov.space\/U_E_de_R\/wp-content\/uploads\/firma-1.gif\" alt=\"\" width=\"140\" height=\"49\" \/><\/a><\/p>\n<p style=\"text-align: center;\"><span style=\"font-family: georgia,palatino,serif; font-size: 24pt;\"><i><span style=\"font-family: georgia, palatino, serif;\"><span style=\"font-size: 32px;\"><b>Nikol\u00e1i<\/b><\/span><\/span><b style=\"font-family: georgia, palatino, serif; font-size: 24pt;\">\u00a0\u00a0<\/b><\/i><\/span><span style=\"font-family: georgia,palatino,serif; font-size: 24pt;\"><b><i>Nikol\u00e1evich\u00a0 <\/i><\/b><\/span><span style=\"font-family: georgia,palatino,serif; font-size: 24pt;\"><b><i>Roz\u00e1nov<\/i><\/b><\/span><\/p>\n<p style=\"text-align: center; line-height: normal; font-style: normal; font-family: Times New Roman, Times, serif; letter-spacing: normal; font-size: 24px;\"><span style=\"font-family: georgia,palatino,serif; font-size: 14pt;\"><em><strong>Ingeniero electromec\u00e1nico &#8211; graduado en \u00abEl Instituto de Ingenieros de Transporte Ferroviario\u00bb Tomsk &#8211; URSS, en el a\u00f1o 1959.<\/strong> <\/em><\/span><\/p>\n<p style=\"line-height: normal; font-style: normal; font-family: Times New Roman, Times, serif; letter-spacing: normal; font-size: 18px; text-align: center;\"><strong><span style=\"font-family: georgia,palatino,serif; font-size: 14pt;\">\u00a0\u00a0 <\/span><span style=\"text-decoration: underline;\"><em><span style=\"font-family: book antiqua,palatino,serif; font-size: 18pt;\">El autor principal de los descubrimientos m\u00e1s importantes del siglo, en el \u00e1mbito de la investigaci\u00f3n fundamental:<\/span><\/em><\/span><\/strong><\/p>\n<ol>\n<li style=\"line-height: normal; font-style: normal; font-family: Times New Roman,Times,serif; letter-spacing: normal; font-size: 18px; text-align: left;\"><a href=\"https:\/\/electromagnetic-universe-by-rozanov.space\/U_E_de_R\/?page_id=2758\" target=\"_blank\" rel=\"noopener\"><span style=\"font-family: book antiqua,palatino,serif;\"><em><span style=\"font-size: 18pt;\">El fen\u00f3meno de anti-gravedad.<\/span><\/em><\/span><\/a><\/li>\n<li style=\"text-align: left; line-height: normal; font-style: normal; font-family: Times New Roman, Times, serif; letter-spacing: normal; font-size: 18px;\"><a href=\"https:\/\/electromagnetic-universe-by-rozanov.space\/U_E_de_R\/?page_id=6\" target=\"_blank\" rel=\"noopener\"><span style=\"font-family: book antiqua,palatino,serif;\"><em><span style=\"font-size: 18pt;\">El Creador de la teor\u00eda del campo unificado.<\/span><\/em><\/span><\/a><\/li>\n<li style=\"line-height: normal; font-style: normal; font-family: Times New Roman, Times, serif; letter-spacing: normal; font-size: 18px;\"><a href=\"https:\/\/electromagnetic-universe-by-rozanov.space\/U_E_de_R\/?page_id=386\" target=\"_blank\" rel=\"noopener\"><span style=\"font-family: book antiqua,palatino,serif;\"><em><span style=\"font-size: 18pt;\">Estructura y propiedades de los hadrones y leptones.<\/span><\/em><\/span><\/a><\/li>\n<\/ol>\n<hr \/>\n<p style=\"line-height: normal; font-style: normal; font-family: Times New Roman,Times,serif; letter-spacing: normal; font-size: 24px; text-align: center;\"><a href=\"https:\/\/electromagnetic-universe-by-rozanov.space\/U_E_de_R\/wp-content\/uploads\/O.N.R.png\"><img loading=\"lazy\" decoding=\"async\" class=\"alignnone size-full wp-image-4733\" src=\"https:\/\/electromagnetic-universe-by-rozanov.space\/U_E_de_R\/wp-content\/uploads\/O.N.R.png\" alt=\"\" width=\"300\" height=\"300\" srcset=\"https:\/\/electromagnetic-universe-by-rozanov.space\/U_E_de_R\/wp-content\/uploads\/O.N.R.png 300w, https:\/\/electromagnetic-universe-by-rozanov.space\/U_E_de_R\/wp-content\/uploads\/O.N.R-150x150.png 150w\" sizes=\"auto, (max-width: 300px) 100vw, 300px\" \/><\/a><\/p>\n<p style=\"line-height: normal; font-style: normal; font-family: Times New Roman,Times,serif; letter-spacing: normal; font-size: 24px; text-align: center;\"><a href=\"https:\/\/electromagnetic-universe-by-rozanov.space\/U_E_de_R\/wp-content\/uploads\/firma-2.jpg\"><img loading=\"lazy\" decoding=\"async\" class=\"alignnone size-full wp-image-4692\" src=\"https:\/\/electromagnetic-universe-by-rozanov.space\/U_E_de_R\/wp-content\/uploads\/firma-2.jpg\" alt=\"\" width=\"150\" height=\"90\" \/><\/a><\/p>\n<p style=\"text-align: center;\"><span style=\"font-family: georgia,palatino,serif; font-size: 24pt;\"><b><i>\u041eleg Nikolaevich Roz\u00e1nov<\/i><\/b><\/span><\/p>\n<p style=\"text-align: center;\"><span style=\"font-family: georgia,palatino,serif; font-size: 24pt; color: #000000;\"><em>19.03.1963.<\/em><\/span><\/p>\n<ul>\n<li style=\"font-family: Times New Roman,Times,serif; font-size: 24px; text-align: justify;\"><strong><em><span style=\"font-family: book antiqua,palatino,serif; font-size: 18pt;\">Ense\u00f1anza secundaria &#8211; t\u00e9cnica.<\/span><\/em><\/strong><\/li>\n<li style=\"font-family: Times New Roman,Times,serif; font-size: 24px;\"><strong><em><span style=\"font-family: book antiqua,palatino,serif; font-size: 18pt;\">El estudio de la f\u00edsica &#8211; un m\u00e9todo de auto-educaci\u00f3n.<\/span><\/em><\/strong><\/li>\n<\/ul>\n<p style=\"line-height: normal; font-style: normal; font-family: Times New Roman, Times, serif; letter-spacing: normal; font-size: 18px;\"><span style=\"text-decoration: underline;\"><span style=\"font-size: 24pt;\"><em><span style=\"font-family: book antiqua,palatino,serif;\">El Autor de los art\u00edculos:<\/span><\/em><\/span><\/span><\/p>\n<ol>\n<li style=\"text-align: justify;\"><em><span style=\"font-family: book antiqua, palatino, serif; font-size: 24px;\"><a href=\"https:\/\/electromagnetic-universe-by-rozanov.space\/U_E_de_R\/?page_id=1906\" target=\"_blank\" rel=\"noopener\">Precesi\u00f3n del perihelio de Mercurio.<\/a><\/span><\/em><\/li>\n<li style=\"text-align: justify;\"><em><span style=\"font-family: book antiqua, palatino, serif; font-size: 24px;\"><a href=\"https:\/\/electromagnetic-universe-by-rozanov.space\/U_E_de_R\/?page_id=3503\" target=\"_blank\" rel=\"noopener\">L\u00edmite de incremento de la masa relativista y la energ\u00eda cin\u00e9tica para protones \u2013 electrones, antiprotones \u2013 positrones.<\/a><\/span><\/em><\/li>\n<li style=\"text-align: justify;\"><a href=\"https:\/\/electromagnetic-universe-by-rozanov.space\/U_E_de_R\/?page_id=3898\" target=\"_blank\" rel=\"noopener\"><em><span style=\"font-family: book antiqua, palatino, serif; font-size: 24px;\">E = mc\u00b2, \u00bfqu\u00e9 significa o c\u00f3mo se \u00abcome\u00bb esto?<\/span><\/em><\/a><\/li>\n<li><a href=\"https:\/\/electromagnetic-universe-by-rozanov.space\/U_E_de_R\/?page_id=3601\" target=\"_blank\" rel=\"noopener\"><em><span style=\"font-family: book antiqua, palatino, serif; font-size: 24px;\">Propiedad de inercia de un objeto sustancial o antisustancial.<\/span><\/em><\/a><\/li>\n<li><a href=\"https:\/\/electromagnetic-universe-by-rozanov.space\/U_E_de_R\/?page_id=3854\" target=\"_blank\" rel=\"noopener\"><em><span style=\"font-size: 24px; font-family: book antiqua, palatino, serif;\">La propiedad de inercia, los meteoritos de Tunguska y Cheli\u00e1binsk, las armas nucleares.<\/span><\/em><\/a><\/li>\n<\/ol>\n<p style=\"line-height: normal; font-style: normal; font-family: Times New Roman, Times, serif; letter-spacing: normal; font-size: 18px;\"><span style=\"text-decoration: underline;\"><span style=\"font-size: 24pt;\"><em><span style=\"font-family: book antiqua,palatino,serif;\">El Coautor de los art\u00edculos:<\/span><\/em><\/span><\/span><\/p>\n<ol>\n<li>\n<div style=\"line-height: normal; font-style: normal; font-family: Times New Roman, Times, serif; letter-spacing: normal; font-size: 18px;\"><a href=\"https:\/\/electromagnetic-universe-by-rozanov.space\/U_E_de_R\/?page_id=2758\" target=\"_blank\" rel=\"noopener\"><em><span style=\"font-family: book antiqua, palatino, serif; font-size: 24px;\">Apantallamiento del campo \u00abgravitacional\u00bb.<\/span><\/em><\/a><\/div>\n<\/li>\n<li><a href=\"https:\/\/electromagnetic-universe-by-rozanov.space\/U_E_de_R\/?page_id=2826\" target=\"_blank\" rel=\"noopener\"><em><span style=\"font-family: book antiqua, palatino, serif; font-size: 24px;\">El valor de la constante aditiva para la f\u00f3rmula de A. Einstein &#8211; E = m&#8217;c\u00b2.<\/span><\/em><\/a><\/li>\n<li><a href=\"https:\/\/electromagnetic-universe-by-rozanov.space\/U_E_de_R\/?page_id=25\" target=\"_blank\" rel=\"noopener\"><em><span style=\"font-family: book antiqua, palatino, serif; font-size: 24px;\">C\u00e1lculo de los par\u00e1metros y del coeficiente gravitacional del neutr\u00f3n (n).<\/span><\/em><\/a><\/li>\n<li><a href=\"https:\/\/electromagnetic-universe-by-rozanov.space\/U_E_de_R\/?page_id=21\" target=\"_blank\" rel=\"noopener\"><em><span style=\"font-family: book antiqua, palatino, serif; font-size: 24px;\">C\u00e1lculo de los par\u00e1metros y del coeficiente gravitacional del protio (\u00a6H).<\/span><\/em><\/a><\/li>\n<\/ol>\n<hr \/>\n<p><span style=\"font-size: 20px; font-family: book antiqua, palatino, serif; color: #ff0000;\"><em>1.\u00a0Dejar el comentario &#8211; no hace falta registro.<\/em><\/span><\/p>\n<p><span style=\"font-size: 20px; font-family: book antiqua, palatino, serif; color: #ff0000;\"><em>2. Comentarios con enlaces &#8211; entraran en el correo no deseado, para verificar el contenido.<\/em><\/span><\/p>\n","protected":false},"excerpt":{"rendered":"<p>Numero de visitas &#8211; 383165 1.357 &#8211; Visitantes\u00a0\u00a0 \u00a0 \u00a9 2006 Nikol\u00e1i\u00a0\u00a0Nikol\u00e1evich\u00a0 Roz\u00e1nov Ingeniero electromec\u00e1nico &#8211; graduado en \u00abEl Instituto de Ingenieros de Transporte Ferroviario\u00bb Tomsk &#8211; URSS, en el a\u00f1o 1959. \u00a0\u00a0 El autor principal de los descubrimientos m\u00e1s importantes del siglo, en el \u00e1mbito de la investigaci\u00f3n fundamental:\u2026 <a class=\"continue-reading-link\" href=\"https:\/\/electromagnetic-universe-by-rozanov.space\/U_E_de_R\/?page_id=3\">Continuar<\/a><\/p>\n","protected":false},"author":1,"featured_media":0,"parent":0,"menu_order":1,"comment_status":"open","ping_status":"open","template":"","meta":{"iawp_total_views":3,"footnotes":""},"class_list":["post-3","page","type-page","status-publish","hentry"],"_links":{"self":[{"href":"https:\/\/electromagnetic-universe-by-rozanov.space\/U_E_de_R\/index.php?rest_route=\/wp\/v2\/pages\/3","targetHints":{"allow":["GET"]}}],"collection":[{"href":"https:\/\/electromagnetic-universe-by-rozanov.space\/U_E_de_R\/index.php?rest_route=\/wp\/v2\/pages"}],"about":[{"href":"https:\/\/electromagnetic-universe-by-rozanov.space\/U_E_de_R\/index.php?rest_route=\/wp\/v2\/types\/page"}],"author":[{"embeddable":true,"href":"https:\/\/electromagnetic-universe-by-rozanov.space\/U_E_de_R\/index.php?rest_route=\/wp\/v2\/users\/1"}],"replies":[{"embeddable":true,"href":"https:\/\/electromagnetic-universe-by-rozanov.space\/U_E_de_R\/index.php?rest_route=%2Fwp%2Fv2%2Fcomments&post=3"}],"version-history":[{"count":18,"href":"https:\/\/electromagnetic-universe-by-rozanov.space\/U_E_de_R\/index.php?rest_route=\/wp\/v2\/pages\/3\/revisions"}],"predecessor-version":[{"id":5388,"href":"https:\/\/electromagnetic-universe-by-rozanov.space\/U_E_de_R\/index.php?rest_route=\/wp\/v2\/pages\/3\/revisions\/5388"}],"wp:attachment":[{"href":"https:\/\/electromagnetic-universe-by-rozanov.space\/U_E_de_R\/index.php?rest_route=%2Fwp%2Fv2%2Fmedia&parent=3"}],"curies":[{"name":"wp","href":"https:\/\/api.w.org\/{rel}","templated":true}]}}