{"id":3396,"date":"2012-11-08T18:09:09","date_gmt":"2012-11-08T17:09:09","guid":{"rendered":"http:\/\/electromagnetic-universe-by-nnrozanov.org\/wp\/?page_id=3396"},"modified":"2025-10-14T11:27:33","modified_gmt":"2025-10-14T10:27:33","slug":"17-%d0%bf%d1%80%d0%b8%d0%bb%d0%be%d0%b6%d0%b5%d0%bd%d0%b8%d0%b5-6","status":"publish","type":"page","link":"https:\/\/electromagnetic-universe-by-rozanov.space\/U_E_de_R\/?page_id=3396","title":{"rendered":"Aplicaci\u00f3n &#8211; 6"},"content":{"rendered":"Numero de visitas - 103996<br\/><div class='epvc-post-count'><span class='epvc-eye'><\/span>  <span class=\"epvc-count\"> 447<\/span><span class='epvc-label'> - Visitantes<\/span><\/div><p style=\"text-align: right;\"><a href=\"https:\/\/electromagnetic-universe-by-rozanov.space\/E_V_R\/?page_id=3396\" target=\"_blank\" rel=\"noopener\"><img loading=\"lazy\" decoding=\"async\" class=\"alignnone size-full wp-image-4638\" src=\"https:\/\/electromagnetic-universe-by-rozanov.space\/U_E_de_R\/wp-content\/uploads\/flag-rus-100-50.jpg\" alt=\"\" width=\"100\" height=\"50\" \/><\/a> \u00a0<img loading=\"lazy\" decoding=\"async\" class=\"alignnone size-full wp-image-4637\" src=\"https:\/\/electromagnetic-universe-by-rozanov.space\/U_E_de_R\/wp-content\/uploads\/flag-eng-100-50.jpg\" alt=\"\" width=\"100\" height=\"50\" \/><\/p>\n<h3><strong><img loading=\"lazy\" decoding=\"async\" class=\"aligncenter\" title=\"copyright_1.gif\" src=\"https:\/\/copyright.ru\/images\/TMCIMG\/copyright_1.gif\" alt=\"copyright_1.gif\" width=\"88\" height=\"31\" \/><\/strong><\/h3>\n<p><span style=\"font-family: book antiqua, palatino, serif; font-size: 24px;\"><strong><em>Los Autores \u2013 <\/em><\/strong><a href=\"https:\/\/electromagnetic-universe-by-rozanov.space\/U_E_de_R\/?page_id=3\" target=\"_blank\" rel=\"noopener\"><em><strong>N.N.Roz\u00e1nov, O.N.Roz\u00e1nov<\/strong><\/em><\/a><\/span><\/p>\n<p style=\"text-align: center;\"><span style=\"text-decoration: underline; font-size: 28px;\"><em><strong><span style=\"font-family: book antiqua, palatino, serif;\">Modelo de part\u00edcula alfa de O.N. Rozanov.<\/span><\/strong><\/em><\/span><\/p>\n<p style=\"text-align: right;\"><span style=\"font-family: book antiqua, palatino, serif; font-size: 24px;\"><em><strong>\u00a9 <span id=\"timestamp\"><b>2018<\/b><\/span><\/strong><\/em><\/span><\/p>\n<p style=\"text-align: right;\"><a href=\"https:\/\/electromagnetic-universe-by-rozanov.space\/U_E_de_R\/wp-content\/uploads\/\u03b1-part-415-\u00d7-415.png\"><img loading=\"lazy\" decoding=\"async\" class=\"size-full wp-image-4699 aligncenter\" src=\"https:\/\/electromagnetic-universe-by-rozanov.space\/U_E_de_R\/wp-content\/uploads\/\u03b1-part-415-\u00d7-415.png\" alt=\"\" width=\"415\" height=\"415\" srcset=\"https:\/\/electromagnetic-universe-by-rozanov.space\/U_E_de_R\/wp-content\/uploads\/\u03b1-part-415-\u00d7-415.png 415w, https:\/\/electromagnetic-universe-by-rozanov.space\/U_E_de_R\/wp-content\/uploads\/\u03b1-part-415-\u00d7-415-300x300.png 300w, https:\/\/electromagnetic-universe-by-rozanov.space\/U_E_de_R\/wp-content\/uploads\/\u03b1-part-415-\u00d7-415-150x150.png 150w\" sizes=\"auto, (max-width: 415px) 100vw, 415px\" \/><\/a><\/p>\n<p style=\"text-align: justify;\"><span style=\"font-family: book antiqua, palatino, serif; font-size: 20px;\"><strong><em>En una colisi\u00f3n inel\u00e1stica de <span style=\"font-size: 24px;\">cuantos gamma<\/span>, ocurre una fisi\u00f3n en bradiones y taquiones, que se presentan como espirales \u00abretorcidas\u00bb en un contorno cerrado, que formaron un centro de rotaci\u00f3n, creando as\u00ed su propio sistema de referencia (el prot\u00f3n &#8211; antiprot\u00f3n). <\/em><\/strong><\/span><\/p>\n<p style=\"text-align: right;\"><span style=\"font-family: book antiqua, palatino, serif; font-size: 20px;\"><em><strong>N.N.Roz\u00e1nov.<\/strong><\/em><\/span><\/p>\n<p style=\"text-align: justify;\"><span style=\"font-family: book antiqua, palatino, serif; font-size: 20px;\"><em><strong>4 protones (bradiones \u00abretorcidos\u00bb en un contorno cerrado de espirales) unidos por dos electrones, movi\u00e9ndose a trav\u00e9s de sus centros de rotaci\u00f3n (pasillo prot\u00f3nico) con una velocidad lineal de <span class=\"math-inline\"><span class=\"katex\"><span class=\"katex-html\" aria-hidden=\"true\"><span class=\"base\"><span class=\"mrel\">\u223c <\/span><\/span><span class=\"base\"><span class=\"mord\">1<\/span><span class=\"mpunct\">,<\/span><span class=\"mord\">22312659 <\/span><span class=\"mbin\">\u00d7 <\/span><\/span><span class=\"base\"><span class=\"mord\">1<\/span><span class=\"mord\">0<sup>7<\/sup><\/span><\/span><\/span><\/span><\/span><\/strong><sub><span class=\"math-inline\"><span class=\"katex\"><span class=\"katex-html\" aria-hidden=\"true\"><span class=\"base\"><span class=\"mopen\">(<\/span><\/span><\/span><\/span><\/span><\/sub><sub><span class=\"math-inline\"><span class=\"katex\"><span class=\"katex-html\" aria-hidden=\"true\"><span class=\"base\"><span class=\"mord text\"><span class=\"mord\">m\/s<\/span><\/span><span class=\"mclose\">)<\/span><\/span><\/span><\/span><\/span><\/sub><strong> forman una <span style=\"font-size: 24px;\">part\u00edcula <span class=\"math-inline\"><span class=\"katex\"><span class=\"katex-html\" aria-hidden=\"true\"><span class=\"base\"><span class=\"mord mathnormal\">\u03b1.<\/span><\/span><\/span><\/span><\/span><\/span><\/strong><\/em><\/span><\/p>\n<p style=\"text-align: center;\"><span style=\"text-decoration: underline; font-size: 28px;\"><span style=\"font-family: book antiqua, palatino, serif;\"><em><strong>Modelo de part\u00edcula alfa de N.N. Roz\u00e1nov.<\/strong><\/em><\/span><\/span><\/p>\n<p style=\"text-align: right;\"><span style=\"font-family: book antiqua, palatino, serif; font-size: 24px;\"><em><strong>\u00a9 2006<\/strong><\/em><\/span><\/p>\n<p style=\"text-align: left;\"><strong><span class=\"HwtZe\" lang=\"es\" style=\"font-family: book antiqua, palatino, serif; font-size: 24px;\"><span class=\"jCAhz ChMk0b\"><span class=\"ryNqvb\">Escala <em>1<\/em><\/span><\/span><\/span><\/strong><span class=\"HwtZe\" lang=\"es\" style=\"font-family: book antiqua, palatino, serif; font-size: 24px;\"><span class=\"jCAhz ChMk0b\"><span class=\"ryNqvb\"><em><sub>(sm)<\/sub><\/em><\/span><\/span><\/span><strong><span class=\"HwtZe\" lang=\"es\" style=\"font-family: book antiqua, palatino, serif; font-size: 24px;\"><span class=\"jCAhz ChMk0b\"><span class=\"ryNqvb\"><em> \u2245\u00a0 0,3337 \u00d7 10<sup>-16 <\/sup><\/em><\/span><\/span><\/span><\/strong><span class=\"HwtZe\" lang=\"es\" style=\"font-family: book antiqua, palatino, serif; font-size: 24px;\"><span class=\"jCAhz ChMk0b\"><span class=\"ryNqvb\"><em><sub>(m)<\/sub><\/em><\/span><\/span><\/span><\/p>\n<p><a href=\"https:\/\/electromagnetic-universe-by-rozanov.space\/U_E_de_R\/wp-content\/uploads\/anexo-6.jpg\"><img loading=\"lazy\" decoding=\"async\" class=\"size-full wp-image-2921 aligncenter\" src=\"https:\/\/electromagnetic-universe-by-rozanov.space\/U_E_de_R\/wp-content\/uploads\/anexo-6.jpg\" alt=\"\" width=\"707\" height=\"500\" srcset=\"https:\/\/electromagnetic-universe-by-rozanov.space\/U_E_de_R\/wp-content\/uploads\/anexo-6.jpg 707w, https:\/\/electromagnetic-universe-by-rozanov.space\/U_E_de_R\/wp-content\/uploads\/anexo-6-300x212.jpg 300w\" sizes=\"auto, (max-width: 707px) 100vw, 707px\" \/><\/a><\/p>\n<ul>\n<li><span style=\"font-family: book antiqua, palatino, serif; font-size: 24px;\"><span class=\"katex-eq\" data-katex-display=\"false\">\\Delta S<\/span><span class=\"katex-eq\" data-katex-display=\"false\">\\left(\\overset{+}{P}_{\\left ( 1-2-3-4 \\right )}\\right)=\\,\\sim\\,0,7<\/span><em><sub>(f)\u00a0<\/sub>&#8211; <span class=\"HwtZe\" lang=\"es\"><span class=\"jCAhz ChMk0b\"><span class=\"ryNqvb\">desplazamiento de centros de los protones &#8211; antiprotones.<\/span><\/span><\/span><\/em><\/span><\/li>\n<li><span style=\"font-family: book antiqua, palatino, serif; font-size: 24px;\"><em><strong>r<\/strong><sub> la <\/sub><sub>\u00f3rbita<\/sub><\/em><span class=\"katex-eq\" data-katex-display=\"false\">\\left(\\overset{+}{P}_{\\left ( 1-2-3-4 \\right )}\\right)<\/span> = 2,0355245144 \u00d7 10<sup>-16<\/sup> <em><sub>(m)<\/sub>.<\/em><em><br \/>\n<\/em><\/span><\/li>\n<li><span style=\"font-family: book antiqua, palatino, serif; font-size: 24px;\">\u00a0<em><strong>r<\/strong><sub>la \u00f3rbita<\/sub><\/em><span class=\"katex-eq\" data-katex-display=\"false\">\\left(\\overset{-}{e}_{\\left ( 1-2\\right )}\\right)<\/span> = 1,4393193841 \u00d7 10<sup>-16<\/sup><em><sub>(m)<\/sub>.<\/em><\/span><\/li>\n<\/ul>\n<hr \/>\n<ul>\n<li style=\"text-align: justify;\"><span style=\"font-family: book antiqua, palatino, serif; font-size: 20px; color: #ff0000;\"><em>Estimados visitantes, para dejar su comentario, no se requiere registro.<\/em><\/span><\/li>\n<li style=\"text-align: justify;\"><span style=\"font-family: book antiqua, palatino, serif; font-size: 20px; color: #ff0000;\"><em>La edici\u00f3n de f\u00f3rmulas matem\u00e1ticas en los comentarios se realiza en el sistema \u00abLaTeX\u00bb. Una f\u00f3rmula se abre con la palabra <\/em>katex<em> [entre corchetes] y se cierra con <\/em>\/katex<em> [entre corchetes].<\/em><\/span><\/li>\n<li style=\"text-align: justify;\"><span style=\"font-family: book antiqua, palatino, serif; font-size: 20px; color: #ff0000;\"><em>Si su comentario contiene un enlace, se enviar\u00e1 autom\u00e1ticamente a la carpeta de spam para su revisi\u00f3n. Sin enlaces, todos los comentarios se publican sin demora.<\/em><\/span><\/li>\n<\/ul>\n","protected":false},"excerpt":{"rendered":"<p>Numero de visitas &#8211; 103996 447 &#8211; Visitantes \u00a0 Los Autores \u2013 N.N.Roz\u00e1nov, O.N.Roz\u00e1nov Modelo de part\u00edcula alfa de O.N. Rozanov. \u00a9 2018 En una colisi\u00f3n inel\u00e1stica de cuantos gamma, ocurre una fisi\u00f3n en bradiones y taquiones, que se presentan como espirales \u00abretorcidas\u00bb en un contorno cerrado, que formaron un\u2026 <a class=\"continue-reading-link\" href=\"https:\/\/electromagnetic-universe-by-rozanov.space\/U_E_de_R\/?page_id=3396\">Continuar<\/a><\/p>\n","protected":false},"author":1,"featured_media":0,"parent":0,"menu_order":17,"comment_status":"open","ping_status":"closed","template":"","meta":{"iawp_total_views":0,"footnotes":""},"class_list":["post-3396","page","type-page","status-publish","hentry"],"_links":{"self":[{"href":"https:\/\/electromagnetic-universe-by-rozanov.space\/U_E_de_R\/index.php?rest_route=\/wp\/v2\/pages\/3396","targetHints":{"allow":["GET"]}}],"collection":[{"href":"https:\/\/electromagnetic-universe-by-rozanov.space\/U_E_de_R\/index.php?rest_route=\/wp\/v2\/pages"}],"about":[{"href":"https:\/\/electromagnetic-universe-by-rozanov.space\/U_E_de_R\/index.php?rest_route=\/wp\/v2\/types\/page"}],"author":[{"embeddable":true,"href":"https:\/\/electromagnetic-universe-by-rozanov.space\/U_E_de_R\/index.php?rest_route=\/wp\/v2\/users\/1"}],"replies":[{"embeddable":true,"href":"https:\/\/electromagnetic-universe-by-rozanov.space\/U_E_de_R\/index.php?rest_route=%2Fwp%2Fv2%2Fcomments&post=3396"}],"version-history":[{"count":13,"href":"https:\/\/electromagnetic-universe-by-rozanov.space\/U_E_de_R\/index.php?rest_route=\/wp\/v2\/pages\/3396\/revisions"}],"predecessor-version":[{"id":5398,"href":"https:\/\/electromagnetic-universe-by-rozanov.space\/U_E_de_R\/index.php?rest_route=\/wp\/v2\/pages\/3396\/revisions\/5398"}],"wp:attachment":[{"href":"https:\/\/electromagnetic-universe-by-rozanov.space\/U_E_de_R\/index.php?rest_route=%2Fwp%2Fv2%2Fmedia&parent=3396"}],"curies":[{"name":"wp","href":"https:\/\/api.w.org\/{rel}","templated":true}]}}