{"id":3601,"date":"2013-01-02T16:02:27","date_gmt":"2013-01-02T15:02:27","guid":{"rendered":"http:\/\/electromagnetic-universe-by-nnrozanov.org\/wp\/?page_id=3601"},"modified":"2025-10-21T11:09:24","modified_gmt":"2025-10-21T10:09:24","slug":"3601-2","status":"publish","type":"page","link":"https:\/\/electromagnetic-universe-by-rozanov.space\/U_E_de_R\/?page_id=3601","title":{"rendered":"Propiedad de inercia de un objeto sustancial o antisustancial"},"content":{"rendered":"Numero de visitas - 11347<br\/><div class='epvc-post-count'><span class='epvc-eye'><\/span>  <span class=\"epvc-count\"> 439<\/span><span class='epvc-label'> - Visitantes<\/span><\/div><p style=\"text-align: right;\"><a href=\"https:\/\/electromagnetic-universe-by-rozanov.space\/E_V_R\/?page_id=3601\" target=\"_blank\" rel=\"noopener\"><img loading=\"lazy\" decoding=\"async\" class=\"alignnone size-full wp-image-4638\" src=\"https:\/\/electromagnetic-universe-by-rozanov.space\/U_E_de_R\/wp-content\/uploads\/flag-rus-100-50.jpg\" alt=\"\" width=\"100\" height=\"50\" \/><\/a><span style=\"font-family: book antiqua, palatino, serif; font-size: 20px;\">\u00a0 <\/span><img loading=\"lazy\" decoding=\"async\" class=\"alignnone size-full wp-image-6088\" src=\"https:\/\/electromagnetic-universe-by-rozanov.space\/E_V_R\/wp-content\/uploads\/flag-eng-100-50.jpg\" alt=\"\" width=\"100\" height=\"50\" \/><\/p>\n<p><img loading=\"lazy\" decoding=\"async\" class=\"aligncenter\" title=\"copyright_1.gif\" src=\"https:\/\/copyright.ru\/images\/TMCIMG\/copyright_1.gif\" alt=\"copyright_1.gif\" width=\"88\" height=\"31\" \/><\/p>\n<p style=\"text-align: right;\"><em><span style=\"font-family: book antiqua, palatino, serif; font-size: 24px;\"><strong>\u00a9 2013<\/strong><\/span><\/em><\/p>\n<p><span style=\"font-family: book antiqua, palatino, serif; font-size: 24px;\"><strong><em>El Autor \u2013 <\/em><\/strong><a href=\"https:\/\/electromagnetic-universe-by-rozanov.space\/U_E_de_R\/?page_id=3\" target=\"_blank\" rel=\"noopener\"><em><strong>Roz\u00e1nov Oleg Nicol\u00e1evich<\/strong><\/em><\/a><em><strong>\u00a0<\/strong><\/em><\/span><\/p>\n<p style=\"text-align: justify; line-height: normal; font-style: normal; font-family: Times New Roman, Times, serif; letter-spacing: normal; font-size: 18px;\"><span style=\"font-family: book antiqua, palatino, serif; font-size: 20px; color: #ff0000;\"><em>Las traducciones de los t\u00edtulos, de los art\u00edculos, de los libros, de las citaciones y declaraciones de los\u00a0cient\u00edficos \u2013 posiblemente\u00a0\u00a0no coinciden letra a letra\u00a0con las traducciones oficiales, si tal existieran.<\/em><\/span><\/p>\n<blockquote>\n<p style=\"text-align: center;\" data-start=\"620\" data-end=\"684\"><strong><em><span style=\"font-family: book antiqua, palatino, serif; font-size: 20px;\">\u00abPrincipios matem\u00e1ticos de la filosof\u00eda natural\u00bb I. Newton<\/span><\/em><\/strong><\/p>\n<p data-start=\"686\" data-end=\"898\"><strong><em><span style=\"font-family: book antiqua, palatino, serif; font-size: 20px;\">\u00abDe la inercia de la materia resulta que todo cuerpo solo con dificultad es apartado de su reposo o de su movimiento. Por lo tanto, la \u201cfuerza innata\u201d podr\u00eda con raz\u00f3n llamarse \u201cfuerza de inercia\u201d <\/span><\/em><\/strong><em><span style=\"font-family: book antiqua, palatino, serif; font-size: 20px;\">((2) p. 25)<\/span><\/em><strong><em><span style=\"font-family: book antiqua, palatino, serif; font-size: 20px;\">\u00bb.<\/span><\/em><\/strong><\/p>\n<p style=\"text-align: justify;\" data-start=\"62\" data-end=\"592\"><span style=\"font-family: book antiqua, palatino, serif; font-size: 20px;\"><strong><em>La propiedad de la inercia es una reacci\u00f3n mec\u00e1nica a la acci\u00f3n de una fuerza externa, que empieza a manifestarse desde el enlace elemental electr\u00f3n\u2013prot\u00f3n, y, en consecuencia, tambi\u00e9n en los objetos f\u00edsicos compuestos por estos pares\u2013diadas (neutr\u00f3n: electr\u00f3n-prot\u00f3n fuertemente ligados, seg\u00fan Rutherford). Es decir, es resultado de la menor aceleraci\u00f3n del movimiento de los protones, bajo la acci\u00f3n de una fuerza externa, en comparaci\u00f3n con el electr\u00f3n, 1836 veces m\u00e1s ligero, unidos ambos por la interacci\u00f3n coulombiana.<\/em><\/strong><\/span><\/p>\n<p style=\"text-align: right;\" data-start=\"594\" data-end=\"613\"><span style=\"font-family: book antiqua, palatino, serif; font-size: 20px;\"><strong><em>O.N.Rozanov<\/em><\/strong><\/span><\/p>\n<\/blockquote>\n<p style=\"text-align: justify;\" data-start=\"900\" data-end=\"1251\"><span style=\"font-family: book antiqua, palatino, serif; font-size: 20px;\">El desarrollo de las tecnolog\u00edas de investigaci\u00f3n cambia las ideas acerca de c\u00f3mo est\u00e1 constituido el mundo f\u00edsico, y es evidente que si, hace 300 a\u00f1os, los fundadores de la f\u00edsica cl\u00e1sica hubieran dispuesto de estos datos, en tal caso, muchos autores de las teor\u00edas fant\u00e1sticas modernas no tendr\u00edan sobre qu\u00e9 escribir.<\/span><\/p>\n<p style=\"text-align: justify;\" data-start=\"1253\" data-end=\"1668\"><span style=\"font-family: book antiqua, palatino, serif; font-size: 20px;\">Es evidente que Newton no pod\u00eda dar una explicaci\u00f3n ni una definici\u00f3n m\u00e1s detallada de la \u00abfuerza innata o propiedad de la inercia\u00bb (\u00abhypotheses non fingo\u00bb), debido a la ausencia de los conocimientos modernos sobre el micromundo. En cambio, nuestros contempor\u00e1neos han inventado tantas teor\u00edas diferentes y las han descrito con ecuaciones diferenciales tan complicadas que \u00abni el mismo diablo podr\u00eda entenderlas\u00bb.<\/span><\/p>\n<p style=\"text-align: justify;\" data-start=\"1675\" data-end=\"1716\"><span style=\"font-family: book antiqua, palatino, serif; font-size: 20px;\"><strong data-start=\"1675\" data-end=\"1714\">En qu\u00e9 fundamento mis conclusiones:<\/strong><\/span><\/p>\n<p style=\"text-align: justify;\" data-start=\"1718\" data-end=\"2244\"><span style=\"font-family: book antiqua, palatino, serif; font-size: 20px;\"><strong>E. Rutherford,<\/strong> en la primera mitad del siglo pasado, sosten\u00eda que en el n\u00facleo del \u00e1tomo deb\u00eda existir una part\u00edcula electr\u00f3nicamente neutra, <strong>compuesta por un electr\u00f3n y un prot\u00f3n fuertemente ligados<\/strong>. Tal part\u00edcula fue descubierta en 1932 y recibi\u00f3 el nombre de <strong>\u00abNeutr\u00f3n\u00bb<\/strong>. En 1942, un grupo de cient\u00edficos estudi\u00f3 el fen\u00f3meno de la desintegraci\u00f3n <em><strong><span style=\"font-size: 28px;\">\u03b2<\/span><\/strong><\/em>, es decir, que fuera del n\u00facleo el neutr\u00f3n se desintegra en <strong>electr\u00f3n y prot\u00f3n<\/strong>, lo cual confirma la suposici\u00f3n de <strong>Rutherford<\/strong>, aunque sobre ello \u00abno se dice absolutamente nada\u00bb.<\/span><\/p>\n<p style=\"text-align: justify;\" data-start=\"2246\" data-end=\"2627\"><span style=\"font-family: book antiqua, palatino, serif; font-size: 20px;\">N.N.Rozanov, en su trabajo <em data-start=\"2275\" data-end=\"2359\"><a href=\"https:\/\/electromagnetic-universe-by-rozanov.space\/U_E_de_R\/?page_id=6\" target=\"_blank\" rel=\"noopener\">\u00abModelo semicl\u00e1sico del Universo electromagn\u00e9tico y la teor\u00eda de los campos unificados<\/a>\u00bb<\/em>, teniendo en cuenta la hip\u00f3tesis de <strong>Rutherford<\/strong> pr\u00e1cticamente comprobada, concluye que los \u00e1tomos est\u00e1n formados por pares (diadas), lo que permite crear un modelo del \u00e1tomo m\u00e1s l\u00f3gico y sin contradicciones evidentes que el existente actualmente <em><strong>(modelo planetario)<\/strong><\/em>.<\/span><\/p>\n<p style=\"text-align: justify;\" data-start=\"2629\" data-end=\"2988\"><span style=\"font-family: book antiqua, palatino, serif; font-size: 20px;\">As\u00ed pues, si no se ignoran las dos afirmaciones anteriores, entonces cualquier objeto sustancial o antisustancial est\u00e1 compuesto por una cantidad absolutamente igual de electrones y protones, y los objetos antisustanciales, en las antigalaxias, se componen de antiprotones y positrones, con una relaci\u00f3n de masas (prot\u00f3n &gt; electr\u00f3n) de aproximadamente 2000 veces.<\/span><\/p>\n<p data-start=\"2995\" data-end=\"3051\"><span style=\"font-family: book antiqua, palatino, serif; font-size: 20px;\"><strong data-start=\"2995\" data-end=\"3049\">Ahora hagamos mentalmente un sencillo experimento.<\/strong><\/span><\/p>\n<p style=\"text-align: justify;\" data-start=\"3053\" data-end=\"4137\"><span style=\"font-family: book antiqua, palatino, serif; font-size: 20px;\">Por ejemplo, sobre una tablilla de madera, metal o pl\u00e1stico, coloquemos dos esferas, una ligera y otra 2000 veces m\u00e1s pesada, previamente unidas por un trozo de goma con gran capacidad de deformaci\u00f3n el\u00e1stica, y pongamos este dispositivo en posici\u00f3n horizontal (an\u00e1logo a las m\u00e1quinas de juego, donde una bola se lanza mediante una palanca el\u00e1stica). Por el otro extremo, la tablilla se apoya en resortes que se mantienen comprimidos. Luego, los resortes se expanden y las dos esferas unidas empiezan a moverse simult\u00e1neamente en un mismo plano. La esfera ligera se impulsa r\u00e1pidamente en la direcci\u00f3n de la fuerza aplicada, al igual que la pesada, pero la m\u00e1s masiva se rezagar\u00e1 y frenar\u00e1 la aceleraci\u00f3n de la esfera ligera, ya que est\u00e1n unidas por la goma, resistente a grandes deformaciones el\u00e1sticas. Lo mismo ocurre con los objetos sustanciales o antisustanciales, solo que en lugar de la \u00abgoma de uni\u00f3n\u00bb act\u00faa la interacci\u00f3n coulombiana, cuya reacci\u00f3n a la fuerza aplicada es an\u00e1loga al enlace de goma. Este mismo proceso se activa durante la desaceleraci\u00f3n, de lo cual se deduce:<\/span><\/p>\n<ul>\n<li style=\"text-align: justify;\" data-start=\"4139\" data-end=\"4520\"><span style=\"font-family: book antiqua, palatino, serif; font-size: 20px;\">El fen\u00f3meno de la inercia se activa en caso de acci\u00f3n sobre el objeto de una fuerza dirigida (vectorial).<\/span><\/li>\n<li style=\"text-align: justify;\" data-start=\"4139\" data-end=\"4520\"><span style=\"font-family: book antiqua, palatino, serif; font-size: 20px;\">La \u00abfuerza de inercia innata\u00bb es la reacci\u00f3n mec\u00e1nica del par (diada &#8211; antidiada) <span class=\"katex-eq\" data-katex-display=\"false\">\\left({\\overset{+}{p}}+{{\\overset{-}{e}}}\\right)<\/span> &#8211; <span class=\"katex-eq\" data-katex-display=\"false\">\\left({\\overset{+}{e}}+{{\\overset{-}{p}}}\\right)<\/span>, unido por la interacci\u00f3n de Coulomb, o de un objeto f\u00edsico compuesto por estos dobletes, a una fuerza externa aplicada.<\/span><\/li>\n<li style=\"text-align: justify;\" data-start=\"4522\" data-end=\"4686\"><span style=\"font-family: book antiqua, palatino, serif; font-size: 20px;\">La propiedad de la inercia, al igual que la fuerza de la gravedad <em>(campo electrodin\u00e1mico adicional)<\/em>, empiezan a manifestarse \u00fanicamente desde el enlace elemental:<\/span><\/li>\n<\/ul>\n<p style=\"text-align: center;\" data-start=\"4688\" data-end=\"4820\"><span style=\"font-family: book antiqua, palatino, serif; font-size: 24px;\"><span class=\"katex-eq\" data-katex-display=\"false\">\\left({\\overset{+}{p}}+{{\\overset{-}{e}}}\\right)<\/span> y <span class=\"katex-eq\" data-katex-display=\"false\">\\left({\\overset{+}{e}}+{{\\overset{-}{p}}}\\right)<\/span>.<\/span><\/p>\n<hr data-start=\"4822\" data-end=\"4825\" \/>\n<ul>\n<li style=\"text-align: justify;\"><span style=\"font-family: book antiqua, palatino, serif; font-size: 20px; color: #ff0000;\"><em>Dejar el comentario \u2013 no hace falta registro.<\/em><\/span><\/li>\n<li style=\"text-align: justify;\"><span style=\"font-family: book antiqua, palatino, serif; font-size: 20px; color: #ff0000;\"><em>Para <span class=\"st\">insertar<\/span> la ecuaci\u00f3n en los comentarios\u2013 utilizar el sistema \u00ab<a style=\"color: #ff0000;\" href=\"https:\/\/www.codecogs.com\/latex\/eqneditor.php\" target=\"_blank\" rel=\"noopener\">L\u00c1TEX<\/a>\u00ab. La f\u00f3rmula se abre con la palabra \u2013 katex [entre] y se cierra \u2013 katex [\/entre].<\/em><\/span><\/li>\n<li style=\"text-align: justify;\"><span style=\"font-family: book antiqua, palatino, serif; font-size: 20px; color: #ff0000;\"><em>Comentarios con enlaces \u2013 entraran en el correo no deseado, para verificar el contenido.<\/em><\/span><\/li>\n<\/ul>\n","protected":false},"excerpt":{"rendered":"<p>Numero de visitas &#8211; 11347 439 &#8211; Visitantes\u00a0 \u00a9 2013 El Autor \u2013 Roz\u00e1nov Oleg Nicol\u00e1evich\u00a0 Las traducciones de los t\u00edtulos, de los art\u00edculos, de los libros, de las citaciones y declaraciones de los\u00a0cient\u00edficos \u2013 posiblemente\u00a0\u00a0no coinciden letra a letra\u00a0con las traducciones oficiales, si tal existieran. \u00abPrincipios matem\u00e1ticos de la\u2026 <a class=\"continue-reading-link\" href=\"https:\/\/electromagnetic-universe-by-rozanov.space\/U_E_de_R\/?page_id=3601\">Continuar<\/a><\/p>\n","protected":false},"author":1,"featured_media":0,"parent":138,"menu_order":1,"comment_status":"open","ping_status":"open","template":"","meta":{"iawp_total_views":0,"footnotes":""},"class_list":["post-3601","page","type-page","status-publish","hentry"],"_links":{"self":[{"href":"https:\/\/electromagnetic-universe-by-rozanov.space\/U_E_de_R\/index.php?rest_route=\/wp\/v2\/pages\/3601","targetHints":{"allow":["GET"]}}],"collection":[{"href":"https:\/\/electromagnetic-universe-by-rozanov.space\/U_E_de_R\/index.php?rest_route=\/wp\/v2\/pages"}],"about":[{"href":"https:\/\/electromagnetic-universe-by-rozanov.space\/U_E_de_R\/index.php?rest_route=\/wp\/v2\/types\/page"}],"author":[{"embeddable":true,"href":"https:\/\/electromagnetic-universe-by-rozanov.space\/U_E_de_R\/index.php?rest_route=\/wp\/v2\/users\/1"}],"replies":[{"embeddable":true,"href":"https:\/\/electromagnetic-universe-by-rozanov.space\/U_E_de_R\/index.php?rest_route=%2Fwp%2Fv2%2Fcomments&post=3601"}],"version-history":[{"count":7,"href":"https:\/\/electromagnetic-universe-by-rozanov.space\/U_E_de_R\/index.php?rest_route=\/wp\/v2\/pages\/3601\/revisions"}],"predecessor-version":[{"id":5406,"href":"https:\/\/electromagnetic-universe-by-rozanov.space\/U_E_de_R\/index.php?rest_route=\/wp\/v2\/pages\/3601\/revisions\/5406"}],"up":[{"embeddable":true,"href":"https:\/\/electromagnetic-universe-by-rozanov.space\/U_E_de_R\/index.php?rest_route=\/wp\/v2\/pages\/138"}],"wp:attachment":[{"href":"https:\/\/electromagnetic-universe-by-rozanov.space\/U_E_de_R\/index.php?rest_route=%2Fwp%2Fv2%2Fmedia&parent=3601"}],"curies":[{"name":"wp","href":"https:\/\/api.w.org\/{rel}","templated":true}]}}