{"id":3898,"date":"2013-07-01T14:20:27","date_gmt":"2013-07-01T13:20:27","guid":{"rendered":"http:\/\/electromagnetic-universe-by-nnrozanov.org\/wp\/?page_id=3898"},"modified":"2025-09-26T09:20:01","modified_gmt":"2025-09-26T08:20:01","slug":"e-mc2-que-es","status":"publish","type":"page","link":"https:\/\/electromagnetic-universe-by-rozanov.space\/U_E_de_R\/?page_id=3898","title":{"rendered":"E = mc\u00b2, \u00bfqu\u00e9 significa o c\u00f3mo se \u00abcome\u00bb esto?"},"content":{"rendered":"Numero de visitas - 7018<br\/><div class='epvc-post-count'><span class='epvc-eye'><\/span>  <span class=\"epvc-count\"> 437<\/span><span class='epvc-label'> - Visitantes<\/span><\/div><h3 style=\"text-align: right;\">\u00a0<a href=\"https:\/\/electromagnetic-universe-by-rozanov.space\/E_V_R\/?page_id=3898\" target=\"_blank\" rel=\"noopener\"><img loading=\"lazy\" decoding=\"async\" class=\"alignnone size-full wp-image-4638\" src=\"https:\/\/electromagnetic-universe-by-rozanov.space\/U_E_de_R\/wp-content\/uploads\/flag-rus-100-50.jpg\" alt=\"\" width=\"100\" height=\"50\" \/><\/a> \u00a0<img loading=\"lazy\" decoding=\"async\" class=\"alignnone size-full wp-image-4637\" src=\"https:\/\/electromagnetic-universe-by-rozanov.space\/U_E_de_R\/wp-content\/uploads\/flag-eng-100-50.jpg\" alt=\"\" width=\"100\" height=\"50\" \/><\/h3>\n<p><img loading=\"lazy\" decoding=\"async\" class=\"aligncenter\" title=\"copyright_1.gif\" src=\"https:\/\/copyright.ru\/images\/TMCIMG\/copyright_1.gif\" alt=\"copyright_1.gif\" width=\"88\" height=\"31\" \/><\/p>\n<p style=\"text-align: right;\"><span style=\"font-family: book antiqua, palatino, serif; font-size: 24px;\"><strong>\u00a9 2013<\/strong><\/span><\/p>\n<p><span style=\"font-family: book antiqua, palatino, serif; font-size: 24px;\"><strong><em>El Autor \u2013 <\/em><\/strong><a href=\"https:\/\/electromagnetic-universe-by-rozanov.space\/U_E_de_R\/?page_id=3\" target=\"_blank\" rel=\"noopener\"><em><strong>Roz\u00e1nov Oleg Nicol\u00e1evich<\/strong><\/em><\/a><em><strong>\u00a0<\/strong><\/em><\/span><\/p>\n<p style=\"text-align: justify;\"><span style=\"font-size: 20px; font-family: book antiqua, palatino, serif; color: #ff0000;\"><em>Las traducciones de los t\u00edtulos, de los art\u00edculos, de los libros, de las citaciones y declaraciones de los\u00a0cient\u00edficos &#8211; posiblemente\u00a0\u00a0no coinciden letra a letra\u00a0con las traducciones oficiales, si tal existieran.<\/em><\/span><\/p>\n<blockquote>\n<p style=\"padding-left: 240px; text-align: right;\" data-start=\"215\" data-end=\"260\"><span style=\"font-size: 20px;\"><strong><em><span style=\"font-family: book antiqua, palatino, serif;\">Si se desea ser reconocido como cient\u00edfico, <\/span><\/em><\/strong><\/span><\/p>\n<p style=\"padding-left: 240px; text-align: right;\" data-start=\"215\" data-end=\"260\"><span style=\"font-size: 20px;\"><strong><em><span style=\"font-family: book antiqua, palatino, serif;\">conviene transformar lo simple en complejo,<\/span><\/em><\/strong><\/span><\/p>\n<p style=\"padding-left: 240px; text-align: right;\" data-start=\"215\" data-end=\"260\"><span style=\"font-size: 20px;\"><strong><em><span style=\"font-family: book antiqua, palatino, serif;\">lo complejo en muy complejo, <\/span><\/em><\/strong><\/span><\/p>\n<p style=\"padding-left: 240px; text-align: right;\" data-start=\"215\" data-end=\"260\"><span style=\"font-size: 20px;\"><strong><em><span style=\"font-family: book antiqua, palatino, serif;\">y lo muy complejo en casi imposible <\/span><\/em><\/strong><\/span><\/p>\n<p style=\"padding-left: 240px; text-align: right;\" data-start=\"215\" data-end=\"260\"><span style=\"font-size: 20px;\"><strong><em><span style=\"font-family: book antiqua, palatino, serif;\">de comprender para los dem\u00e1s.<\/span><\/em><\/strong><\/span><\/p>\n<p style=\"padding-left: 200px; text-align: right;\" data-start=\"413\" data-end=\"442\"><span style=\"font-size: 20px;\"><em><span style=\"font-family: book antiqua, palatino, serif;\">Poema dan\u00e9s del siglo XVII.<\/span><\/em><\/span><\/p>\n<\/blockquote>\n<p style=\"text-align: justify;\"><span style=\"font-family: book antiqua, palatino, serif; font-size: 20px;\">Este art\u00edculo surge tras revisar diversas interpretaciones de algunos \u00abespecialistas en f\u00edsica b\u00e1sica\u00bb que intentan explicar el significado fundamental de una constante f\u00edsica o de una ley de la naturaleza: la <strong data-start=\"654\" data-end=\"721\">equivalencia entre energ\u00eda y masa contenida en un cuerpo f\u00edsico<\/strong>. Algunos relacionan esta magnitud con el origen del Universo, mientras que otros sostienen que la f\u00f3rmula es v\u00e1lida \u00fanicamente para cuerpos en reposo, entre otras posturas.<\/span><\/p>\n<p style=\"text-align: justify;\"><span style=\"font-family: book antiqua, palatino, serif; font-size: 20px;\">La comprensi\u00f3n de la equivalencia entre energ\u00eda y masa inercial \u2014o del <a href=\"https:\/\/electromagnetic-universe-by-rozanov.space\/U_E_de_R\/?page_id=3503\" target=\"_blank\" rel=\"noopener\"><strong>incremento relativista de la masa en part\u00edculas elementales<\/strong><\/a>\u2014, incluso entre individuos con formaci\u00f3n acad\u00e9mica, suele derivar en una confusa combinaci\u00f3n de terminolog\u00eda cient\u00edfica y explicaciones carentes de rigor. Sin embargo, el coeficiente de equivalencia <span style=\"font-size: 24px;\"><strong><em>(C\u00b2)<\/em><\/strong><\/span> no es m\u00e1s que una constante universal, semejante en su car\u00e1cter a la relaci\u00f3n entre la circunferencia y su di\u00e1metro, expresada por el n\u00famero <span style=\"font-size: 28px;\"><em>\u03c0<\/em><\/span>.<\/span><\/p>\n<p style=\"text-align: justify;\"><span style=\"font-family: book antiqua, palatino, serif; font-size: 20px;\">Esto sugiere que el proceso educativo en f\u00edsica, al fomentar un pensamiento excesivamente abstracto basado en nociones secundarias, permite la proliferaci\u00f3n de interpretaciones especulativas. Ejemplos de ello son la manera en que se presentan como certezas el <em><strong>\u00abdescubrimiento del bos\u00f3n de Higgs\u00bb<\/strong><\/em> o la propuesta de un quinto y un sexto tipo de interacci\u00f3n fundamental. Dichas interpretaciones, a menudo sostenidas con fondos p\u00fablicos, prosperan en gran medida debido a que amplios sectores sociales carecen de una comprensi\u00f3n de las regularidades f\u00edsicas m\u00e1s elementales.<\/span><\/p>\n<p style=\"text-align: justify;\"><span style=\"font-family: book antiqua, palatino, serif; font-size: 20px;\">Por esta raz\u00f3n, para los lectores genuinamente interesados, propongo una explicaci\u00f3n clara y accesible de por qu\u00e9 <span style=\"font-size: 24px;\"><em><strong>(C\u00b2)<\/strong><\/em><\/span> constituye \u00fanicamente un n\u00famero o coeficiente que relaciona energ\u00eda y masa. Asimismo, conf\u00edo en que esta exposici\u00f3n sea comprensible tanto para estudiantes como para responsables pol\u00edticos, pues en la actualidad un dirigente carente de cultura t\u00e9cnica dif\u00edcilmente puede evitar convertirse en un lastre social.<\/span><\/p>\n<p><span style=\"text-decoration: underline;\"><span style=\"font-size: 24px;\"><strong><span style=\"font-family: book antiqua, palatino, serif;\">Constantes f\u00edsicas.<\/span><\/strong><\/span><\/span><\/p>\n<p style=\"text-align: justify;\"><span style=\"font-family: book antiqua, palatino, serif; font-size: 20px;\">La energ\u00eda puede expresarse en el Sistema Internacional<em><strong> (SI)<\/strong> <\/em>mediante <strong data-start=\"2497\" data-end=\"2511\">julios <span style=\"font-size: 24px;\"><em>(J)<\/em><\/span><\/strong> y <strong data-start=\"2514\" data-end=\"2539\">electr\u00f3n-voltios <span style=\"font-size: 24px;\"><em>(eV)<\/em><\/span><\/strong>, esta \u00faltima habitual en la f\u00edsica de part\u00edculas de altas energ\u00edas<\/span><\/p>\n<p style=\"text-align: center;\"><strong><span style=\"font-family: book antiqua, palatino, serif; font-size: 28px;\">1<\/span><\/strong><em><span style=\"font-family: book antiqua, palatino, serif; font-size: 28px;\"><sub>(eV)<\/sub><\/span><\/em><strong><span style=\"font-family: book antiqua, palatino, serif; font-size: 28px;\"> = 1,6021892 \u00d7 10\u207b\u00b9\u2079 <\/span><\/strong><em><span style=\"font-family: book antiqua, palatino, serif; font-size: 28px;\"><sub>(J)<\/sub>.<\/span><\/em><\/p>\n<p style=\"text-align: justify;\"><span style=\"font-family: book antiqua, palatino, serif; font-size: 20px;\">Esta relaci\u00f3n constituye una constante f\u00edsica aceptada internacionalmente; v\u00e9ase <em data-start=\"2723\" data-end=\"2771\">Metrolog\u00eda cu\u00e1ntica y constantes fundamentales<\/em>,<em> Ed. Mir, Mosc\u00fa, 1981.<\/em><\/span><\/p>\n<p data-start=\"2799\" data-end=\"2827\"><span style=\"font-family: book antiqua, palatino, serif; font-size: 20px;\"><strong data-start=\"2799\" data-end=\"2825\">1. Electr\u00f3n \u2014 positr\u00f3n<\/strong><\/span><\/p>\n<ul data-start=\"2829\" data-end=\"2924\">\n<li data-start=\"2829\" data-end=\"2878\">\n<p data-start=\"2831\" data-end=\"2878\"><span style=\"font-family: book antiqua, palatino, serif; font-size: 20px;\">Energ\u00eda de masa en reposo: <\/span><\/p>\n<\/li>\n<\/ul>\n<p style=\"text-align: center;\" data-start=\"2831\" data-end=\"2878\"><span style=\"font-family: book antiqua, palatino, serif; font-size: 28px;\"><strong>0,5110034 \u00d7 10\u2076<\/strong><sub><em>(eV)<\/em><\/sub><em>.<\/em><\/span><\/p>\n<ul data-start=\"2829\" data-end=\"2924\">\n<li data-start=\"2879\" data-end=\"2924\">\n<p data-start=\"2881\" data-end=\"2924\"><span style=\"font-family: book antiqua, palatino, serif; font-size: 20px;\">Masa en reposo <span style=\"font-size: 24px;\"><em><strong>(SI)<\/strong><\/em><\/span>: <\/span><\/p>\n<\/li>\n<\/ul>\n<p style=\"text-align: center;\" data-start=\"2881\" data-end=\"2924\"><span style=\"font-family: book antiqua, palatino, serif; font-size: 28px;\"><strong>9,1095344 \u00d7 10\u207b\u00b3\u00b9<\/strong><sub><em>(kg)<\/em><\/sub><em>.<\/em><\/span><\/p>\n<p data-start=\"2926\" data-end=\"2951\"><span style=\"font-family: book antiqua, palatino, serif; font-size: 20px;\"><strong data-start=\"2926\" data-end=\"2949\">Prot\u00f3n \u2014 antiprot\u00f3n<\/strong><\/span><\/p>\n<ul data-start=\"2953\" data-end=\"3046\">\n<li data-start=\"2953\" data-end=\"3001\">\n<p data-start=\"2955\" data-end=\"3001\"><span style=\"font-family: book antiqua, palatino, serif; font-size: 20px;\">Energ\u00eda de masa en reposo: <\/span><\/p>\n<\/li>\n<\/ul>\n<p style=\"text-align: center;\" data-start=\"2955\" data-end=\"3001\"><span style=\"font-family: book antiqua, palatino, serif; font-size: 28px;\"><strong>938,2796 \u00d7 10\u2076<\/strong><sub><em>(eV)<\/em><\/sub><em>.<\/em><\/span><\/p>\n<ul data-start=\"2953\" data-end=\"3046\">\n<li data-start=\"3002\" data-end=\"3046\">\n<p data-start=\"3004\" data-end=\"3046\"><span style=\"font-family: book antiqua, palatino, serif; font-size: 20px;\">Masa en reposo <span style=\"font-size: 24px;\"><strong><em>(SI)<\/em><\/strong><\/span>: <\/span><\/p>\n<\/li>\n<\/ul>\n<p style=\"text-align: center;\" data-start=\"3004\" data-end=\"3046\"><span style=\"font-size: 28px;\"><strong><span style=\"font-family: book antiqua, palatino, serif;\">1,672648 \u00d7 10\u207b\u00b2\u2077<\/span><\/strong><em><span style=\"font-family: book antiqua, palatino, serif;\"><sub>(kg)<\/sub>.<\/span><\/em><\/span><\/p>\n<p data-start=\"3048\" data-end=\"3092\"><span style=\"font-family: book antiqua, palatino, serif; font-size: 20px;\">Convertimos ahora estas energ\u00edas a<strong> julios<\/strong>:<\/span><\/p>\n<ul data-start=\"3094\" data-end=\"3305\">\n<li data-start=\"3094\" data-end=\"3199\">\n<p style=\"text-align: left;\" data-start=\"3096\" data-end=\"3199\"><span style=\"font-family: book antiqua, palatino, serif; font-size: 20px;\">Electr\u00f3n \u2014 positr\u00f3n:<\/span><\/p>\n<\/li>\n<\/ul>\n<p align=\"center\"><span style=\"font-family: book antiqua, palatino, serif; font-size: 28px;\"><strong>0,5110034 \u00d7 10<sup>6<\/sup><\/strong><i><sub>(<\/sub><\/i><i><sub>eV<\/sub><\/i><i><sub>) <\/sub><\/i><strong>\u00d7 1,6021892 \u00d7 10<sup>-19<\/sup><\/strong><i><sub>(j)<\/sub><\/i><\/span><\/p>\n<p align=\"center\"><span style=\"font-family: book antiqua, palatino, serif; font-size: 28px;\"><b>\u00a0= 0,81872412864328 \u00d7 <\/b><b>10<sup>-13<\/sup><\/b><i><sub>(j)<\/sub>.<\/i><\/span><\/p>\n<ul data-start=\"3094\" data-end=\"3305\">\n<li data-start=\"3201\" data-end=\"3305\">\n<p data-start=\"3203\" data-end=\"3305\"><span style=\"font-family: book antiqua, palatino, serif; font-size: 20px;\">Prot\u00f3n \u2014 antiprot\u00f3n:<\/span><\/p>\n<\/li>\n<\/ul>\n<p style=\"text-align: center;\"><span style=\"font-family: book antiqua, palatino, serif; font-size: 28px;\"><strong>938,2796 \u00d7 10<sup>6<\/sup><\/strong><em><sub>(<\/sub><sub>eV<\/sub><sub>)<\/sub><\/em><strong>\u00d7 1,6021892 \u00d7 10<sup>-19<\/sup><\/strong><em><sub>(j)<\/sub><\/em><\/span><\/p>\n<p style=\"text-align: center;\"><span style=\"font-family: book antiqua, palatino, serif; font-size: 28px;\"><strong>=<\/strong> <strong>1503,30144170032 \u00d7 10<sup>-1<\/sup><sup>3<\/sup><\/strong><em><sub>(j)<\/sub>.<\/em><\/span><\/p>\n<p data-start=\"3307\" data-end=\"3352\"><span style=\"font-family: book antiqua, palatino, serif; font-size: 24px;\"><strong data-start=\"3307\" data-end=\"3350\">Relaci\u00f3n entre energ\u00eda y masa:<\/strong><\/span><\/p>\n<p style=\"text-align: center;\" data-start=\"3307\" data-end=\"3352\"><span style=\"font-family: book antiqua, palatino, serif; font-size: 28px;\"><em><strong>E <span style=\"font-size: 36px;\">\/<\/span> m = C<sup>2<\/sup><\/strong><\/em>,<\/span><\/p>\n<ul data-start=\"3354\" data-end=\"3553\">\n<li data-start=\"3354\" data-end=\"3454\">\n<p data-start=\"3356\" data-end=\"3454\"><span style=\"font-family: book antiqua, palatino, serif; font-size: 20px;\">Electr\u00f3n \u2014 positr\u00f3n:<\/span><\/p>\n<\/li>\n<\/ul>\n<p style=\"text-align: center;\"><span style=\"font-family: book antiqua, palatino, serif; font-size: 28px;\"><strong>0,818724128 \u00d7 10<sup>-13<\/sup><\/strong><em><sub>(j) <\/sub><\/em><strong><span style=\"font-size: 36px;\">\/<\/span> 9,109534439 \u00d7 10<sup>-31<\/sup><\/strong><em><sub>(kg)<\/sub><\/em><\/span><\/p>\n<p style=\"text-align: center;\"><span style=\"font-family: book antiqua, palatino, serif; font-size: 28px;\"><strong>= 0,0898755182 \u00d7 10<sup>18<\/sup> =\u00a0<span style=\"color: #ff0000;\"> 8,98755182 \u00d7 10<sup>16<\/sup><\/span><\/strong><em><sub>(m<\/sub><\/em><em><sub><sup>2<\/sup>\/seg<sup>2<\/sup>)<\/sub><\/em>.<\/span><\/p>\n<ul data-start=\"3354\" data-end=\"3553\">\n<li data-start=\"3456\" data-end=\"3553\">\n<p data-start=\"3458\" data-end=\"3553\"><span style=\"font-family: book antiqua, palatino, serif; font-size: 20px;\">Prot\u00f3n \u2014 antiprot\u00f3n:<\/span><\/p>\n<\/li>\n<\/ul>\n<p style=\"text-align: center;\"><span style=\"font-family: book antiqua, palatino, serif; font-size: 28px;\"><strong>1503,30144 \u00d7 10<sup>-13<\/sup><\/strong><em><sub>(j) <\/sub><\/em><strong>\/ 1,6726484 \u00d7 10<sup>-27<\/sup><\/strong><em><sub>(kg)<\/sub><\/em><\/span><\/p>\n<p style=\"text-align: center;\"><span style=\"font-family: book antiqua, palatino, serif; font-size: 28px;\"><strong>= 898,755182 \u00d7 10<sup>14<\/sup> = <span style=\"color: #ff0000;\">8,98755182 \u00d7 10<sup>16<\/sup><\/span><\/strong><em><sub>(m<\/sub><\/em><em><sub><sup>2<\/sup>\/seg<sup>2<\/sup>)<\/sub><\/em><strong>.<\/strong><\/span><\/p>\n<p style=\"text-align: justify;\" data-start=\"3458\" data-end=\"3553\"><span style=\"font-family: book antiqua, palatino, serif; font-size: 20px;\">Se observa que, en ambos casos, la relaci\u00f3n <strong>energ\u00eda\/masa<\/strong> es igual al cuadrado de la velocidad de la luz <span style=\"font-size: 24px;\"><strong><em>(C\u00b2)<\/em><\/strong><\/span>.<\/span><\/p>\n<p data-start=\"3668\" data-end=\"3695\"><span style=\"text-decoration: underline;\"><span style=\"font-family: book antiqua, palatino, serif; font-size: 24px;\"><strong data-start=\"3668\" data-end=\"3693\">Cuerpos en movimiento.<\/strong><\/span><\/span><\/p>\n<p data-start=\"3697\" data-end=\"3768\"><span style=\"font-family: book antiqua, palatino, serif; font-size: 20px;\">El incremento de la masa relativista se expresa mediante la ecuaci\u00f3n:<\/span><\/p>\n<p style=\"text-align: center;\" data-start=\"3770\" data-end=\"3783\"><em><strong><span style=\"font-family: book antiqua, palatino, serif; font-size: 28px;\">\u0394m = T \/ C\u00b2<\/span><\/strong><\/em><\/p>\n<p style=\"text-align: right;\" data-start=\"3785\" data-end=\"3855\"><em><span style=\"font-family: book antiqua, palatino, serif; font-size: 20px;\">donde <span style=\"font-size: 24px;\"><strong data-start=\"3791\" data-end=\"3796\">T<\/strong><\/span> representa la energ\u00eda cin\u00e9tica del objeto en movimiento.<\/span><\/em><\/p>\n<p data-start=\"3857\" data-end=\"3959\"><span style=\"font-family: book antiqua, palatino, serif; font-size: 20px;\">De este modo, el aumento de masa tambi\u00e9n resulta proporcional al cuadrado de la velocidad de la luz.<\/span><\/p>\n<p data-start=\"3961\" data-end=\"3977\"><span style=\"text-decoration: underline;\"><span style=\"font-family: book antiqua, palatino, serif; font-size: 24px;\"><strong data-start=\"3961\" data-end=\"3975\">Conclusi\u00f3n.<\/strong><\/span><\/span><\/p>\n<p style=\"text-align: justify;\" data-start=\"3979\" data-end=\"4032\"><span style=\"font-family: book antiqua, palatino, serif; font-size: 20px;\">La energ\u00eda total de un cuerpo f\u00edsico se compone de:<\/span><\/p>\n<ul style=\"text-align: justify;\" data-start=\"4033\" data-end=\"4155\">\n<li data-start=\"4033\" data-end=\"4058\">\n<p data-start=\"4035\" data-end=\"4058\"><span style=\"font-family: book antiqua, palatino, serif; font-size: 20px;\">la energ\u00eda de reposo,<\/span><\/p>\n<\/li>\n<li data-start=\"4059\" data-end=\"4107\">\n<p data-start=\"4061\" data-end=\"4107\"><span style=\"font-family: book antiqua, palatino, serif; font-size: 20px;\">la energ\u00eda de enlace de part\u00edculas y \u00e1tomos,<\/span><\/p>\n<\/li>\n<li data-start=\"4108\" data-end=\"4155\">\n<p data-start=\"4110\" data-end=\"4155\"><span style=\"font-family: book antiqua, palatino, serif; font-size: 20px;\">y la energ\u00eda cin\u00e9tica debida al movimiento.<\/span><\/p>\n<\/li>\n<\/ul>\n<p style=\"text-align: justify;\" data-start=\"4157\" data-end=\"4364\"><span style=\"font-family: book antiqua, palatino, serif; font-size: 20px;\">Dado que tanto la suma de las masas en reposo como el incremento relativista de la masa son proporcionales a <span style=\"font-size: 24px;\"><em><strong>C\u00b2<\/strong><\/em><\/span>, la equivalencia energ\u00eda\u2013masa resulta v\u00e1lida tanto para cuerpos en reposo como en movimiento:<\/span><\/p>\n<p style=\"text-align: center;\" data-start=\"4157\" data-end=\"4364\"><strong><span style=\"font-size: 28px;\"><span style=\"font-family: book antiqua, palatino, serif;\"><span style=\"font-size: 32px;\"><em>E<\/em><\/span> = <span style=\"font-size: 32px;\"><em>m(m&#8217;) <\/em><\/span>\u00d7 <em>C<\/em><\/span><sup><em><span style=\"font-family: book antiqua, palatino, serif;\">2<\/span><\/em><\/sup><em><span style=\"font-family: book antiqua, palatino, serif;\">.<\/span><\/em><\/span><\/strong><\/p>\n<p style=\"text-align: justify;\" data-start=\"4366\" data-end=\"4767\"><span style=\"font-family: book antiqua, palatino, serif; font-size: 20px;\">Cabe se\u00f1alar que la elementalidad de protones y electrones no es absoluta: los c\u00e1lculos sugieren que podr\u00edan estar constituidos por estructuras fractales comunes. Sin embargo, en ausencia de evidencia experimental de la desintegraci\u00f3n espont\u00e1nea del prot\u00f3n en quarks, resulta metodol\u00f3gicamente razonable considerarlos como part\u00edculas elementales dentro de los l\u00edmites del conocimiento humano actual.<\/span><\/p>\n<p style=\"text-align: justify;\" data-start=\"4769\" data-end=\"5036\"><span style=\"font-family: book antiqua, palatino, serif; font-size: 20px;\">As\u00ed, se puede concluir que toda especulaci\u00f3n en torno al coeficiente <em><span style=\"font-size: 24px;\">(<strong>C\u00b2<\/strong>)<\/span><\/em>, imprescindible para el c\u00e1lculo de la masa inercial o de los incrementos relativistas de masa, as\u00ed como de la energ\u00eda asociada a cualquier objeto f\u00edsico, queda debidamente aclarada y cerrada.<\/span><\/p>\n<hr \/>\n<ul>\n<li style=\"text-align: justify;\"><span style=\"font-family: book antiqua, palatino, serif; font-size: 20px; color: #ff0000;\"><em>Dejar el comentario \u2013 no hace falta registro.<\/em><\/span><\/li>\n<li style=\"text-align: justify;\"><span style=\"font-family: book antiqua, palatino, serif; font-size: 20px; color: #ff0000;\"><em>Para <span class=\"st\">insertar<\/span> la ecuaci\u00f3n en los comentarios\u2013 utilizar el sistema \u00ab<a style=\"color: #ff0000;\" href=\"https:\/\/www.codecogs.com\/latex\/eqneditor.php\" target=\"_blank\" rel=\"noopener\">L\u00c1TEX<\/a>\u00ab. La f\u00f3rmula se abre con la palabra \u2013 katex [entre] y se cierra \u2013 katex [\/entre].<\/em><\/span><\/li>\n<li style=\"text-align: justify;\"><span style=\"font-family: book antiqua, palatino, serif; font-size: 20px; color: #ff0000;\"><em>Comentarios con enlaces \u2013 entraran en el correo no deseado, para verificar el contenido.<\/em><\/span><\/li>\n<\/ul>\n","protected":false},"excerpt":{"rendered":"<p>Numero de visitas &#8211; 7018 437 &#8211; Visitantes\u00a0 \u00a0 \u00a9 2013 El Autor \u2013 Roz\u00e1nov Oleg Nicol\u00e1evich\u00a0 Las traducciones de los t\u00edtulos, de los art\u00edculos, de los libros, de las citaciones y declaraciones de los\u00a0cient\u00edficos &#8211; posiblemente\u00a0\u00a0no coinciden letra a letra\u00a0con las traducciones oficiales, si tal existieran. Si se desea\u2026 <a class=\"continue-reading-link\" href=\"https:\/\/electromagnetic-universe-by-rozanov.space\/U_E_de_R\/?page_id=3898\">Continuar<\/a><\/p>\n","protected":false},"author":1,"featured_media":0,"parent":138,"menu_order":4,"comment_status":"open","ping_status":"open","template":"","meta":{"iawp_total_views":1,"footnotes":""},"class_list":["post-3898","page","type-page","status-publish","hentry"],"_links":{"self":[{"href":"https:\/\/electromagnetic-universe-by-rozanov.space\/U_E_de_R\/index.php?rest_route=\/wp\/v2\/pages\/3898","targetHints":{"allow":["GET"]}}],"collection":[{"href":"https:\/\/electromagnetic-universe-by-rozanov.space\/U_E_de_R\/index.php?rest_route=\/wp\/v2\/pages"}],"about":[{"href":"https:\/\/electromagnetic-universe-by-rozanov.space\/U_E_de_R\/index.php?rest_route=\/wp\/v2\/types\/page"}],"author":[{"embeddable":true,"href":"https:\/\/electromagnetic-universe-by-rozanov.space\/U_E_de_R\/index.php?rest_route=\/wp\/v2\/users\/1"}],"replies":[{"embeddable":true,"href":"https:\/\/electromagnetic-universe-by-rozanov.space\/U_E_de_R\/index.php?rest_route=%2Fwp%2Fv2%2Fcomments&post=3898"}],"version-history":[{"count":9,"href":"https:\/\/electromagnetic-universe-by-rozanov.space\/U_E_de_R\/index.php?rest_route=\/wp\/v2\/pages\/3898\/revisions"}],"predecessor-version":[{"id":5123,"href":"https:\/\/electromagnetic-universe-by-rozanov.space\/U_E_de_R\/index.php?rest_route=\/wp\/v2\/pages\/3898\/revisions\/5123"}],"up":[{"embeddable":true,"href":"https:\/\/electromagnetic-universe-by-rozanov.space\/U_E_de_R\/index.php?rest_route=\/wp\/v2\/pages\/138"}],"wp:attachment":[{"href":"https:\/\/electromagnetic-universe-by-rozanov.space\/U_E_de_R\/index.php?rest_route=%2Fwp%2Fv2%2Fmedia&parent=3898"}],"curies":[{"name":"wp","href":"https:\/\/api.w.org\/{rel}","templated":true}]}}