{"id":420,"date":"2010-03-12T20:52:04","date_gmt":"2010-03-12T19:52:04","guid":{"rendered":"http:\/\/electromagnetic-universe-by-nnrozanov.org\/wp\/?page_id=420"},"modified":"2025-09-04T13:27:33","modified_gmt":"2025-09-04T12:27:33","slug":"espanol-anexo-2","status":"publish","type":"page","link":"https:\/\/electromagnetic-universe-by-rozanov.space\/U_E_de_R\/?page_id=420","title":{"rendered":"Aplicaci\u00f3n &#8211; 2"},"content":{"rendered":"Numero de visitas - 5995<br\/><div class='epvc-post-count'><span class='epvc-eye'><\/span>  <span class=\"epvc-count\"> 446<\/span><span class='epvc-label'> - Visitantes<\/span><\/div><p style=\"text-align: right;\"><a href=\"https:\/\/electromagnetic-universe-by-rozanov.space\/E_V_R\/?page_id=420\" target=\"_blank\" rel=\"noopener\"><img loading=\"lazy\" decoding=\"async\" class=\"alignnone size-full wp-image-4638\" src=\"https:\/\/electromagnetic-universe-by-rozanov.space\/U_E_de_R\/wp-content\/uploads\/flag-rus-100-50.jpg\" alt=\"\" width=\"100\" height=\"50\" \/><\/a> \u00a0<img loading=\"lazy\" decoding=\"async\" class=\"alignnone size-full wp-image-4637\" src=\"https:\/\/electromagnetic-universe-by-rozanov.space\/U_E_de_R\/wp-content\/uploads\/flag-eng-100-50.jpg\" alt=\"\" width=\"100\" height=\"50\" \/><\/p>\n<p style=\"text-align: center;\"><span style=\"text-decoration: underline;\"><img loading=\"lazy\" decoding=\"async\" style=\"width: 88px; height: 31px;\" title=\"copyright_1.gif\" src=\"http:\/\/copyright.ru\/images\/TMCIMG\/copyright_1.gif\" alt=\"copyright_1.gif\" width=\"88\" height=\"31\" \/><\/span><\/p>\n<p style=\"text-align: right;\"><span style=\"font-family: book antiqua, palatino, serif; font-size: 28px;\"><strong>\u00a9 2006<\/strong><\/span><\/p>\n<p style=\"text-align: justify;\"><a href=\"https:\/\/electromagnetic-universe-by-rozanov.space\/U_E_de_R\/?page_id=3\" target=\"_blank\" rel=\"noopener\"><em><strong><span style=\"font-family: book antiqua, palatino, serif; font-size: 24px;\">\u00a0El Autor &#8211; Roz\u00e1nov Nicol\u00e1i Nicol\u00e1evich<\/span><\/strong><\/em><\/a><\/p>\n<p style=\"text-align: center;\"><span style=\"text-decoration: underline;\"><strong><span style=\"font-family: book antiqua, palatino, serif; font-size: 24px;\">La naturaleza electromagn\u00e9tica de la gravedad.<\/span><\/strong><\/span><\/p>\n<p><a href=\"https:\/\/electromagnetic-universe-by-rozanov.space\/U_E_de_R\/wp-content\/uploads\/Anexo-2-1-es-scaled.jpg\"><img loading=\"lazy\" decoding=\"async\" class=\"size-full wp-image-4816 aligncenter\" src=\"https:\/\/electromagnetic-universe-by-rozanov.space\/U_E_de_R\/wp-content\/uploads\/Anexo-2-1-es-scaled.jpg\" alt=\"\" width=\"2560\" height=\"1580\" srcset=\"https:\/\/electromagnetic-universe-by-rozanov.space\/U_E_de_R\/wp-content\/uploads\/Anexo-2-1-es-scaled.jpg 2560w, https:\/\/electromagnetic-universe-by-rozanov.space\/U_E_de_R\/wp-content\/uploads\/Anexo-2-1-es-300x185.jpg 300w, https:\/\/electromagnetic-universe-by-rozanov.space\/U_E_de_R\/wp-content\/uploads\/Anexo-2-1-es-1024x632.jpg 1024w, https:\/\/electromagnetic-universe-by-rozanov.space\/U_E_de_R\/wp-content\/uploads\/Anexo-2-1-es-768x474.jpg 768w, https:\/\/electromagnetic-universe-by-rozanov.space\/U_E_de_R\/wp-content\/uploads\/Anexo-2-1-es-1536x948.jpg 1536w, https:\/\/electromagnetic-universe-by-rozanov.space\/U_E_de_R\/wp-content\/uploads\/Anexo-2-1-es-2048x1264.jpg 2048w, https:\/\/electromagnetic-universe-by-rozanov.space\/U_E_de_R\/wp-content\/uploads\/Anexo-2-1-es-243x150.jpg 243w, https:\/\/electromagnetic-universe-by-rozanov.space\/U_E_de_R\/wp-content\/uploads\/Anexo-2-1-es-150x93.jpg 150w\" sizes=\"auto, (max-width: 2560px) 100vw, 2560px\" \/><\/a><\/p>\n<p><a href=\"https:\/\/electromagnetic-universe-by-rozanov.space\/U_E_de_R\/wp-content\/uploads\/deltaQ_atr.png\"><img loading=\"lazy\" decoding=\"async\" class=\"size-full wp-image-4813 aligncenter\" src=\"https:\/\/electromagnetic-universe-by-rozanov.space\/U_E_de_R\/wp-content\/uploads\/deltaQ_atr.png\" alt=\"\" width=\"1471\" height=\"361\" srcset=\"https:\/\/electromagnetic-universe-by-rozanov.space\/U_E_de_R\/wp-content\/uploads\/deltaQ_atr.png 1471w, https:\/\/electromagnetic-universe-by-rozanov.space\/U_E_de_R\/wp-content\/uploads\/deltaQ_atr-300x74.png 300w, https:\/\/electromagnetic-universe-by-rozanov.space\/U_E_de_R\/wp-content\/uploads\/deltaQ_atr-1024x251.png 1024w, https:\/\/electromagnetic-universe-by-rozanov.space\/U_E_de_R\/wp-content\/uploads\/deltaQ_atr-768x188.png 768w, https:\/\/electromagnetic-universe-by-rozanov.space\/U_E_de_R\/wp-content\/uploads\/deltaQ_atr-250x61.png 250w, https:\/\/electromagnetic-universe-by-rozanov.space\/U_E_de_R\/wp-content\/uploads\/deltaQ_atr-150x37.png 150w\" sizes=\"auto, (max-width: 1471px) 100vw, 1471px\" \/><\/a><\/p>\n<p style=\"text-align: center;\"><strong><span style=\"font-family: book antiqua, palatino, serif; font-size: 24px;\">La naturaleza electromagn\u00e9tica de la antigravedad.<\/span><\/strong><\/p>\n<p><a href=\"https:\/\/electromagnetic-universe-by-rozanov.space\/U_E_de_R\/wp-content\/uploads\/Anexo-2-1-1-es-scaled.jpg\"><img loading=\"lazy\" decoding=\"async\" class=\"size-full wp-image-4817 aligncenter\" src=\"https:\/\/electromagnetic-universe-by-rozanov.space\/U_E_de_R\/wp-content\/uploads\/Anexo-2-1-1-es-scaled.jpg\" alt=\"\" width=\"2560\" height=\"1599\" srcset=\"https:\/\/electromagnetic-universe-by-rozanov.space\/U_E_de_R\/wp-content\/uploads\/Anexo-2-1-1-es-scaled.jpg 2560w, https:\/\/electromagnetic-universe-by-rozanov.space\/U_E_de_R\/wp-content\/uploads\/Anexo-2-1-1-es-300x187.jpg 300w, https:\/\/electromagnetic-universe-by-rozanov.space\/U_E_de_R\/wp-content\/uploads\/Anexo-2-1-1-es-1024x640.jpg 1024w, https:\/\/electromagnetic-universe-by-rozanov.space\/U_E_de_R\/wp-content\/uploads\/Anexo-2-1-1-es-768x480.jpg 768w, https:\/\/electromagnetic-universe-by-rozanov.space\/U_E_de_R\/wp-content\/uploads\/Anexo-2-1-1-es-1536x960.jpg 1536w, https:\/\/electromagnetic-universe-by-rozanov.space\/U_E_de_R\/wp-content\/uploads\/Anexo-2-1-1-es-2048x1279.jpg 2048w, https:\/\/electromagnetic-universe-by-rozanov.space\/U_E_de_R\/wp-content\/uploads\/Anexo-2-1-1-es-240x150.jpg 240w, https:\/\/electromagnetic-universe-by-rozanov.space\/U_E_de_R\/wp-content\/uploads\/Anexo-2-1-1-es-150x94.jpg 150w\" sizes=\"auto, (max-width: 2560px) 100vw, 2560px\" \/><\/a><\/p>\n<p><a href=\"https:\/\/electromagnetic-universe-by-rozanov.space\/U_E_de_R\/wp-content\/uploads\/delta_q_rep.png\"><img loading=\"lazy\" decoding=\"async\" class=\"size-full wp-image-4814 aligncenter\" src=\"https:\/\/electromagnetic-universe-by-rozanov.space\/U_E_de_R\/wp-content\/uploads\/delta_q_rep.png\" alt=\"\" width=\"1358\" height=\"345\" srcset=\"https:\/\/electromagnetic-universe-by-rozanov.space\/U_E_de_R\/wp-content\/uploads\/delta_q_rep.png 1358w, https:\/\/electromagnetic-universe-by-rozanov.space\/U_E_de_R\/wp-content\/uploads\/delta_q_rep-300x76.png 300w, https:\/\/electromagnetic-universe-by-rozanov.space\/U_E_de_R\/wp-content\/uploads\/delta_q_rep-1024x260.png 1024w, https:\/\/electromagnetic-universe-by-rozanov.space\/U_E_de_R\/wp-content\/uploads\/delta_q_rep-768x195.png 768w, https:\/\/electromagnetic-universe-by-rozanov.space\/U_E_de_R\/wp-content\/uploads\/delta_q_rep-250x64.png 250w, https:\/\/electromagnetic-universe-by-rozanov.space\/U_E_de_R\/wp-content\/uploads\/delta_q_rep-150x38.png 150w\" sizes=\"auto, (max-width: 1358px) 100vw, 1358px\" \/><\/a><\/p>\n<p style=\"text-align: justify;\" data-start=\"165\" data-end=\"500\"><span style=\"font-family: book antiqua, palatino, serif; font-size: 20px;\">Donde \u2013 <span class=\"katex-eq\" data-katex-display=\"false\">\\left(\\Delta\\overset{\\pm}{q}\\right)<\/span> \u2013 es la carga electrodin\u00e1mica que surge en las diadas y antidiadas como resultado de la rotaci\u00f3n de los electrones-positrones <span class=\"katex-eq\" data-katex-display=\"false\">\\left(\\overset{\\pm}{e}\\right)<\/span> y de los protones-antiprotones <span class=\"katex-eq\" data-katex-display=\"false\">\\left(\\overset{\\mp}{p}\\right)<\/span> alrededor del centro de masas com\u00fan.<\/span><\/p>\n<p style=\"text-align: justify;\" data-start=\"502\" data-end=\"871\"><span style=\"font-family: book antiqua, palatino, serif; font-size: 20px;\">Dado que la masa en reposo de los electrones-positrones <span class=\"katex-eq\" data-katex-display=\"false\">\\left(\\overset{\\pm}{e}\\right)<\/span> es aproximadamente 1836 veces menor que la masa en reposo de los protones-antiprotones <span class=\"katex-eq\" data-katex-display=\"false\">\\left(\\overset{\\mp}{p}\\right)<\/span>, se sigue que la velocidad de rotaci\u00f3n de los electrones-positrones es mayor en el mismo factor, y <span class=\"katex-eq\" data-katex-display=\"false\">\\left( \\beta^{2} \\right)<\/span> es mayor en unas ~1836\u00b2 veces.<\/span><\/p>\n<p style=\"text-align: justify;\" data-start=\"873\" data-end=\"1220\"><span style=\"font-family: book antiqua, palatino, serif; font-size: 20px;\">Por lo tanto, en las diadas que conforman la sustancia y en las antidiadas que conforman la antisustancia del Universo, predomina la carga de los electrones-positrones <em>(cuyo valor <span class=\"katex-eq\" data-katex-display=\"false\">\\left(\\Delta\\overset{\\pm}{q}\\right)<\/span> se determina en los ejemplos 1, 2 y 3)<\/em>. Esto provoca una ruptura del equilibrio entre las fuerzas de atracci\u00f3n y repulsi\u00f3n tanto entre las diadas, diadas y antidiadas y tambi\u00e9n entre las antidiadas, as\u00ed como entre las concentraciones de sustancia y antisustancia.<\/span><\/p>\n<p style=\"text-align: justify;\" data-start=\"1222\" data-end=\"1512\"><span style=\"font-family: book antiqua, palatino, serif; font-size: 20px;\">En consecuencia, en la sustancia surge un d\u00e9ficit en la repulsi\u00f3n de los protones entre los n\u00facleos at\u00f3micos, y en la antisustancia surge un d\u00e9ficit en la repulsi\u00f3n de los antiprotones entre los n\u00facleos de los anti\u00e1tomos, lo que lleva a la atracci\u00f3n de nucleidos o antinucleidos entre s\u00ed.<\/span><\/p>\n<p style=\"text-align: justify;\" data-start=\"1514\" data-end=\"1777\"><span style=\"font-family: book antiqua, palatino, serif; font-size: 20px;\">En la interacci\u00f3n de objetos de sustancia con objetos de antisustancia surge un d\u00e9ficit en la atracci\u00f3n entre los protones de los n\u00facleos at\u00f3micos, de la sustancia y los antiprotones de los n\u00facleos at\u00f3micos de la antisustancia, con una fuerza de Coulomb igual a:<\/span><\/p>\n<p data-start=\"1514\" data-end=\"1777\"><a href=\"https:\/\/electromagnetic-universe-by-rozanov.space\/U_E_de_R\/wp-content\/uploads\/deltaq_at_deltaq.png\"><img loading=\"lazy\" decoding=\"async\" class=\"aligncenter wp-image-4853\" src=\"https:\/\/electromagnetic-universe-by-rozanov.space\/U_E_de_R\/wp-content\/uploads\/deltaq_at_deltaq.png\" alt=\"\" width=\"350\" height=\"58\" srcset=\"https:\/\/electromagnetic-universe-by-rozanov.space\/U_E_de_R\/wp-content\/uploads\/deltaq_at_deltaq.png 425w, https:\/\/electromagnetic-universe-by-rozanov.space\/U_E_de_R\/wp-content\/uploads\/deltaq_at_deltaq-300x50.png 300w, https:\/\/electromagnetic-universe-by-rozanov.space\/U_E_de_R\/wp-content\/uploads\/deltaq_at_deltaq-250x42.png 250w, https:\/\/electromagnetic-universe-by-rozanov.space\/U_E_de_R\/wp-content\/uploads\/deltaq_at_deltaq-150x25.png 150w\" sizes=\"auto, (max-width: 350px) 100vw, 350px\" \/><\/a><\/p>\n<p style=\"text-align: right;\" data-start=\"1514\" data-end=\"1777\"><span style=\"font-family: book antiqua, palatino, serif; font-size: 20px;\">\u2192 es decir, conduce a la antigravedad.<\/span><\/p>\n<p style=\"text-align: justify;\" data-start=\"1821\" data-end=\"1985\"><span style=\"font-family: book antiqua, palatino, serif; font-size: 20px;\">Por lo tanto, la fuerza de la gravedad o de la antigravedad depende de la carga electrodin\u00e1mica total <span class=\"katex-eq\" data-katex-display=\"false\">\\left(\\Delta\\overset{\\pm}{q}\\right)<\/span> de los objetos:<\/span><\/p>\n<p data-start=\"1821\" data-end=\"1985\"><a href=\"https:\/\/electromagnetic-universe-by-rozanov.space\/U_E_de_R\/wp-content\/uploads\/F_newton.png\"><img loading=\"lazy\" decoding=\"async\" class=\"alignnone size-full wp-image-4826\" src=\"https:\/\/electromagnetic-universe-by-rozanov.space\/U_E_de_R\/wp-content\/uploads\/F_newton.png\" alt=\"\" width=\"936\" height=\"96\" srcset=\"https:\/\/electromagnetic-universe-by-rozanov.space\/U_E_de_R\/wp-content\/uploads\/F_newton.png 936w, https:\/\/electromagnetic-universe-by-rozanov.space\/U_E_de_R\/wp-content\/uploads\/F_newton-300x31.png 300w, https:\/\/electromagnetic-universe-by-rozanov.space\/U_E_de_R\/wp-content\/uploads\/F_newton-768x79.png 768w, https:\/\/electromagnetic-universe-by-rozanov.space\/U_E_de_R\/wp-content\/uploads\/F_newton-250x26.png 250w, https:\/\/electromagnetic-universe-by-rozanov.space\/U_E_de_R\/wp-content\/uploads\/F_newton-150x15.png 150w\" sizes=\"auto, (max-width: 936px) 100vw, 936px\" \/><\/a><\/p>\n<p data-start=\"1821\" data-end=\"1985\"><a href=\"https:\/\/electromagnetic-universe-by-rozanov.space\/U_E_de_R\/wp-content\/uploads\/lagrida_latex_editor1.png\"><img loading=\"lazy\" decoding=\"async\" class=\"alignnone size-full wp-image-4850\" src=\"https:\/\/electromagnetic-universe-by-rozanov.space\/U_E_de_R\/wp-content\/uploads\/lagrida_latex_editor1.png\" alt=\"\" width=\"1024\" height=\"58\" srcset=\"https:\/\/electromagnetic-universe-by-rozanov.space\/U_E_de_R\/wp-content\/uploads\/lagrida_latex_editor1.png 1024w, https:\/\/electromagnetic-universe-by-rozanov.space\/U_E_de_R\/wp-content\/uploads\/lagrida_latex_editor1-300x17.png 300w, https:\/\/electromagnetic-universe-by-rozanov.space\/U_E_de_R\/wp-content\/uploads\/lagrida_latex_editor1-768x44.png 768w, https:\/\/electromagnetic-universe-by-rozanov.space\/U_E_de_R\/wp-content\/uploads\/lagrida_latex_editor1-250x14.png 250w, https:\/\/electromagnetic-universe-by-rozanov.space\/U_E_de_R\/wp-content\/uploads\/lagrida_latex_editor1-150x8.png 150w\" sizes=\"auto, (max-width: 1024px) 100vw, 1024px\" \/><\/a><\/p>\n<p style=\"text-align: right;\" data-start=\"1987\" data-end=\"1993\"><span style=\"font-family: book antiqua, palatino, serif; font-size: 20px;\">(43)<\/span><\/p>\n<p data-start=\"1995\" data-end=\"2003\"><span style=\"font-family: book antiqua, palatino, serif; font-size: 20px;\">donde:<\/span><\/p>\n<p data-start=\"1995\" data-end=\"2003\"><a href=\"https:\/\/electromagnetic-universe-by-rozanov.space\/U_E_de_R\/wp-content\/uploads\/Num_diad_at_kg.png\"><img loading=\"lazy\" decoding=\"async\" class=\"size-full wp-image-4851 aligncenter\" src=\"https:\/\/electromagnetic-universe-by-rozanov.space\/U_E_de_R\/wp-content\/uploads\/Num_diad_at_kg.png\" alt=\"\" width=\"150\" height=\"48\" \/><\/a><span style=\"font-family: book antiqua, palatino, serif; font-size: 20px;\">\u2013 el n\u00famero de diadas correspondiente a la masa considerada del nucleido.<\/span><\/p>\n<hr \/>\n<ul>\n<li style=\"text-align: justify;\"><span style=\"font-family: book antiqua, palatino, serif; font-size: 20px; color: #ff0000;\"><em>Dejar el comentario \u2013 no hace falta registro.<\/em><\/span><\/li>\n<li style=\"text-align: justify;\"><span style=\"font-family: book antiqua, palatino, serif; font-size: 20px; color: #ff0000;\"><em>Para <span class=\"st\">insertar<\/span> la ecuaci\u00f3n en los comentarios\u2013 utilizar el sistema \u00ab<a style=\"color: #ff0000;\" href=\"https:\/\/www.codecogs.com\/latex\/eqneditor.php\" target=\"_blank\" rel=\"noopener\">LATEX<\/a>\u00ab. La f\u00f3rmula se abre con la palabra \u2013 katex [entre] y se cierra \u2013 katex [\/entre] , la ecuaci\u00f3n se escribe sin brecha entre los n\u00fameros y los signos.<\/em><\/span><\/li>\n<li style=\"text-align: justify;\"><span style=\"font-family: book antiqua, palatino, serif; font-size: 20px; color: #ff0000;\"><em>Comentarios con enlaces \u2013 entraran en el correo no deseado, para verificar el contenido.<\/em><\/span><\/li>\n<\/ul>\n","protected":false},"excerpt":{"rendered":"<p>Numero de visitas &#8211; 5995 446 &#8211; Visitantes \u00a0 \u00a9 2006 \u00a0El Autor &#8211; Roz\u00e1nov Nicol\u00e1i Nicol\u00e1evich La naturaleza electromagn\u00e9tica de la gravedad. La naturaleza electromagn\u00e9tica de la antigravedad. Donde \u2013 \u2013 es la carga electrodin\u00e1mica que surge en las diadas y antidiadas como resultado de la rotaci\u00f3n de los\u2026 <a class=\"continue-reading-link\" href=\"https:\/\/electromagnetic-universe-by-rozanov.space\/U_E_de_R\/?page_id=420\">Continuar<\/a><\/p>\n","protected":false},"author":1,"featured_media":0,"parent":0,"menu_order":13,"comment_status":"open","ping_status":"open","template":"","meta":{"iawp_total_views":1,"footnotes":""},"class_list":["post-420","page","type-page","status-publish","hentry"],"_links":{"self":[{"href":"https:\/\/electromagnetic-universe-by-rozanov.space\/U_E_de_R\/index.php?rest_route=\/wp\/v2\/pages\/420","targetHints":{"allow":["GET"]}}],"collection":[{"href":"https:\/\/electromagnetic-universe-by-rozanov.space\/U_E_de_R\/index.php?rest_route=\/wp\/v2\/pages"}],"about":[{"href":"https:\/\/electromagnetic-universe-by-rozanov.space\/U_E_de_R\/index.php?rest_route=\/wp\/v2\/types\/page"}],"author":[{"embeddable":true,"href":"https:\/\/electromagnetic-universe-by-rozanov.space\/U_E_de_R\/index.php?rest_route=\/wp\/v2\/users\/1"}],"replies":[{"embeddable":true,"href":"https:\/\/electromagnetic-universe-by-rozanov.space\/U_E_de_R\/index.php?rest_route=%2Fwp%2Fv2%2Fcomments&post=420"}],"version-history":[{"count":9,"href":"https:\/\/electromagnetic-universe-by-rozanov.space\/U_E_de_R\/index.php?rest_route=\/wp\/v2\/pages\/420\/revisions"}],"predecessor-version":[{"id":4860,"href":"https:\/\/electromagnetic-universe-by-rozanov.space\/U_E_de_R\/index.php?rest_route=\/wp\/v2\/pages\/420\/revisions\/4860"}],"wp:attachment":[{"href":"https:\/\/electromagnetic-universe-by-rozanov.space\/U_E_de_R\/index.php?rest_route=%2Fwp%2Fv2%2Fmedia&parent=420"}],"curies":[{"name":"wp","href":"https:\/\/api.w.org\/{rel}","templated":true}]}}