{"id":55,"date":"2009-01-02T12:23:45","date_gmt":"2009-01-02T11:23:45","guid":{"rendered":"http:\/\/electromagnetic-universe-by-nnrozanov.org\/wp\/?page_id=55"},"modified":"2017-12-11T13:46:37","modified_gmt":"2017-12-11T12:46:37","slug":"9-references-9-bibliografia9-%d0%bb%d0%b8%d1%82%d0%b5%d1%80%d0%b0%d1%82%d1%83%d1%80%d0%b0","status":"publish","type":"page","link":"https:\/\/electromagnetic-universe-by-rozanov.space\/U_E_de_R\/?page_id=55","title":{"rendered":"Bibliograf\u00eda"},"content":{"rendered":"Numero de visitas - 7610<br\/><div class='epvc-post-count'><span class='epvc-eye'><\/span>  <span class=\"epvc-count\"> 398<\/span><span class='epvc-label'> - Visitantes<\/span><\/div><p>1. \u00abLa estructura fundamental de la materia\u00bb, Mosc\u00fa \u00ab\u041cIR\u00bb, 1984 a\u00f1o.<br \/>\n2. \u00abLos principios matem\u00e1ticos de la filosof\u00eda natural\u00bb, I.Newton, Mosc\u00fa, \u00abNauca\u00bb, 1989 a.<br \/>\n3. \u00abTeor\u00eda del vac\u00edo f\u00edsico\u00bb, G.I.Shipov, Mosc\u00fa \u00abNauca\u00bb, 1997 a.<br \/>\n4. \u00abEl cobre polarizado del vac\u00edo f\u00edsico no homog\u00e9neo\u00bb, V.L.Diatlov, Novosibirs, Editorial del instituto de matem\u00e1tica, 1998 a.<br \/>\n5. \u00abAstrof\u00edsica, cuantos y teor\u00eda de relatividad\u00bb, Mosc\u00fa \u00ab\u041cIR\u00bb, 1982 a.<br \/>\n6. \u00abF\u00edsica de la conciencia y de la vida\u0424, cosmolog\u00eda y astrof\u00edsica\u00bb, revista \u21164, 2001.<br \/>\n7. \u00abF\u00edsica de la conciencia y de la vida, cosmolog\u00eda y astrof\u00edsica\u00bb, \u21161, 2003.<br \/>\n8. \u00abAspecto de la f\u00edsica y de las tecnolog\u00edas en el principio del siglo \u0425\u0425I\u00bb, \u0410.\u0415.\u0410\u043aimov, Mosc\u00fa \u00abShark\u00bb, 1999 a.<br \/>\n9. \u00abEl pensamiento f\u00edsico de Rusia\u00bb, revista \u21163, 2000 a., las cartas para FMR.<br \/>\n10. \u00abEl pensamiento f\u00edsico de Rusia\u00bb, revista \u21161, 2001 a., las cartas para FMR.<br \/>\n11. \u00abF\u00edsica de la conciencia y de la vida, cosmolog\u00eda y astrof\u00edsica\u00bb, revista \u21163, 2002<br \/>\n12. \u00abF\u00edsica de la conciencia y de la vida, cosmolog\u00eda y astrof\u00edsica\u00bb, revista \u21164, 2003<br \/>\n13. \u00abLos mundos y antimundos\u00bb, G.Alven, Mosc\u00fa \u00ab\u041cIR\u00bb, 1968 a.<br \/>\n14. \u00abF\u00edsica cu\u00e1ntica\u00bb, E.Vikhman, BCF \u0422\u043e\u043co-IV, Mosc\u00fa \u00abNauca\u00bb, 1977 a.<br \/>\n15. \u00abEl curso de f\u00edsica III\u00bb, \u0410.V.Astakhov, Y.M.Shirokov, F\u00edsica cu\u00e1ntica, Editorial principal de la literatura fisicomatem\u00e1tica, 1983 a.<br \/>\n16. \u00abQuasares \u00bb, E.Y.Vilkovski, Mosc\u00fa \u00abNauca\u00bb, 1985 a.<br \/>\n17. \u00abF\u00edsica de cosmos\u00bb, Mosc\u00fa \u00abEnciclopedia sovi\u00e9tica\u00bb, 1986 a.<br \/>\n18. \u00abLas perspectivas de la f\u00edsica cu\u00e1ntica\u00bb, \u041aiev \u00abNaucova dumca\u00bb, 1982 a.<br \/>\n19. \u00abLas leyes y la f\u00f3rmula de la f\u00edsica\u00bb, V.E.Kuzmichev, \u041aiev \u00abNaucova dumca\u00bb, manual, 1989 a.<br \/>\n20. \u00abManual enciclop\u00e9dico de f\u00edsica\u00bb, \u041c\u043esc\u00fa \u00abEnciclopedia sovi\u00e9tica\u00bb, 1984 a.<br \/>\n21. \u00abF\u00edsica en el extranjero\u00bb, \u00abInvestigaciones\u00bb, Mosc\u00fa \u00ab\u041cIR\u00bb, 1984 a.<br \/>\n22. \u00abF\u00edsica en el extranjero\u00bb, \u00abEnse\u00f1anza\u00bb, Mosc\u00fa \u00ab\u041cIR\u00bb, 1988 a.<br \/>\n23. \u00abElectricidad y magnetismo\u00bb, \u0410.N.\u041c\u0430tveev, Mosc\u00fa \u00abVisshaia shkola\u00bb, 1983 a.<br \/>\n24. \u00abAl fondo del \u00e1tomo\u00bb, Mosc\u00fa \u00abNauca\u00bb, 1964 a.<br \/>\n25. \u00abF\u00edsica subat\u00f3mica: n\u00facleos y part\u00edculas\u00bb, L.Valanten, tomo-I, II, Mosc\u00fa \u00ab\u041c\u00bb, 1986 a.<br \/>\n26. \u00abLa estructura electromagn\u00e9tica de los n\u00facleos y nuclonos\u00bb, Colecci\u00f3n de los art\u00edculos, Editorial de la Literatura Extranjera, Mosc\u00fa, 1958 a.<br \/>\n27. \u00abNeutr\u00f3n\u00bb, Para el 50 aniversario del descubrimiento, Mosc\u00fa \u00abNauca\u00bb, 1983 a.<br \/>\n28. \u00abElectricidad y magnetismo\u00bb, E.Persel, GLF tomo-II, Mosc\u00fa \u00abNauca\u00bb, 1975 a.<br \/>\n29. \u00abFundamentos de la f\u00edsica moderna\u00bb, V.Acosta, \u041a.Koval, B.Grem, Mosc\u00fa \u00abProsveshenie\u00bb, 1981 a.<br \/>\n30. \u00abEl \u00e1tomo del hidr\u00f3geno \u2013 es m\u00e1s simple de los \u00e1tomos\u00bb, Continuaci\u00f3n de la teor\u00eda de Nilson Bor: Primera parte &#8211; Minsk, 1997 a., Segunda parte \u2013 Mosc\u00fa, 1998 a., Tercera parte \u2013 Mosc\u00fa, 2000 a.<br \/>\n31. \u00abLos chaparrones de variedades, provocados por las part\u00edculas de las energ\u00edas superaltas\u00bb, I.P.Ivanenko, T.M.Roganova, Mosc\u00fa \u00abNauca\u00bb, 1983 a.<br \/>\n32. \u00abF\u00edsica subat\u00f3mica\u00bb, G.Fraunfelder, E.Henli, Mosc\u00fa \u00ab\u041cIR\u00bb, 1979 a.<br \/>\n33. \u00abGravitad, agujeros negros y Universo\u00bb, I.Nicolson, Mosc\u00fa \u00ab\u041cIR\u00bb, 1983 a.<br \/>\n34. \u00abTeor\u00eda relativista de gravitaci\u00f3n\u00bb, \u0410.\u0410.Logunov, \u041c.\u0410.\u041c\u0435stershvili, Mosc\u00fa \u00abNauca\u00bb, 1989 a.<br \/>\n35. \u00abLos mitos de la teor\u00eda de relatividad\u00bb, \u0410.\u0410.Denisov, Lit. IICNICT, 1989 a.<br \/>\n36. \u00abMec\u00e1nica\u00bb, Ch.Kittel, U.Nait, \u041c.Ruderman, GLF tomo -I, Mosc\u00fa \u00abNauca\u00bb, 1975 a.<br \/>\n37. \u00abLos par\u00e1metros de los \u00e1tomos y de los iones at\u00f3micos\u00bb, \u0410.\u0410.Ratcig, B.\u041c.Smirnov, Manual, \u041c\u043esc\u00fa \u00abEnergoatomisdat\u00bb, 1986 a.<br \/>\n38. \u00abLas masas de los \u00e1tomos y las energ\u00edas de la conexi\u00f3n de los n\u00facleos\u00bb, V.\u0410.\u041aravtcov, Segunda edici\u00f3n elaborada, Mosc\u00fa \u00abAtomisdat\u00bb, 1974 a.<br \/>\n39. \u00abTeor\u00eda del \u00e1tomo, construcci\u00f3n de las cubiertas electr\u00f3nicas\u00bb, \u041c.G.Veselov y otr., Mosc\u00fa \u00abNauca\u00bb, 1986 a.<br \/>\n40. \u00abLas fundamentales leyes de la mec\u00e1nica\u00bb, I..\u0415.Irodov, Segunda edici\u00f3n-elaborado, Mosc\u00fa \u00abEscuela superior\u00bb, 1978 a.<br \/>\n41. \u00abFundamentos de la f\u00edsica nuclear\u00bb, P.E.Kolpakov, Mosc\u00fa \u00abProsveshenie\u00bb, 1969 a.<br \/>\n42. \u00abLas lecciones de f\u00edsica de Feiman\u00bb, \u0442\u043e\u043co-I, Mosc\u00fa \u00ab\u041cIR\u00bb, 1977 a.<br \/>\n43. La notificaci\u00f3n al Comit\u00e9 Estatal de los Inventos de la URSS durante de la apertura de \u2013 \u00abLos fen\u00f3menos de la antigravitaci\u00f3n durante de la acci\u00f3n rec\u00edproca sin contacto de la sustancia con la antisustancia\u00bb, \u211632-\u043e\u0442-11190 de 23.01.87 a., N.Rozanov, V.Barashev,, S.Savonski.<br \/>\n44. \u00abF\u00edsica de la conciencia y de la vida, cosmolog\u00eda y astrof\u00edsica\u00bb, revista \u21162, 2005<br \/>\n45. \u00abLa colecci\u00f3n completa de las obras de M.V.Lomonosov\u00bb, Edici\u00f3n de la Academia de las Ciencias de la URSS, t\u043e\u043co-II \u2013 Moscu &#8211; 1951 a. \u2013 Leningrado, t\u043e\u043co-III \u2013 Mosc\u00fa \u2013 1952 a\u00f1o. \u2013 Leningrado.<br \/>\n46. \u00abVac\u00edo f\u00edsico y naturaleza\u00bb, revista \u21165, 2002 a.<br \/>\n47. \u00abEl desarrollo de las opiniones de Lomonosov sobre la naturaleza f\u00edsica de la gravitaci\u00f3n: los inicios emp\u00edricos de la gravitaci\u00f3n\u00bb, Y.P.Kozlov, Kazan \u2013 Universidad t\u00e9cnica estatal, 2001 a\u00f1o.<br \/>\n48. El anuncio en el Comit\u00e9 Estatal de los Inventos de la URSS \u211632-de-11156 de 10.07.86 a\u00f1o en la apertura de \u2013 \u00abLa propiedad de las part\u00edculas sustanciales reaccionar en la influencia de la fuerza exterior (la propiedad del reflejo)\u00bb, N.N.Rozanov, V.\u041c.Barashev, S.A.Savonevski.<br \/>\n49. El anuncio en el Comit\u00e9 Estatal de los Inventos de la URSS \u211632-de-11151 de 24 de junio del a\u00f1o 1985 durante de la apertura de \u2013 \u00abEl fen\u00f3meno de la acci\u00f3n rec\u00edproca de las cargas el\u00e9ctricas con los objetos electro neutrales\u00bb, N.N.Rozanov, V.\u041c.Barashev, S.A.Savonevski.<br \/>\n50. \u00abF\u00edsica de la conciencia y de la vida, cosmolog\u00eda y astrof\u00edsica\u00bb, revista \u21162, 2005<br \/>\n51. \u00abF\u00edsica de la conciencia y de la vida, cosmolog\u00eda y astrof\u00edsica\u00bb, revista \u21163, 2005<br \/>\n52. \u00abLa teor\u00eda relativista de la gravitaci\u00f3n\u00bb, V.P.Vizgin, Mosc\u00fa \u00abNauca\u00bb, 1981.<br \/>\n53. \u00abLos modelos compuestos por las part\u00edculas elementales\u00bb, S.Ogava, S.Savada, \u041c.Nakanova, Mosc\u00fa \u00ab\u041cIR\u00bb, 1983 a.<br \/>\n54. \u00abR.J.F.\u00bb, el art\u00edculo 05.01-18B.827, la revista \u21161, 2005 a.<br \/>\n55. \u00abPerihelio del Mercurio de Leverie hasta Einstein\u00bb, N.T.Rouzver, Mosc\u00fa \u00abMIR\u00bb, 1985 a.<br \/>\n56. \u00abLa colecci\u00f3n de los trabajos cient\u00edficos\u00bb, \u0410.Einstein, tomo-I, Mosc\u00fa \u00abNauka\u00bb, 1965 a.<br \/>\n57. \u00abElectrodin\u00e1mica\u00bb, \u0410.\u041c.Amper, editoria Academia Nauk de la URSS, 1964 a\u00f1o.<\/p>\n","protected":false},"excerpt":{"rendered":"<p>Numero de visitas &#8211; 7610 398 &#8211; Visitantes1. \u00abLa estructura fundamental de la materia\u00bb, Mosc\u00fa \u00ab\u041cIR\u00bb, 1984 a\u00f1o. 2. \u00abLos principios matem\u00e1ticos de la filosof\u00eda natural\u00bb, I.Newton, Mosc\u00fa, \u00abNauca\u00bb, 1989 a. 3. \u00abTeor\u00eda del vac\u00edo f\u00edsico\u00bb, G.I.Shipov, Mosc\u00fa \u00abNauca\u00bb, 1997 a. 4. \u00abEl cobre polarizado del vac\u00edo f\u00edsico no homog\u00e9neo\u00bb,\u2026 <a class=\"continue-reading-link\" href=\"https:\/\/electromagnetic-universe-by-rozanov.space\/U_E_de_R\/?page_id=55\">Continuar<\/a><\/p>\n","protected":false},"author":1,"featured_media":0,"parent":0,"menu_order":19,"comment_status":"open","ping_status":"closed","template":"","meta":{"iawp_total_views":0,"footnotes":""},"class_list":["post-55","page","type-page","status-publish","hentry"],"_links":{"self":[{"href":"https:\/\/electromagnetic-universe-by-rozanov.space\/U_E_de_R\/index.php?rest_route=\/wp\/v2\/pages\/55","targetHints":{"allow":["GET"]}}],"collection":[{"href":"https:\/\/electromagnetic-universe-by-rozanov.space\/U_E_de_R\/index.php?rest_route=\/wp\/v2\/pages"}],"about":[{"href":"https:\/\/electromagnetic-universe-by-rozanov.space\/U_E_de_R\/index.php?rest_route=\/wp\/v2\/types\/page"}],"author":[{"embeddable":true,"href":"https:\/\/electromagnetic-universe-by-rozanov.space\/U_E_de_R\/index.php?rest_route=\/wp\/v2\/users\/1"}],"replies":[{"embeddable":true,"href":"https:\/\/electromagnetic-universe-by-rozanov.space\/U_E_de_R\/index.php?rest_route=%2Fwp%2Fv2%2Fcomments&post=55"}],"version-history":[{"count":0,"href":"https:\/\/electromagnetic-universe-by-rozanov.space\/U_E_de_R\/index.php?rest_route=\/wp\/v2\/pages\/55\/revisions"}],"wp:attachment":[{"href":"https:\/\/electromagnetic-universe-by-rozanov.space\/U_E_de_R\/index.php?rest_route=%2Fwp%2Fv2%2Fmedia&parent=55"}],"curies":[{"name":"wp","href":"https:\/\/api.w.org\/{rel}","templated":true}]}}