{"id":670,"date":"2010-03-19T22:55:09","date_gmt":"2010-03-19T21:55:09","guid":{"rendered":"http:\/\/electromagnetic-universe-by-nnrozanov.org\/wp\/?page_id=670"},"modified":"2025-11-22T12:18:50","modified_gmt":"2025-11-22T11:18:50","slug":"26-%d0%bf%d1%80%d0%b8%d0%bb%d0%be%d0%b6%d0%b5%d0%bd%d0%b8%d0%b5-7","status":"publish","type":"page","link":"https:\/\/electromagnetic-universe-by-rozanov.space\/U_E_de_R\/?page_id=670","title":{"rendered":"Aplicaci\u00f3n &#8211; 7"},"content":{"rendered":"Numero de visitas - 99052<br\/><div class='epvc-post-count'><span class='epvc-eye'><\/span>  <span class=\"epvc-count\"> 434<\/span><span class='epvc-label'> - Visitantes<\/span><\/div><p style=\"text-align: right;\"><a href=\"https:\/\/electromagnetic-universe-by-rozanov.space\/E_V_R\/?page_id=670\" target=\"_blank\" rel=\"noopener\"><img loading=\"lazy\" decoding=\"async\" class=\"alignnone size-full wp-image-4638\" src=\"https:\/\/electromagnetic-universe-by-rozanov.space\/U_E_de_R\/wp-content\/uploads\/flag-rus-100-50.jpg\" alt=\"\" width=\"100\" height=\"50\" \/><\/a> \u00a0<img loading=\"lazy\" decoding=\"async\" class=\"alignnone size-full wp-image-4637\" src=\"https:\/\/electromagnetic-universe-by-rozanov.space\/U_E_de_R\/wp-content\/uploads\/flag-eng-100-50.jpg\" alt=\"\" width=\"100\" height=\"50\" \/><\/p>\n<p><strong><em><span style=\"font-family: book antiqua, palatino, serif; font-size: 24px;\">\u00abPajarita\u00bb<\/span><\/em><\/strong><\/p>\n<p style=\"text-align: right;\"><a href=\"https:\/\/electromagnetic-universe-by-rozanov.space\/U_E_de_R\/wp-content\/uploads\/anexo-7.jpg\"><img loading=\"lazy\" decoding=\"async\" class=\"aligncenter wp-image-4708\" src=\"https:\/\/electromagnetic-universe-by-rozanov.space\/U_E_de_R\/wp-content\/uploads\/anexo-7.jpg\" alt=\"\" width=\"800\" height=\"514\" srcset=\"https:\/\/electromagnetic-universe-by-rozanov.space\/U_E_de_R\/wp-content\/uploads\/anexo-7.jpg 856w, https:\/\/electromagnetic-universe-by-rozanov.space\/U_E_de_R\/wp-content\/uploads\/anexo-7-300x193.jpg 300w, https:\/\/electromagnetic-universe-by-rozanov.space\/U_E_de_R\/wp-content\/uploads\/anexo-7-768x493.jpg 768w, https:\/\/electromagnetic-universe-by-rozanov.space\/U_E_de_R\/wp-content\/uploads\/anexo-7-233x150.jpg 233w, https:\/\/electromagnetic-universe-by-rozanov.space\/U_E_de_R\/wp-content\/uploads\/anexo-7-150x96.jpg 150w\" sizes=\"auto, (max-width: 800px) 100vw, 800px\" \/><\/a><em><span style=\"font-family: 'book antiqua', palatino, serif; font-size: 20px;\">\u00a0(1(pag38)). <\/span><\/em><\/p>\n<p style=\"text-align: justify;\" data-start=\"41\" data-end=\"360\"><span style=\"font-family: book antiqua, palatino, serif; font-size: 20px;\">La radiofuente <strong>3C236<\/strong>, conocida como \u00abpajarita\u00bb, con una extensi\u00f3n de unos <strong>20 millones de a\u00f1os luz<\/strong>, es la estructura m\u00e1s grande descubierta en el universo. Hace aproximadamente <strong>2 mil millones<\/strong> de a\u00f1os, al observarla a simple vista, esta estructura habr\u00eda parecido solo un poco m\u00e1s grande que la Luna en tama\u00f1o aparente.<\/span><\/p>\n<p style=\"text-align: justify;\" data-start=\"362\" data-end=\"577\"><span style=\"font-family: book antiqua, palatino, serif; font-size: 20px;\">En esta imagen de la radiofuente, obtenida con el radiotelescopio interferom\u00e9trico de Westerbork a una longitud de onda de <strong>49<\/strong><sub><em>(<\/em><strong><em>s<\/em><\/strong><em>m)<\/em><\/sub>, las zonas m\u00e1s oscuras corresponden a la m\u00e1xima intensidad de la radiaci\u00f3n de radio.<\/span><\/p>\n<hr \/>\n<ul>\n<li><\/li>\n<li style=\"text-align: justify;\"><span style=\"font-family: book antiqua, palatino, serif; font-size: 20px; color: #ff0000;\"><em>Estimados visitantes, para dejar su comentario, no se requiere registro.<\/em><\/span><\/li>\n<li style=\"text-align: justify;\"><span style=\"font-family: book antiqua, palatino, serif; font-size: 20px; color: #ff0000;\"><em>La edici\u00f3n de f\u00f3rmulas matem\u00e1ticas en los comentarios se realiza en el sistema \u00abLaTeX\u00bb. Una f\u00f3rmula se abre con la palabra <\/em><span style=\"color: #000000;\">katex<\/span><em> [entre corchetes] y se cierra con <\/em>\/<span style=\"color: #000000;\">katex<\/span><em> [entre corchetes].<\/em><\/span><\/li>\n<li style=\"text-align: justify;\"><span style=\"font-family: book antiqua, palatino, serif; font-size: 20px; color: #ff0000;\"><em>Si su comentario contiene un enlace, se enviar\u00e1 autom\u00e1ticamente a la carpeta de spam para su revisi\u00f3n. Sin enlaces, todos los comentarios se publican sin demora.<\/em><\/span><\/li>\n<\/ul>\n","protected":false},"excerpt":{"rendered":"<p>Numero de visitas &#8211; 99052 434 &#8211; Visitantes \u00a0 \u00abPajarita\u00bb \u00a0(1(pag38)). La radiofuente 3C236, conocida como \u00abpajarita\u00bb, con una extensi\u00f3n de unos 20 millones de a\u00f1os luz, es la estructura m\u00e1s grande descubierta en el universo. Hace aproximadamente 2 mil millones de a\u00f1os, al observarla a simple vista, esta estructura\u2026 <a class=\"continue-reading-link\" href=\"https:\/\/electromagnetic-universe-by-rozanov.space\/U_E_de_R\/?page_id=670\">Continuar<\/a><\/p>\n","protected":false},"author":1,"featured_media":0,"parent":0,"menu_order":18,"comment_status":"open","ping_status":"closed","template":"","meta":{"iawp_total_views":2,"footnotes":""},"class_list":["post-670","page","type-page","status-publish","hentry"],"_links":{"self":[{"href":"https:\/\/electromagnetic-universe-by-rozanov.space\/U_E_de_R\/index.php?rest_route=\/wp\/v2\/pages\/670","targetHints":{"allow":["GET"]}}],"collection":[{"href":"https:\/\/electromagnetic-universe-by-rozanov.space\/U_E_de_R\/index.php?rest_route=\/wp\/v2\/pages"}],"about":[{"href":"https:\/\/electromagnetic-universe-by-rozanov.space\/U_E_de_R\/index.php?rest_route=\/wp\/v2\/types\/page"}],"author":[{"embeddable":true,"href":"https:\/\/electromagnetic-universe-by-rozanov.space\/U_E_de_R\/index.php?rest_route=\/wp\/v2\/users\/1"}],"replies":[{"embeddable":true,"href":"https:\/\/electromagnetic-universe-by-rozanov.space\/U_E_de_R\/index.php?rest_route=%2Fwp%2Fv2%2Fcomments&post=670"}],"version-history":[{"count":5,"href":"https:\/\/electromagnetic-universe-by-rozanov.space\/U_E_de_R\/index.php?rest_route=\/wp\/v2\/pages\/670\/revisions"}],"predecessor-version":[{"id":5414,"href":"https:\/\/electromagnetic-universe-by-rozanov.space\/U_E_de_R\/index.php?rest_route=\/wp\/v2\/pages\/670\/revisions\/5414"}],"wp:attachment":[{"href":"https:\/\/electromagnetic-universe-by-rozanov.space\/U_E_de_R\/index.php?rest_route=%2Fwp%2Fv2%2Fmedia&parent=670"}],"curies":[{"name":"wp","href":"https:\/\/api.w.org\/{rel}","templated":true}]}}