{"id":145,"date":"2016-05-09T22:14:27","date_gmt":"2016-05-09T19:14:27","guid":{"rendered":"http:\/\/electromagnetic-universe-by-rozanov.ru\/wp-es\/?page_id=145"},"modified":"2019-05-07T12:46:20","modified_gmt":"2019-05-07T09:46:20","slug":"2-2","status":"publish","type":"page","link":"https:\/\/electromagnetic-universe-by-rozanov.space\/wp-es\/2-2\/","title":{"rendered":"Aprendizaje por internet"},"content":{"rendered":"<div class='epvc-post-count'><span class='epvc-eye'><\/span>  <span class=\"epvc-count\"> 632<\/span><span class='epvc-label'> - Visitantes<\/span><\/div><p style=\"text-align: right;\"><a href=\"https:\/\/electromagnetic-universe-by-rozanov.ru\/wp-ru\/2-2\/\" target=\"_blank\" rel=\"noopener noreferrer\"><img loading=\"lazy\" decoding=\"async\" class=\"alignnone size-full wp-image-747\" src=\"https:\/\/electromagnetic-universe-by-rozanov.ru\/wp-es\/wp-content\/uploads\/2016\/04\/flag-rus-100-50.jpg\" alt=\"\" width=\"100\" height=\"50\" \/><\/a> \u00a0 <img loading=\"lazy\" decoding=\"async\" class=\"alignnone size-full wp-image-746\" src=\"https:\/\/electromagnetic-universe-by-rozanov.ru\/wp-es\/wp-content\/uploads\/2016\/04\/flag-eng-100-50.jpg\" alt=\"\" width=\"100\" height=\"50\" \/><\/p>\n<p style=\"text-align: center;\"><em><span style=\"font-family: book antiqua, palatino, serif; font-size: 28px;\">\u00a1 Informaci\u00f3n para los visitantes !<\/span><\/em><\/p>\n<p style=\"text-align: justify;\"><span style=\"font-family: book antiqua, palatino, serif; font-size: 20px;\">Como el resultado de muchos a\u00f1os de estudios de las leyes b\u00e1sicas de la f\u00edsica y las teor\u00edas relacionadas, he a creado un sistema de capacitaci\u00f3n muy accesible para la mayor\u00eda de la poblaci\u00f3n.\u00a0<\/span><\/p>\n<p style=\"text-align: justify;\"><span style=\"font-family: book antiqua, palatino, serif; font-size: 20px;\">La efectividad del sistema educativo (autor Oleg N. Rozanov) es una comprensi\u00f3n completa de la causa de la estructura investigativa del mundo material, la capacidad de encontrar un l\u00edmite y no cruzar la l\u00ednea entre la cosmovisi\u00f3n religiosa y la realidad de nuestro ser, basada en una base de informaci\u00f3n peque\u00f1a y racional del campo de las ciencias naturales, que describe los puntos principales sucediendo en los mundos Micro, Mega y Macro, o como dicen, ense\u00f1a \u00abseparar el trigo de la paja\u00bb y permite, sin mucho esfuerzo, dominar una amplia gama de \u00e1reas aplicadas, porque \u00a1La comprencion correcta y profunda de los procesos qu\u00edmicos, biol\u00f3gicos, mec\u00e1nicos y otros es imposible sin conocimientos fundamentales!<\/span><\/p>\n<p style=\"text-align: justify;\"><span style=\"font-family: book antiqua, palatino, serif; font-size: 20px;\">Las clases se realizan mediante el software especificado a continuaci\u00f3n:<\/span><\/p>\n<p style=\"text-align: justify;\"><span style=\"font-size: 14pt;\"><span style=\"color: #0000ff;\"><strong><em>SKYPE<\/em><\/strong><\/span>\u00a0 &#8211; <em><strong>electromagnetic.universe<\/strong><\/em><\/span><\/p>\n<p><a href=\"http:\/\/tinychat.com\/rozanovon\"><span style=\"font-size: 14pt;\"><strong><em><span style=\"font-family: georgia,palatino,serif;\">http:\/\/tinychat.com\/rozanovon<\/span><\/em><\/strong><\/span><\/a><\/p>\n<p style=\"text-align: left;\"><em><span style=\"font-family: book antiqua, palatino, serif; font-size: 20px;\"><span class=\"tlid-translation translation\" lang=\"es\"><span class=\"\" title=\"\">El pago de las clases es posible a trav\u00e9s del bot\u00f3n <strong>PAY PAL<\/strong>. <\/span><\/span><\/span><span class=\"tlid-translation translation\" lang=\"es\" style=\"font-family: book antiqua, palatino, serif; font-size: 20px;\"><span class=\"\" title=\"\">El precio es negociable.<\/span><\/span><\/em><\/p>\n<p style=\"text-align: right;\"><input alt=\"PayPal \u2014 \u0431\u043e\u043b\u0435\u0435 \u0431\u0435\u0437\u043e\u043f\u0430\u0441\u043d\u044b\u0439 \u0438 \u043b\u0435\u0433\u043a\u0438\u0439 \u0441\u043f\u043e\u0441\u043e\u0431 \u043e\u043f\u043b\u0430\u0442\u044b \u0447\u0435\u0440\u0435\u0437 \u0418\u043d\u0442\u0435\u0440\u043d\u0435\u0442!\" name=\"submit\" src=\"https:\/\/www.paypalobjects.com\/ru_RU\/RU\/i\/btn\/btn_donateCC_LG.gif\" type=\"image\" \/><\/p>\n","protected":false},"excerpt":{"rendered":"<p>632 &#8211; Visitantes \u00a0 \u00a1 Informaci\u00f3n para los visitantes ! Como el resultado de muchos a\u00f1os de estudios de las leyes b\u00e1sicas de la f\u00edsica y las teor\u00edas relacionadas, he a creado un sistema de capacitaci\u00f3n muy accesible para la mayor\u00eda de la poblaci\u00f3n.\u00a0 La efectividad del sistema educativo (autor\u2026 <a class=\"continue-reading-link\" href=\"https:\/\/electromagnetic-universe-by-rozanov.space\/wp-es\/2-2\/\">Continuar<\/a><\/p>\n","protected":false},"author":1,"featured_media":0,"parent":0,"menu_order":5,"comment_status":"open","ping_status":"closed","template":"","meta":{"iawp_total_views":0,"footnotes":""},"class_list":["post-145","page","type-page","status-publish","hentry"],"_links":{"self":[{"href":"https:\/\/electromagnetic-universe-by-rozanov.space\/wp-es\/wp-json\/wp\/v2\/pages\/145","targetHints":{"allow":["GET"]}}],"collection":[{"href":"https:\/\/electromagnetic-universe-by-rozanov.space\/wp-es\/wp-json\/wp\/v2\/pages"}],"about":[{"href":"https:\/\/electromagnetic-universe-by-rozanov.space\/wp-es\/wp-json\/wp\/v2\/types\/page"}],"author":[{"embeddable":true,"href":"https:\/\/electromagnetic-universe-by-rozanov.space\/wp-es\/wp-json\/wp\/v2\/users\/1"}],"replies":[{"embeddable":true,"href":"https:\/\/electromagnetic-universe-by-rozanov.space\/wp-es\/wp-json\/wp\/v2\/comments?post=145"}],"version-history":[{"count":0,"href":"https:\/\/electromagnetic-universe-by-rozanov.space\/wp-es\/wp-json\/wp\/v2\/pages\/145\/revisions"}],"wp:attachment":[{"href":"https:\/\/electromagnetic-universe-by-rozanov.space\/wp-es\/wp-json\/wp\/v2\/media?parent=145"}],"curies":[{"name":"wp","href":"https:\/\/api.w.org\/{rel}","templated":true}]}}