{"id":2,"date":"2016-05-09T14:08:15","date_gmt":"2016-05-09T11:08:15","guid":{"rendered":"http:\/\/electromagnetic-universe-by-rozanov.ru\/wp-es\/?page_id=2"},"modified":"2023-04-18T13:57:31","modified_gmt":"2023-04-18T10:57:31","slug":"1-2","status":"publish","type":"page","link":"https:\/\/electromagnetic-universe-by-rozanov.space\/wp-es\/1-2\/","title":{"rendered":"F\u00edsica para principiantes"},"content":{"rendered":"<div class='epvc-post-count'><span class='epvc-eye'><\/span>  <span class=\"epvc-count\"> 998<\/span><span class='epvc-label'> - Visitantes<\/span><\/div><p style=\"text-align: right;\"><em><strong><span style=\"font-family: comic\\ sans\\ ms, sans-serif;\"><a href=\"https:\/\/electromagnetic-universe-by-rozanov.space\/wp-ru\/fisica_dlia_vsej\/\" target=\"_blank\" rel=\"noopener\"><img loading=\"lazy\" decoding=\"async\" class=\"alignnone size-full wp-image-747\" src=\"https:\/\/electromagnetic-universe-by-rozanov.space\/wp-es\/wp-content\/uploads\/2016\/04\/flag-rus-100-50.jpg\" alt=\"\" width=\"100\" height=\"50\" \/><\/a><span style=\"font-family: georgia, palatino, serif; font-size: 8px;\">\u00a0 \u00a0<\/span><img loading=\"lazy\" decoding=\"async\" class=\"alignnone size-full wp-image-746\" src=\"https:\/\/electromagnetic-universe-by-rozanov.space\/wp-es\/wp-content\/uploads\/2016\/04\/flag-eng-100-50.jpg\" alt=\"\" width=\"100\" height=\"50\" \/>\u00a0<\/span><\/strong><\/em><\/p>\n<p style=\"text-align: justify;\"><span style=\"font-family: 'book antiqua', palatino, serif;\"><em><span style=\"color: #ff0000; font-size: 20px;\">Las traducciones de los t\u00edtulos, de los art\u00edculos, de los libros, de las citaciones y declaraciones de los\u00a0cient\u00edficos &#8211; posiblemente\u00a0\u00a0no coinciden letra a letra\u00a0con las traducciones oficiales, si tal existieran.<\/span><\/em><\/span><\/p>\n<p><span style=\"font-family: times\\ new\\ roman, times, serif; font-size: 24px;\"><em><a href=\"http:\/\/electromagnetic-universe-by-rozanov.space\/U_E_de_R\/?page_id=3\" target=\"_blank\" rel=\"noopener noreferrer\"><strong>El Autor &#8211; Oleg N. Rozanov<\/strong><\/a><\/em><\/span><\/p>\n<p style=\"text-align: right;\"><em><span style=\"font-family: times\\ new\\ roman, times, serif; font-size: 24px;\"><span style=\"font-family: 'courier new', courier, monospace;\"><strong><span style=\"font-size: 48px;\">\u00a9<span style=\"font-size: 8px;\"> \u00a0<\/span><\/span><span style=\"font-size: 24px;\"><sup>05\/09\/2016<\/sup><\/span><\/strong><\/span><strong><br \/>\n<\/strong><\/span><\/em><\/p>\n<p style=\"text-align: justify;\"><span style=\"font-family: 'book antiqua', palatino, serif; font-size: 20px;\">Los art\u00edculos y videos, publicados en este blog, editados en el\u00a0formato f\u00e1cil de entender, ayudar\u00e1n a todos los interesados empezar a comprender la base de F\u00edsica y tambi\u00e9n lo que los cient\u00edficos llaman <strong><em>interacciones fundamentales<\/em>.<\/strong><\/span><span id=\"result_box\" class=\"\" lang=\"ru\"><\/span><\/p>\n<p style=\"text-align: justify;\"><span style=\"font-family: 'book antiqua', palatino, serif; font-size: 20px;\">\u00bfCu\u00e1l es la diferencia de informaci\u00f3n presentada en este blog con la que se ense\u00f1a en las escuelas y universidades, as\u00ed tambi\u00e9n como pueden ver en las pantallas de televisores o leer en las revistas cient\u00edficas?<\/span><\/p>\n<p style=\"text-align: justify;\"><span class=\"\" lang=\"es\" style=\"font-family: 'book antiqua', palatino, serif; font-size: 20px;\"><span title=\"\u0412 \u0440\u0430\u0431\u043e\u0442\u0435 \u041d.\u041d.\">Muy importante entender que la informaci\u00f3n\u00a0correctamente presentada, permite a las personas de diferentes niveles de educaci\u00f3n y edad, <span class=\"\" lang=\"es\">absorber<\/span> r\u00e1pidamente el material propuesto con alta eficacia. <\/span><\/span><span id=\"result_box\" class=\"\" lang=\"es\"><\/span><\/p>\n<p style=\"text-align: justify;\"><span style=\"font-family: 'book antiqua', palatino, serif; font-size: 20px;\"><span style=\"font-family: book antiqua, palatino, serif;\"><span style=\"font-size: 20px;\">En la obra desarrollada por el ingeniero<\/span><\/span><\/span><span style=\"font-family: 'book antiqua', palatino, serif; font-size: 20px;\"><strong><em> <a href=\"http:\/\/electromagnetic-universe-by-rozanov.space\/U_E_de_R\/?page_id=3\" target=\"_blank\" rel=\"noopener\">Nicol\u00e1y Nikolaevich Roz\u00e1nov<\/a><\/em><\/strong><span style=\"font-family: book antiqua, palatino, serif;\"><span style=\"font-size: 20px;\"> &#8211; descrita la teor\u00eda del campo unificado, es decir las cuatro interacciones fundamentales son unidas en \u00fanica interacci\u00f3n electrodin\u00e1mica. Por primera vez el ingeniero <strong><em><a href=\"http:\/\/electromagnetic-universe-by-rozanov.space\/U_E_de_R\/?page_id=3\" target=\"_blank\" rel=\"noopener\">N. N. Roz\u00e1nov<\/a><\/em><\/strong> <\/span><\/span><\/span><span style=\"font-family: 'book antiqua', palatino, serif; font-size: 20px;\"><span style=\"font-family: book antiqua, palatino, serif;\"><span style=\"font-size: 20px;\">a formulado la l\u00f3gica explicaci\u00f3n de que manera, las part\u00edculas elementales de las cuales est\u00e1n construidos todos los objetos f\u00edsicos <\/span><\/span><em><span style=\"font-family: book antiqua, palatino, serif;\"><span style=\"font-size: 20px;\">(sustanciales y anti sustanciales)<\/span><\/span><\/em><span style=\"font-family: book antiqua, palatino, serif;\"><span style=\"font-size: 20px;\"> del Universo, obtienen su <\/span><\/span><strong style=\"font-family: 'book antiqua', palatino, serif; font-size: 20px;\"><em>masa en reposo<\/em><\/strong><span style=\"font-family: book antiqua, palatino, serif;\"><span style=\"font-size: 20px;\">:<\/span><\/span><\/span><\/p>\n<p style=\"text-align: left;\"><span style=\"font-family: 'times new roman', times, serif; font-size: 20px;\"><span style=\"font-size: 24px;\"><em><span class=\"katex-eq\" data-katex-display=\"false\">\\left( \\overset{\\pm}{e}\\right)<\/span><\/em>\u00a0<\/span><span style=\"font-family: 'book antiqua', palatino, serif;\">&#8211; el electr\u00f3n y positr\u00f3n, <\/span><\/span><\/p>\n<p style=\"text-align: left;\"><span style=\"font-family: 'book antiqua', palatino, serif; font-size: 20px;\">as\u00ed tambien como:<\/span><strong><em><br \/>\n<\/em><\/strong><\/p>\n<p style=\"text-align: left;\"><span style=\"font-family: 'times new roman', times, serif; font-size: 20px;\"><span style=\"font-size: 24px;\"><em><span class=\"katex-eq\" data-katex-display=\"false\">\\left(\\overset{\\mp}{p}\\right)<\/span><\/em><\/span>\u00a0&#8211; <span style=\"font-family: 'book antiqua', palatino, serif;\">el prot\u00f3n y antiprot\u00f3n.<\/span><\/span><strong><em><br \/>\n<\/em><\/strong><\/p>\n<p style=\"text-align: justify;\"><strong><span style=\"text-decoration: underline;\"><span style=\"font-family: 'book antiqua', palatino, serif; font-size: 24px;\"><span id=\"result_box\" class=\"\" lang=\"es\">La masa material o masa en reposo.<\/span><\/span><\/span><\/strong><\/p>\n<p style=\"text-align: justify;\"><span style=\"font-family: 'book antiqua', palatino, serif;\"><span id=\"result_box\" class=\"\" lang=\"es\" style=\"font-size: 20px;\"><span class=\"\">El uso de definici\u00f3n &#8211;<em> \u00ab<span style=\"text-decoration: underline;\"><span style=\"font-family: 'book antiqua', palatino, serif; font-size: 24px;\"><span id=\"result_box\" class=\"\" lang=\"es\"><span style=\"font-size: 20px;\">La masa material<\/span><\/span><\/span><\/span><span style=\"font-family: 'book antiqua', palatino, serif; font-size: 24px;\"><span id=\"result_box\" class=\"\" lang=\"es\"><span style=\"font-size: 20px;\">\u00ab<\/span><\/span><\/span><span style=\"font-family: 'book antiqua', palatino, serif; font-size: 24px;\"><span id=\"result_box\" class=\"\" lang=\"es\"><span style=\"font-size: 20px;\">,<\/span><\/span><\/span><span style=\"font-family: 'book antiqua', palatino, serif; font-size: 24px;\"><span id=\"result_box\" class=\"\" lang=\"es\">\u00a0<\/span><\/span><\/em>se escucha con frecuencia, en los di\u00e1logos y se debe enfatizar, que no se corresponde con la realidad, as\u00ed como introduce <span id=\"result_box\" class=\"short_text\" lang=\"es\">inexactitud<\/span> y no concreci\u00f3n para crear imagen l\u00f3gicamente <span id=\"result_box\" class=\"\" lang=\"es\">correcta<\/span> del <span id=\"result_box\" class=\"short_text\" lang=\"es\">significado<\/span>\u00a0 del tema de<em> la masa y energia,<\/em><span id=\"result_box\" class=\"\" lang=\"es\"> por lo tanto la formulaci\u00f3n correcta, de esta pregunta, procede de la ley de equivalencia de la energ\u00eda y la masa, donde:<\/span><\/span><\/span><\/span><\/p>\n<p><img loading=\"lazy\" decoding=\"async\" class=\"wp-image-1232 aligncenter\" src=\"https:\/\/electromagnetic-universe-by-rozanov.space\/wp-es\/wp-content\/uploads\/2023\/04\/eq-01.jpg\" alt=\"\" width=\"300\" height=\"123\" srcset=\"https:\/\/electromagnetic-universe-by-rozanov.space\/wp-es\/wp-content\/uploads\/2023\/04\/eq-01.jpg 791w, https:\/\/electromagnetic-universe-by-rozanov.space\/wp-es\/wp-content\/uploads\/2023\/04\/eq-01-300x123.jpg 300w, https:\/\/electromagnetic-universe-by-rozanov.space\/wp-es\/wp-content\/uploads\/2023\/04\/eq-01-250x103.jpg 250w, https:\/\/electromagnetic-universe-by-rozanov.space\/wp-es\/wp-content\/uploads\/2023\/04\/eq-01-150x62.jpg 150w\" sizes=\"auto, (max-width: 300px) 100vw, 300px\" \/><\/p>\n<p style=\"text-align: left;\"><span style=\"font-family: times\\ new\\ roman, times, serif; font-size: 20px;\"><em>( <span id=\"result_box\" class=\"\" lang=\"es\"><span class=\"\">equivalencia (c<sup>2<\/sup>) es igual para cuerpos en estado de reposo como en movimiento<\/span><\/span>\u00a0 (m\u21d4 m&#8217;)).<\/em><\/span><\/p>\n<p style=\"text-align: justify;\"><span id=\"result_box\" class=\"\" lang=\"es\" style=\"font-family: 'book antiqua', palatino, serif;\"><span class=\"\" style=\"font-size: 20px;\"><span style=\"font-family: book antiqua, palatino, serif;\"><span style=\"font-size: 20px;\">En este caso la equivalencia indica,<\/span><\/span><span style=\"color: #ff0000;\"> <em><strong>que la energ\u00eda y masa son dos propiedades estrictamente proporcionales a la magnitud del valor &#8211;\u00a0 \u0421<sup>2<\/sup>\u00a0 <\/strong><\/em><\/span><span style=\"font-family: book antiqua, palatino, serif;\"><span style=\"font-size: 20px;\">y teniendo en cuenta las cuatro propiedades b\u00e1sicas, <\/span><\/span>de las dos part\u00edculas elementales,<span style=\"font-family: book antiqua, palatino, serif;\"><span style=\"font-size: 20px;\"> la \u00fanica formulaci\u00f3n cierta, de la pregunta, como consecuencia l\u00f3gica, es: <\/span><\/span><em><span style=\"color: #ff0000;\"><span style=\"color: #ff0000; font-family: book antiqua, palatino, serif;\"><span style=\"font-size: 20px;\">\u00bfCu\u00e1l\u00a0es el mecanismo, que obliga al prot\u00f3n y al electr\u00f3n, crear su propia masa en reposo?<\/span><\/span><\/span> <\/em><\/span><\/span><\/p>\n<p style=\"text-align: justify;\"><span style=\"font-family: 'book antiqua', palatino, serif;\"><span class=\"\" lang=\"es\" style=\"font-size: 20px;\"><span title=\"\u0412 \u0440\u0430\u0431\u043e\u0442\u0435 \u041d.\u041d.\"><span style=\"font-family: book antiqua, palatino, serif;\"><span style=\"font-size: 20px;\">En la obra del ingeniero <span style=\"font-family: 'book antiqua', palatino, serif; font-size: 20px;\"><strong><em><a href=\"http:\/\/electromagnetic-universe-by-rozanov.space\/U_E_de_R\/?page_id=3\" target=\"_blank\" rel=\"noopener\">Nicol\u00e1y Nikolaevich Roz\u00e1nov<\/a><\/em><\/strong><\/span><\/span><\/span><span style=\"font-family: book antiqua, palatino, serif;\"><span style=\"font-size: 20px;\">: <\/span><\/span><a style=\"font-family: 'book antiqua', palatino, serif; font-size: 20px;\" href=\"http:\/\/electromagnetic-universe-by-rozanov.space\/U_E_de_R\/?page_id=6\" target=\"_blank\" rel=\"noopener noreferrer\"><em><strong>\u00abModelo semicl\u00e1sico del Universo electromagn\u00e9tico y la teor\u00eda del campo unificado\u00bb<\/strong><\/em><\/a><span style=\"font-family: book antiqua, palatino, serif;\"><span style=\"font-size: 20px;\">, hay algunas contradicciones, en la l\u00f3gica de los argumentos presentados, sino toda la l\u00ednea de pensamiento, en general, permite crear un enfoque m\u00e1s racionalmente hermoso de explicaciones de los fen\u00f3menos de la naturaleza, que aquellos que existen en este momento. <\/span><\/span><\/span><\/span><\/span><span id=\"result_box\" class=\"\" lang=\"es\"> <\/span><\/p>\n<p style=\"text-align: justify;\"><span id=\"result_box\" class=\"\" lang=\"es\" style=\"font-family: 'book antiqua', palatino, serif; font-size: 20px;\"><span class=\"\">Ahora, brevemente a aquellas personas que no tienen la oportunidad de tener una idea correcta de c\u00f3mo se organiza el mundo f\u00edsico real y por qu\u00e9 es tan importante, para todos, conocer los principios b\u00e1sicos de la f\u00edsica.<\/span><\/span><\/p>\n<ul>\n<li><span id=\"result_box\" class=\"\" lang=\"es\" style=\"font-family: 'book antiqua', palatino, serif; font-size: 20px;\"><span class=\"\">El sistema de educaci\u00f3n, es uno de los tres fundamentos\u00a0 del estado, donde el nivel cultural, de las relaciones sociales depende del nivel promedio de la calidad educativa<span id=\"result_box\" class=\"\" lang=\"es\"><\/span>.<\/span><\/span><\/li>\n<li style=\"text-align: justify;\"><span id=\"result_box\" class=\"\" lang=\"es\" style=\"font-family: 'book antiqua', palatino, serif; font-size: 20px;\"><span class=\"\">El sistema moderno de educaci\u00f3n, debe ense\u00f1ar a una persona\u00a0 pensar causalmente, pero lo que tenemos es la introducci\u00f3n, en la mente, de diferentes teor\u00edas\u00a0 contradictorias, que crean un conocimiento humano parecido a una ensalada de las frases memorizadas, es decir &#8211; <strong><em>pensamiento primitivo.<\/em><\/strong><\/span><\/span><\/li>\n<li style=\"text-align: justify;\"><span id=\"result_box\" class=\"\" lang=\"es\" style=\"font-family: 'book antiqua', palatino, serif; font-size: 20px;\"><span class=\"\">En la realidad, las respuestas a todas las preguntas est\u00e1n en un rango de conocimiento muy accesible, pero alguien no quiere que se forme una sociedad realmente alfabetizada.<\/span><\/span><\/li>\n<\/ul>\n<p style=\"text-align: justify;\"><span id=\"result_box\" class=\"short_text\" lang=\"es\" style=\"font-family: 'book antiqua', palatino, serif; font-size: 20px;\"><span class=\"\"><strong><em>Tesis principal de la obra de los Roz\u00e1nov<\/em><\/strong>, <em>es el hecho de que las cuatro propiedades de las part\u00edculas elementales, de las cuales est\u00e1n compuestos los objetos f\u00edsicos, son la causa de todos los fen\u00f3menos estudiados y observados, de la Naturaleza, en los Micro, Mega y Macro mundos.<\/em><\/span><\/span><span id=\"result_box\" class=\"\" lang=\"es\"><\/span><\/p>\n<p><a href=\"http:\/\/electromagnetic-universe-by-rozanov.ru\/wp-es\/1-2\/fisical-progreso-tecnologico\/\" target=\"_blank\" rel=\"noopener noreferrer\"><em><strong><span style=\"font-family: book\\ antiqua, palatino, serif; font-size: 24px;\"><span style=\"font-family: times new roman, times, serif;\">Siguiente articulo &gt;&gt;&gt;<\/span><\/span><\/strong><\/em><\/a><\/p>\n<hr \/>\n<ul>\n<li style=\"text-align: justify;\"><span style=\"color: #ff0000; font-size: 20px; font-family: 'book antiqua', palatino, serif;\"><em>Dejar el comentario &#8211; no hace falta registro.<\/em><\/span><\/li>\n<li style=\"text-align: justify;\"><span style=\"font-size: 14pt; font-family: times new roman, times, serif; color: #ff0000;\"><em><span style=\"color: #ff0000; font-family: times new roman, times, serif;\"><span style=\"font-size: 14pt;\">Para <\/span><\/span><span class=\"st\" style=\"color: #ff0000; font-family: 'times new roman', times, serif; font-size: 14pt;\">insertar<\/span><span style=\"color: #ff0000; font-family: times new roman, times, serif;\"><span style=\"font-size: 14pt;\"> la ecuaci\u00f3n en los <\/span><span style=\"font-size: 18.6667px;\">comentarios<\/span><span style=\"font-size: 14pt;\">&#8211; utilizar el sistema \u00ab<\/span><\/span><a style=\"color: #ff0000;\" href=\"https:\/\/www.codecogs.com\/latex\/eqneditor.php\" target=\"_blank\" rel=\"noopener\">LATEX<\/a><span style=\"color: #ff0000; font-family: times new roman, times, serif;\"><span style=\"font-size: 14pt;\">\u00ab. La f\u00f3rmula se abre con la palabra &#8211; <\/span><\/span><span style=\"font-size: 24px;\"><span style=\"font-family: book antiqua, palatino, serif;\">katex <\/span><\/span><span style=\"font-size: 24px;\"><span style=\"font-family: book antiqua, palatino, serif;\">[entre]<\/span><\/span><span style=\"color: #ff0000; font-family: times new roman, times, serif;\"><span style=\"font-size: 14pt;\"> y se cierra &#8211; <\/span><\/span><span style=\"font-size: 24px;\"><span style=\"font-family: book antiqua, palatino, serif;\">katex<\/span><\/span> <span style=\"font-size: 24px;\"><span style=\"font-family: book antiqua, palatino, serif;\">[\/entre]<\/span><\/span> <span style=\"color: #ff0000; font-family: times new roman, times, serif;\"><span style=\"font-size: 14pt;\">, la ecuaci\u00f3n se escribe sin brecha entre los n\u00fameros y los signos.<\/span><\/span><\/em><\/span><\/li>\n<li style=\"text-align: justify;\"><span style=\"color: #ff0000; font-size: 20px; font-family: 'book antiqua', palatino, serif;\"><em>Comentarios con enlaces &#8211; entraran en el correo no deseado, para verificar el contenido.<\/em><\/span><\/li>\n<\/ul>\n","protected":false},"excerpt":{"rendered":"<p>998 &#8211; Visitantes\u00a0 \u00a0\u00a0 Las traducciones de los t\u00edtulos, de los art\u00edculos, de los libros, de las citaciones y declaraciones de los\u00a0cient\u00edficos &#8211; posiblemente\u00a0\u00a0no coinciden letra a letra\u00a0con las traducciones oficiales, si tal existieran. El Autor &#8211; Oleg N. Rozanov \u00a9 \u00a005\/09\/2016 Los art\u00edculos y videos, publicados en este blog,\u2026 <a class=\"continue-reading-link\" href=\"https:\/\/electromagnetic-universe-by-rozanov.space\/wp-es\/1-2\/\">Continuar<\/a><\/p>\n","protected":false},"author":1,"featured_media":0,"parent":0,"menu_order":0,"comment_status":"open","ping_status":"closed","template":"","meta":{"iawp_total_views":1,"footnotes":""},"class_list":["post-2","page","type-page","status-publish","hentry"],"_links":{"self":[{"href":"https:\/\/electromagnetic-universe-by-rozanov.space\/wp-es\/wp-json\/wp\/v2\/pages\/2","targetHints":{"allow":["GET"]}}],"collection":[{"href":"https:\/\/electromagnetic-universe-by-rozanov.space\/wp-es\/wp-json\/wp\/v2\/pages"}],"about":[{"href":"https:\/\/electromagnetic-universe-by-rozanov.space\/wp-es\/wp-json\/wp\/v2\/types\/page"}],"author":[{"embeddable":true,"href":"https:\/\/electromagnetic-universe-by-rozanov.space\/wp-es\/wp-json\/wp\/v2\/users\/1"}],"replies":[{"embeddable":true,"href":"https:\/\/electromagnetic-universe-by-rozanov.space\/wp-es\/wp-json\/wp\/v2\/comments?post=2"}],"version-history":[{"count":0,"href":"https:\/\/electromagnetic-universe-by-rozanov.space\/wp-es\/wp-json\/wp\/v2\/pages\/2\/revisions"}],"wp:attachment":[{"href":"https:\/\/electromagnetic-universe-by-rozanov.space\/wp-es\/wp-json\/wp\/v2\/media?parent=2"}],"curies":[{"name":"wp","href":"https:\/\/api.w.org\/{rel}","templated":true}]}}