{"id":903,"date":"2019-01-09T16:07:45","date_gmt":"2019-01-09T13:07:45","guid":{"rendered":"https:\/\/electromagnetic-universe-by-rozanov.ru\/wp-es\/?page_id=903"},"modified":"2023-04-18T14:28:37","modified_gmt":"2023-04-18T11:28:37","slug":"calculos-de-los-parametros-de-los-hadrones-y-leptones","status":"publish","type":"page","link":"https:\/\/electromagnetic-universe-by-rozanov.space\/wp-es\/micromundo\/calculos-de-los-parametros-de-los-hadrones-y-leptones\/","title":{"rendered":"C\u00e1lculos de los par\u00e1metros de los hadrones y leptones con el metodo de una progresi\u00f3n geom\u00e9trica"},"content":{"rendered":"<div class='epvc-post-count'><span class='epvc-eye'><\/span>  <span class=\"epvc-count\"> 943<\/span><span class='epvc-label'> - Visitantes<\/span><\/div><p style=\"text-align: right;\"><img loading=\"lazy\" decoding=\"async\" class=\"alignnone size-full wp-image-747\" src=\"https:\/\/electromagnetic-universe-by-rozanov.space\/wp-es\/wp-content\/uploads\/2016\/04\/flag-rus-100-50.jpg\" alt=\"\" width=\"100\" height=\"50\" \/><span style=\"font-size: 8px;\">\u00a0 \u00a0<\/span><img loading=\"lazy\" decoding=\"async\" class=\"alignnone size-full wp-image-746\" src=\"https:\/\/electromagnetic-universe-by-rozanov.space\/wp-es\/wp-content\/uploads\/2016\/04\/flag-eng-100-50.jpg\" alt=\"\" width=\"100\" height=\"50\" \/><\/p>\n<p style=\"text-align: justify;\"><span style=\"font-family: 'book antiqua', palatino, serif;\"><em><span style=\"color: #ff0000; font-size: 20px;\">Las traducciones de los t\u00edtulos, de los art\u00edculos, de los libros, de las citaciones y declaraciones de los\u00a0cient\u00edficos &#8211; posiblemente\u00a0\u00a0no coinciden letra a letra\u00a0con las traducciones oficiales, si tal existieran.<\/span><\/em><\/span><\/p>\n<p style=\"text-align: right;\"><span style=\"font-family: times new roman, times, serif; font-size: 24px;\"><em><strong>\u00a9 <span id=\"timestamp\"><b>14.06.2018<\/b><\/span><\/strong><\/em><\/span><\/p>\n<p><span style=\"font-family: 'book antiqua', palatino, serif;\"><em><a href=\"http:\/\/electromagnetic-universe-by-rozanov.space\/U_E_de_R\/?page_id=3\" target=\"_blank\" rel=\"noopener noreferrer\"><strong><span style=\"font-size: 24px;\">El Autor &#8211; Oleg Nicolaevich Roz\u00e1nov<\/span><\/strong><\/a><\/em><\/span><\/p>\n<blockquote>\n<p style=\"padding-left: 90px; text-align: justify;\"><span style=\"font-family: times new roman, times, serif; font-size: 20px;\"><em>En el caso de una colisi\u00f3n inel\u00e1stica entre los rayos gamma, esas part\u00edculas se desintegran a los taquiones y bradiones, que representan una espiral de bucle cerrado y formando el centro de rotaci\u00f3n, creando as\u00ed su propio sistema de referencia y as\u00ed es como <span id=\"result_box\" class=\"\" lang=\"es\"><span class=\"\">adquieren<\/span><\/span> la masa en reposo &#8211; los hadrones y leptones (tesis p.12).<\/em><\/span><\/p>\n<\/blockquote>\n<p style=\"padding-left: 60px; text-align: right;\"><span style=\"font-family: 'book antiqua', palatino, serif;\"><a href=\"http:\/\/electromagnetic-universe-by-rozanov.space\/U_E_de_R\/?page_id=3\" target=\"_blank\" rel=\"noopener noreferrer\"><em><strong><span style=\"font-size: 20px;\"><span style=\"font-size: 24px;\">Nicolay Nicolaevich Roz\u00e1nov<\/span><\/span><\/strong><\/em><\/a><\/span><\/p>\n<p style=\"text-align: justify;\"><span style=\"font-family: book antiqua, palatino, serif; font-size: 20px;\">Los par\u00e1metros de los hadrones y leptones, calculados en el articulo <em><a href=\"https:\/\/electromagnetic-universe-by-rozanov.ru\/wp-es\/micromundo\/los-parametros-del-proton-y-electron\/\" target=\"_blank\" rel=\"noopener\">\u00ab<\/a><\/em><\/span><span style=\"font-family: 'book antiqua', palatino, serif; font-size: 20px;\"><em>C\u00e1lculo de los par\u00e1metros del proton y electr\u00f3n\u00bb (El Autor \u2013 Oleg Nicolaevich Roz\u00e1nov), <\/em>no pueden considerarse suficientemente razonables, porque contradicen con la ley de equivalencia de la energ\u00eda y masa compuesta en el cuerpo f\u00edsico:<\/span><\/p>\n<p><img loading=\"lazy\" decoding=\"async\" class=\"wp-image-1232 aligncenter\" src=\"https:\/\/electromagnetic-universe-by-rozanov.space\/wp-es\/wp-content\/uploads\/2023\/04\/eq-01.jpg\" alt=\"\" width=\"300\" height=\"123\" srcset=\"https:\/\/electromagnetic-universe-by-rozanov.space\/wp-es\/wp-content\/uploads\/2023\/04\/eq-01.jpg 791w, https:\/\/electromagnetic-universe-by-rozanov.space\/wp-es\/wp-content\/uploads\/2023\/04\/eq-01-300x123.jpg 300w, https:\/\/electromagnetic-universe-by-rozanov.space\/wp-es\/wp-content\/uploads\/2023\/04\/eq-01-250x103.jpg 250w, https:\/\/electromagnetic-universe-by-rozanov.space\/wp-es\/wp-content\/uploads\/2023\/04\/eq-01-150x62.jpg 150w\" sizes=\"auto, (max-width: 300px) 100vw, 300px\" \/><\/p>\n<p style=\"text-align: left;\">\n<ul>\n<li style=\"text-align: left;\"><em><strong><span style=\"font-family: book antiqua, palatino, serif; font-size: 20px;\"><span class=\"tlid-translation translation\"><span class=\"\" title=\"\">La estructura de los hadrones y leptones &#8211; es la misma.<\/span><\/span><\/span><\/strong><\/em><\/li>\n<\/ul>\n<p style=\"text-align: justify;\"><span style=\"font-family: 'book antiqua', palatino, serif; font-size: 20px;\">Las masas en reposo de los <span class=\"katex-eq\" data-katex-display=\"false\">\\left(\\overset{\\pm}{p}\\right )<\/span> y <span class=\"katex-eq\" data-katex-display=\"false\">\\left(\\overset{\\mp}{e}\\right)<\/span>, las energ\u00edas de los mismos &#8211; son los valores fundamentales <em>(las constantes f\u00edsicas)<\/em> y\u00a0 hay que tener en cuenta que la masa y energ\u00eda correspondiente al prot\u00f3n en \u223c1836 veces mayor de la masa y energ\u00eda correspondiente al electr\u00f3n, es decir: \u00a0<\/span><\/p>\n<p style=\"text-align: center;\"><span style=\"font-family: 'book antiqua', palatino, serif; font-size: 20px;\" title=\"\"><em>La energ\u00eda o masa<\/em><span class=\"katex-eq\" data-katex-display=\"false\">\\left (\\overset{\\pm}{p}\\right )<\/span> \/ <em>La energ\u00eda o masa<\/em><span class=\"katex-eq\" data-katex-display=\"false\">\\left (\\overset{\\mp}{e}\\right)<\/span> \u2248 1836 veces,<\/span><span class=\"tlid-translation translation\"><span class=\"\" title=\"\"><br \/>\n<\/span><\/span><\/p>\n<p style=\"text-align: justify;\"><span style=\"font-family: 'book antiqua', palatino, serif; font-size: 20px;\">Pero los c\u00e1lculos, para averiguar las dimensiones, de las part\u00edculas elementales <span class=\"katex-eq\" data-katex-display=\"false\">\\left(\\overset{\\pm}{p}\\right )<\/span> y <span class=\"katex-eq\" data-katex-display=\"false\">\\left(\\overset{\\mp}{e}\\right)<\/span>, indica la proporci\u00f3n inversa, es decir: \u00a0<\/span><\/p>\n<p style=\"text-align: center;\"><span style=\"font-family: 'book antiqua', palatino, serif; font-size: 20px;\"><em>La Energ\u00eda o masa<\/em><span class=\"katex-eq\" data-katex-display=\"false\"> \\left (\\overset{\\pm}{p}\\right )<\/span><span style=\"font-size: 24px;\"><strong> &gt;<\/strong><\/span> <em>La Energ\u00eda o masa<\/em><span class=\"katex-eq\" data-katex-display=\"false\"> \\left (\\overset{\\mp}{e}\\right)<\/span>,<\/span><\/p>\n<p style=\"text-align: center;\"><span style=\"font-family: 'book antiqua', palatino, serif; font-size: 20px;\"><em>La dimensi\u00f3n del<\/em> <span class=\"katex-eq\" data-katex-display=\"false\">\\left (\\overset{\\pm}{p}\\right )<\/span> <strong><span style=\"font-size: 24px;\">&lt;<\/span> <\/strong><em>La dimensi\u00f3n del<\/em> <span class=\"katex-eq\" data-katex-display=\"false\">\\left (\\overset{\\mp}{e}\\right)<\/span>,<\/span><\/p>\n<p><span style=\"font-family: 'book antiqua', palatino, serif; font-size: 20px;\">y la magnitud de la diferencia es en 1836 veses:<\/span><\/p>\n<p style=\"text-align: center;\"><span style=\"font-family: 'book antiqua', palatino, serif; font-size: 20px;\"><em>La dimensi\u00f3n del<\/em> <span class=\"katex-eq\" data-katex-display=\"false\">\\left (\\overset{\\mp}{e}\\right )<\/span> <span style=\"font-size: 36px;\"><strong>\/<\/strong><\/span> <em>La dimensi\u00f3n del<\/em> <span class=\"katex-eq\" data-katex-display=\"false\">\\left (\\overset{\\pm}{p}\\right)<\/span> \u2248 1836 veces.<\/span><\/p>\n<p style=\"text-align: right;\"><span style=\"font-family: book antiqua, palatino, serif; font-size: 20px;\"><span style=\"font-family: book antiqua, palatino, serif; font-size: 20px;\"><em>(<span style=\"font-family: times new roman, times, serif;\">\u00ab<\/span><\/em><\/span><\/span><em><span style=\"font-family: times new roman, times, serif; font-size: 20px;\"><a href=\"https:\/\/electromagnetic-universe-by-rozanov.ru\/wp-es\/micromundo\/los-parametros-del-proton-y-electron\/\" target=\"_blank\" rel=\"noopener noreferrer\">C\u00e1lculo de los par\u00e1metros del proton y electr\u00f3n<\/a>\u00ab<\/span><\/em><span style=\"font-family: book antiqua, palatino, serif; font-size: 20px;\"><em>).<\/em><\/span><\/p>\n<p style=\"text-align: justify;\"><span style=\"font-family: 'book antiqua', palatino, serif; font-size: 20px;\">A esto hay que a\u00f1adir que las publicaciones se han vuelto m\u00e1s frecuentes, en diversas fuentes, que supuestamente se estableci\u00f3 experimentalmente que las dimensiones de un electr\u00f3n son mayores que las dimensiones de un prot\u00f3n !!! Estas afirmaciones indican que el ruido se crea no a partir de la f\u00edsica experimental, sino a partir de c\u00e1lculos te\u00f3ricos, donde se utiliza la \u00abconstante de Planck\u00bb para los c\u00e1lculos, raz\u00f3n por la cual, supuestamente, encontraron una \u00abrealidad sorprendente\u00bb que hace es posible hacer una paradoja de un error.<\/span><\/p>\n<p style=\"text-align: justify;\"><span style=\"font-family: book antiqua, palatino, serif; font-size: 20px;\"><span class=\"tlid-translation translation\"><span class=\"\" title=\"\">Un algoritmo m\u00e1s preciso y simple, para calcular los par\u00e1metros de los hadrones y leptones, se basa en una regularidad de dependencia inversamente proporcional de la longitud de circunferencia <em>(o del radio de la circunferencia)<\/em> y de la frecuencia de rotaci\u00f3n <em>(en este caso, la onda que se forma una circunferencia cuya estructura est\u00e1 en giro con una velocidad lineal constante de la luz).<\/em><\/span><\/span><\/span><\/p>\n<p style=\"text-align: justify;\"><span style=\"font-family: 'book antiqua', palatino, serif; font-size: 20px;\">Entonces, supongamos que la longitud de onda es igual a la distancia de la velocidad de la luz por segundo <em>(2.99792458 \u00d7 10<sup>8<\/sup>(m))<\/em>. En consecuencia, para que no haya ruptura ni superposici\u00f3n, cerr\u00e1ndose en un c\u00edrculo, la estructura o su punto debe completar exactamente una revoluci\u00f3n por segundo, media onda &#8211; dos revoluciones, un cuarto de onda &#8211; cuatro revoluciones, 1\/8 de una onda &#8211; ocho revoluciones, 1\/16 ondas &#8211; 16 vueltas, 1\/32 &#8211; 32 vueltas, etc.<em> (1, 2, 4, 8, 16, 32, 64, 128, etc. &#8211; una progresi\u00f3n geom\u00e9trica).<\/em> Para determinar la frecuencia de rotaci\u00f3n de los electrones, es necesario tener en cuenta la equivalencia de todos los par\u00e1metros como la masa, la energ\u00eda, as\u00ed como la dimensi\u00f3n de los hadrones y los leptones, donde los valores de los protones son \u223c 1836 veces m\u00e1s altos que los par\u00e1metros de los electrones.<\/span><\/p>\n<p><span style=\"font-family: book antiqua, palatino, serif; font-size: 20px;\">Veamos una serie de los valores correspondientes de las <em><strong>rps<\/strong><\/em>, empezando desde la longitud m\u00e1xima de la onda, que disminuye con una progresi\u00f3n geom\u00e9trica, gir\u00e1ndose con una velocidad lineal constate <em>(de la luz)<\/em>:<\/span><\/p>\n<p>2 &#8211; 4 -8 &#8211; 16 &#8211; 32 &#8211; 64 &#8211; 128 &#8211; 256 &#8211; 512 &#8211; 1024 &#8211; 2048 &#8211; 4096 &#8211; 8192 &#8211; 16384 &#8211; 32768 &#8211; 65536 &#8211; 131072 &#8211; 262144 &#8211; 524288 &#8211; 1048576 &#8211; 2097152 &#8211; 4194304 &#8211; 8388608 &#8211; 16777216 &#8211; 33554432 &#8211; 67108864 &#8211; 134217728 &#8211; 268435456 &#8211; 536870912 &#8211; 1073741824 &#8211; 2147483648 &#8211; 4294967296 &#8211; 8589934592 &#8211; 17179869184 &#8211; 34359738368 &#8211; 68719476736 &#8211; 137438953472 &#8211; 274877906944 &#8211; 549755813888 &#8211; 1099511627776 &#8211; 2199023255552 &#8211; 4398046511104 &#8211; 8796093022208 &#8211; 17592186044416 &#8211; 35184372088832 &#8211; 70368744177664 &#8211; 140737488355328 &#8211; 281474976710656 &#8211; 562949953421312 &#8211; 1125899906842624 &#8211; 2251799813685248 &#8211; 4503599627370496 &#8211; 9007199254740992 &#8211; 18014398509481984 &#8211; 36028797018963968 &#8211; 72057594037927936 &#8211; 144115188075855872 &#8211; 288230376151711744 &#8211; 576460752303423488 &#8211; 1152921504606846976 &#8211; 2305843009213693952 &#8211; 4611686018427387904 &#8211; 9223372036854775808 &#8211; 18446744073709551616 &#8211; 36893488147419103232 &#8211; 73786976294838206464 &#8211; 147573952589676412928 &#8211; 295147905179352825856 &#8211; 590295810358705651712 &#8211; 1180591620717411303424 &#8211; 2361183241434822606848 &#8211; 4722366482869645213696 &#8211; 9444732965739290427392 &#8211; 18889465931478580854784 &#8211; 37778931862957161709568 &#8211; 75557863725914323419136 &#8211; 151115727451828646838272 &#8211; 302231454903657293676544 &#8211; 604462909807314587353088 &#8211; <span style=\"color: #008000;\"><span style=\"color: #000000;\">1208925819614629174706176 &#8211; 2417851639229258349412352 &#8211; 4835703278458516698824704 &#8211; 9671406556917033397649408 &#8211;<\/span> <span style=\"color: #ff0000;\">19342813113834066795298816<\/span> &#8211; 38685626227668133590597632 &#8211; 77371252455336267181195264 &#8211; 154742504910672534362390528 &#8211; 309485009821345068724781056 &#8211; 618970019642690137449562112 &#8211; 1237940039285380274899124224 &#8211; 2475880078570760549798248448 &#8211; 4951760157141521099596496896 &#8211; 9903520314283042199192993792 &#8211; 19807040628566084398385987584 &#8211; <span style=\"color: #ff0000;\">39614081257132168796771975168<\/span> &#8211; 79228162514264337593543950336 &#8211; 158456325028528675187087900672 &#8211; \u221e<br \/>\n<\/span><\/p>\n<p><span style=\"font-family: 'book antiqua', palatino, serif; font-size: 20px;\">Por lo tanto, teniendo en cuenta las distancias nucleares (<em>10<sup>-16<\/sup><sub>(m)<\/sub><\/em>), la longitud de la onda correspondiente, para los <span class=\"katex-eq\" data-katex-display=\"false\">\\left (\\overset{\\pm}{p}\\right )<\/span>, tiene que ser menos de la distancia <span style=\"font-family: book antiqua, palatino, serif; font-size: 20px;\">subnuclear <\/span>indicada desde (<em>10<sup>-16<\/sup><sub>(m)<\/sub><\/em>) y la primera variaci\u00f3n corresponde a las <em>r.p.s.:<\/em><\/span><\/p>\n<p style=\"text-align: center;\"><span style=\"color: #008000;\"><span style=\"color: #ff0000;\"><span style=\"font-family: 'book antiqua', palatino, serif; font-size: 20px; color: #000000;\">19342813113834066795298816 = 1,9342813113834066795298816 \u00d7 10<sup>25<\/sup>,<\/span><\/span><\/span><\/p>\n<p><span style=\"font-family: book antiqua, palatino, serif; font-size: 20px;\"><span class=\"tlid-translation translation\"><span title=\"\">Por lo tanto,<\/span> <span class=\"\" title=\"\">la longitud de la onda es<\/span><\/span>:<\/span><\/p>\n<p style=\"text-align: center;\"><span style=\"font-family: 'book antiqua', palatino, serif; font-size: 24px; color: #000000;\"><em><span style=\"font-size: 48px;\"><span style=\"font-size: 24px;\"><span class=\"katex-eq\" data-katex-display=\"false\">L_{\\left(\\overset{\\mp}{p}\\right)}<\/span><\/span><\/span><\/em>\u00a0<strong>= <\/strong><span style=\"font-size: 28px; font-family: georgia, palatino, serif;\"><em>C <\/em><\/span><span style=\"font-size: 36px;\"><strong>\/<\/strong><em><span style=\"font-size: 48px;\">\u03bd<\/span><\/em><\/span>;<\/span><\/p>\n<p style=\"text-align: center;\"><span style=\"font-family: 'book antiqua', palatino, serif; font-size: 24px; color: #000000;\">2,9979\u00d710<sup>8<\/sup><span style=\"font-family: georgia, palatino, serif; font-size: 36px;\"><strong>\/<\/strong><span style=\"font-family: 'book antiqua', palatino, serif; font-size: 24px;\"><span style=\"font-family: 'book antiqua', palatino, serif;\">1,9342813113834066795298816 \u00d7 10<sup>25<\/sup><\/span><\/span><\/span><\/span><\/p>\n<p style=\"text-align: center;\"><span style=\"font-size: 24px; font-family: 'book antiqua', palatino, serif; color: #000000;\"><strong>=<\/strong> 1,5498906815451113874482777857389 \u00d710<sup>-17<\/sup><em><sub>(m)<\/sub><\/em><\/span><\/p>\n<p><span style=\"font-family: book antiqua, palatino, serif; font-size: 20px;\">entonces:<\/span><\/p>\n<p style=\"text-align: center;\"><span style=\"font-family: 'book antiqua', palatino, serif; font-size: 24px; color: #000000;\"><span style=\"font-family: 'book antiqua', palatino, serif; font-size: 48px;\"><em>r<\/em><\/span><strong><span style=\"font-family: book antiqua, palatino, serif; font-size: 24px;\"> = <\/span><\/strong><span class=\"katex-eq\" data-katex-display=\"false\">\\lambda_{\\left(\\overset{\\mp}{p}\\right)}<\/span> <strong><span style=\"font-size: 36px;\">\/ <\/span><\/strong>2<strong><em>\u03c0;<\/em><\/strong><\/span><\/p>\n<p style=\"text-align: center;\"><span style=\"font-size: 24px; font-family: 'book antiqua', palatino, serif; color: #000000;\">1,54989 \u00d710<sup>-17<\/sup><em><sub>(m) <\/sub><\/em><span style=\"font-family: 'book antiqua', palatino, serif;\"><span style=\"font-size: 36px;\"><strong>\/ <\/strong><\/span>6,2831 <strong>=<\/strong><\/span><\/span><\/p>\n<p style=\"text-align: center;\"><span style=\"font-size: 24px; font-family: 'book antiqua', palatino, serif; color: #000000;\">2,466727632199710981\u00d710<sup>-18<\/sup> <em><sub>(m)<\/sub>.<\/em><\/span><\/p>\n<p><span style=\"font-family: 'book antiqua', palatino, serif; font-size: 20px;\"><span title=\"\">Para los leptones<\/span> <span class=\"katex-eq\" data-katex-display=\"false\">\\left (\\overset{\\mp}{e}\\right)<\/span>, dado que dimensiones son menos de los hadrones <span class=\"katex-eq\" data-katex-display=\"false\">\\left (\\overset{\\pm}{p}\\right )<\/span> en 1836 veces, <span title=\"\">por lo tanto, velocidad de rotaci\u00f3n es<\/span> <em>(\u03bd)<\/em>:<\/span><\/p>\n<p style=\"text-align: center;\"><span style=\"font-size: 24px; font-family: 'book antiqua', palatino, serif; color: #000000;\">39614081257132168796771975168 = 3,9614 \u00d7 10<sup>28<\/sup><\/span><\/p>\n<p><span style=\"font-family: book antiqua, palatino, serif; font-size: 20px;\"><span class=\"tlid-translation translation\"><span title=\"\">es decir,<\/span> <span class=\"\" title=\"\">la longitud de onda es igual<\/span><\/span>:<\/span><\/p>\n<p style=\"text-align: center;\"><span style=\"font-family: 'book antiqua', palatino, serif; font-size: 24px; color: #000000;\"><em><span style=\"font-size: 48px;\"><span style=\"font-size: 24px;\"><span class=\"katex-eq\" data-katex-display=\"false\">L_{\\left(\\overset{\\pm}{e}\\right)}<\/span><\/span><\/span><\/em>\u00a0<strong>= <\/strong><span style=\"font-size: 28px; font-family: georgia, palatino, serif;\"><em>C <\/em><\/span><span style=\"font-size: 36px;\"><strong>\/<\/strong><em><span style=\"font-size: 48px;\">\u03bd<\/span><\/em><\/span>;<\/span><\/p>\n<p style=\"text-align: center;\"><span style=\"font-family: 'book antiqua', palatino, serif; font-size: 24px; color: #000000;\">2,9979\u00d710<sup>8<\/sup><span style=\"font-family: georgia, palatino, serif; font-size: 36px;\"><strong>\/<\/strong><span style=\"font-size: 24px; font-family: book antiqua, palatino, serif;\">3,9614 \u00d7 10<sup>28<\/sup> <strong>=<\/strong><\/span><\/span><\/span><\/p>\n<p style=\"text-align: center;\"><span style=\"font-family: 'book antiqua', palatino, serif; font-size: 24px; color: #000000;\"><strong>=<\/strong> 7,5678255934819891965247938756781\u00d710<sup>-21<\/sup><sub><em>(\u043c)<\/em><\/sub><\/span><\/p>\n<p><span style=\"font-family: book antiqua, palatino, serif; font-size: 20px;\">entonces:<\/span><\/p>\n<p style=\"text-align: center;\"><span style=\"font-family: 'book antiqua', palatino, serif; font-size: 24px; color: #000000;\"><span style=\"font-family: 'book antiqua', palatino, serif; font-size: 48px;\"><em>r<\/em><\/span><strong><span style=\"font-family: book antiqua, palatino, serif; font-size: 24px;\"> = <\/span><\/strong><span class=\"katex-eq\" data-katex-display=\"false\">\\lambda_{\\left(\\overset{\\pm}{e}\\right)}<\/span> <strong><span style=\"font-size: 36px;\">\/ <\/span><\/strong>2<strong><em>\u03c0;<\/em><\/strong><\/span><\/p>\n<p style=\"text-align: center;\"><span style=\"color: #000000;\"><span style=\"font-family: book antiqua, palatino, serif; font-size: 24px;\">7,5678\u00d710<sup>-21<\/sup><sub><em>(m)<\/em><\/sub><\/span><sup>\u00a0<\/sup><strong><span style=\"font-family: 'book antiqua', palatino, serif; font-size: 36px;\">\/ <\/span><\/strong><span style=\"font-family: 'book antiqua', palatino, serif; font-size: 36px;\"><span style=\"font-size: 24px; font-family: book antiqua, palatino, serif;\"><span style=\"font-family: 'book antiqua', palatino, serif;\">6,2831 <strong>=<\/strong><\/span><\/span><\/span><\/span><\/p>\n<p style=\"text-align: center;\"><span style=\"font-family: 'book antiqua', palatino, serif; font-size: 24px; color: #000000;\"><strong>= <\/strong>1,204456851660015127 \u00d710<sup>-21<\/sup><sub><em>(m).<\/em><\/sub><\/span><\/p>\n<p style=\"text-align: justify;\"><span style=\"font-family: 'book antiqua', palatino, serif; font-size: 20px;\"><span title=\"\">En nuestro caso, la relaci\u00f3n de los radios, longitudes de onda y frecuencias de rotaci\u00f3n entre<\/span> <span class=\"katex-eq\" data-katex-display=\"false\">\\left (\\overset{\\pm}{p}\\right) <\/span>y <span class=\"katex-eq\" data-katex-display=\"false\">\\left (\\overset{\\mp}{e}\\right)<\/span>:<\/span><\/p>\n<p style=\"text-align: center;\"><span style=\"font-size: 32px; font-family: book antiqua, palatino, serif;\"><span style=\"color: #000000; font-size: 24px;\">2,4667276\u00d710<sup>-18<\/sup><strong><span style=\"font-size: 36px;\">\/<\/span><\/strong> 1,20445685\u00d710<sup>-21<\/sup> <strong>\u2248<\/strong>\u00a02048,<\/span><br \/>\n<\/span><\/p>\n<p><span style=\"font-family: times new roman, times, serif; font-size: 20px;\"><span class=\"tlid-translation translation\"><span class=\"\" title=\"\">en lugar de<\/span><\/span> \u223c 1836 veces.<\/span><\/p>\n<hr \/>\n<ul>\n<li style=\"text-align: justify;\"><span style=\"font-family: times new roman, times, serif; font-size: 20px; color: #ff0000;\"><em>Dejar el comentario &#8211; no hace falta registro.<\/em><\/span><\/li>\n<li style=\"text-align: justify;\"><span style=\"font-size: 14pt; font-family: times new roman, times, serif; color: #ff0000;\"><em><span style=\"color: #ff0000; font-family: times new roman, times, serif;\"><span style=\"font-size: 14pt;\">Para <\/span><\/span><span class=\"st\" style=\"color: #ff0000; font-family: 'times new roman', times, serif; font-size: 14pt;\">insertar<\/span><span style=\"color: #ff0000; font-family: times new roman, times, serif;\"><span style=\"font-size: 14pt;\"> la ecuaci\u00f3n en los <\/span><span style=\"font-size: 18.6667px;\">comentarios<\/span><span style=\"font-size: 14pt;\">&#8211; utilizar el sistema \u00ab<\/span><\/span><a style=\"color: #ff0000;\" href=\"https:\/\/www.codecogs.com\/latex\/eqneditor.php\" target=\"_blank\" rel=\"noopener\">LATEX<\/a><span style=\"color: #ff0000; font-family: times new roman, times, serif;\"><span style=\"font-size: 14pt;\">\u00ab. La f\u00f3rmula se abre con la palabra &#8211; <\/span><\/span><span style=\"font-size: 24px;\"><span style=\"font-family: book antiqua, palatino, serif;\">katex <\/span><\/span><span style=\"font-size: 24px;\"><span style=\"font-family: book antiqua, palatino, serif;\">[entre]<\/span><\/span><span style=\"color: #ff0000; font-family: times new roman, times, serif;\"><span style=\"font-size: 14pt;\"> y se cierra &#8211; <\/span><\/span><span style=\"font-size: 24px;\"><span style=\"font-family: book antiqua, palatino, serif;\">katex<\/span><\/span> <span style=\"font-size: 24px;\"><span style=\"font-family: book antiqua, palatino, serif;\">[\/entre]<\/span><\/span> <span style=\"color: #ff0000; font-family: times new roman, times, serif;\"><span style=\"font-size: 14pt;\">, la ecuaci\u00f3n se escribe sin brecha entre los n\u00fameros y los signos.<\/span><\/span><\/em><\/span><\/li>\n<li style=\"text-align: justify;\"><span style=\"font-family: times new roman, times, serif; font-size: 20px; color: #ff0000;\"><em>Comentarios con enlaces &#8211; entraran en el correo no deseado, para verificar el contenido.<\/em><\/span><\/li>\n<\/ul>\n","protected":false},"excerpt":{"rendered":"<p>943 &#8211; Visitantes\u00a0 \u00a0 Las traducciones de los t\u00edtulos, de los art\u00edculos, de los libros, de las citaciones y declaraciones de los\u00a0cient\u00edficos &#8211; posiblemente\u00a0\u00a0no coinciden letra a letra\u00a0con las traducciones oficiales, si tal existieran. \u00a9 14.06.2018 El Autor &#8211; Oleg Nicolaevich Roz\u00e1nov En el caso de una colisi\u00f3n inel\u00e1stica entre\u2026 <a class=\"continue-reading-link\" href=\"https:\/\/electromagnetic-universe-by-rozanov.space\/wp-es\/micromundo\/calculos-de-los-parametros-de-los-hadrones-y-leptones\/\">Continuar<\/a><\/p>\n","protected":false},"author":1,"featured_media":0,"parent":20,"menu_order":0,"comment_status":"open","ping_status":"closed","template":"","meta":{"iawp_total_views":3,"footnotes":""},"class_list":["post-903","page","type-page","status-publish","hentry"],"_links":{"self":[{"href":"https:\/\/electromagnetic-universe-by-rozanov.space\/wp-es\/wp-json\/wp\/v2\/pages\/903","targetHints":{"allow":["GET"]}}],"collection":[{"href":"https:\/\/electromagnetic-universe-by-rozanov.space\/wp-es\/wp-json\/wp\/v2\/pages"}],"about":[{"href":"https:\/\/electromagnetic-universe-by-rozanov.space\/wp-es\/wp-json\/wp\/v2\/types\/page"}],"author":[{"embeddable":true,"href":"https:\/\/electromagnetic-universe-by-rozanov.space\/wp-es\/wp-json\/wp\/v2\/users\/1"}],"replies":[{"embeddable":true,"href":"https:\/\/electromagnetic-universe-by-rozanov.space\/wp-es\/wp-json\/wp\/v2\/comments?post=903"}],"version-history":[{"count":0,"href":"https:\/\/electromagnetic-universe-by-rozanov.space\/wp-es\/wp-json\/wp\/v2\/pages\/903\/revisions"}],"up":[{"embeddable":true,"href":"https:\/\/electromagnetic-universe-by-rozanov.space\/wp-es\/wp-json\/wp\/v2\/pages\/20"}],"wp:attachment":[{"href":"https:\/\/electromagnetic-universe-by-rozanov.space\/wp-es\/wp-json\/wp\/v2\/media?parent=903"}],"curies":[{"name":"wp","href":"https:\/\/api.w.org\/{rel}","templated":true}]}}